{"id":8002,"date":"2019-05-16T00:50:39","date_gmt":"2019-05-16T03:50:39","guid":{"rendered":"https:\/\/www.harrisvilledental.ca\/patient-information\/new-patient-experience\/"},"modified":"2019-08-01T21:12:32","modified_gmt":"2019-08-02T00:12:32","slug":"lexperience-du-nouveau-patient","status":"publish","type":"page","link":"https:\/\/www.harrisvilledental.ca\/fr\/lexperience-du-nouveau-patient\/lexperience-du-nouveau-patient\/","title":{"rendered":"L\u2019exp\u00e9rience du nouveau patient"},"content":{"rendered":"<div class=\"fusion-fullwidth fullwidth-box fusion-builder-row-1 nonhundred-percent-fullwidth non-hundred-percent-height-scrolling\" style=\"--awb-background-position:left top;--awb-border-radius-top-left:0px;--awb-border-radius-top-right:0px;--awb-border-radius-bottom-right:0px;--awb-border-radius-bottom-left:0px;--awb-background-color:rgba(255,255,255,0.5);--awb-border-sizes-top:0px;--awb-border-sizes-bottom:0px;--awb-flex-wrap:wrap;\" ><div class=\"fusion-builder-row fusion-row\"><div class=\"fusion-layout-column fusion_builder_column fusion-builder-column-0 fusion_builder_column_1_1 1_1 fusion-one-full fusion-column-first fusion-column-last\" style=\"--awb-bg-size:cover;\"><div class=\"fusion-column-wrapper fusion-flex-column-wrapper-legacy\"><div class=\"fusion-text fusion-text-1\"><h1>L\u2019exp\u00e9rience du nouveau patient<\/h1>\n<\/div><div class=\"fusion-text fusion-text-2\"><h2>\u00c0 quoi puis-je m\u2019attendre lors de ma visite au Centre dentaire Harrisville?<\/h2>\n<p>Au Centre dentaire Harrisville, nous nous faisons un devoir de fournir des soins dentaires de qualit\u00e9 sup\u00e9rieure dans un cadre d\u00e9tendu et confortable. Nos dentistes et les membres de notre personnel sont d\u00e9vou\u00e9s et ont \u00e0 c\u0153ur l\u2019exp\u00e9rience que vous vivez. Ils adapteront et modifieront leurs approches en fonction de vos pr\u00e9occupations. En tant que professionnels, nous sommes ici pour r\u00e9pondre \u00e0 vos questions. Que vous soyez un enfant ou un adulte, notre objectif est de veiller \u00e0 ce que vous vous sentiez ma\u00eetre de votre situation en tout temps.<\/p>\n<p><img decoding=\"async\" class=\"primary alignnone wp-image-7402 size-800\" src=\"https:\/\/www.harrisvilledental.ca\/wp-content\/uploads\/2019\/06\/new-patient-experience-800x300.jpg\" alt=\"New patient experience\" width=\"800\" height=\"300\" srcset=\"https:\/\/www.harrisvilledental.ca\/wp-content\/uploads\/2019\/06\/new-patient-experience-200x75.jpg 200w, https:\/\/www.harrisvilledental.ca\/wp-content\/uploads\/2019\/06\/new-patient-experience-400x150.jpg 400w, https:\/\/www.harrisvilledental.ca\/wp-content\/uploads\/2019\/06\/new-patient-experience-600x225.jpg 600w, https:\/\/www.harrisvilledental.ca\/wp-content\/uploads\/2019\/06\/new-patient-experience-768x288.jpg 768w, https:\/\/www.harrisvilledental.ca\/wp-content\/uploads\/2019\/06\/new-patient-experience-800x300.jpg 800w, https:\/\/www.harrisvilledental.ca\/wp-content\/uploads\/2019\/06\/new-patient-experience-1024x384.jpg 1024w, https:\/\/www.harrisvilledental.ca\/wp-content\/uploads\/2019\/06\/new-patient-experience-1200x450.jpg 1200w, https:\/\/www.harrisvilledental.ca\/wp-content\/uploads\/2019\/06\/new-patient-experience.jpg 1600w\" sizes=\"(max-width: 800px) 100vw, 800px\" \/><\/p>\n<\/div><div class=\"fusion-text fusion-text-3\"><p><b>Le premier rendez-vous<\/b><\/p>\n<p>Votre premier rendez-vous au Centre dentaire Harrisville est la pierre angulaire de la r\u00e9ussite de vos soins dentaires. Notre objectif consistera \u00e0 comprendre vos pr\u00e9occupations, \u00e0 \u00e9tablir le diagnostic de vos probl\u00e8mes existants et \u00e0 vous offrir des solutions \u00e0 court et \u00e0 long terme adapt\u00e9es \u00e0 vos attentes. Nous aurons recours \u00e0 diverses m\u00e9thodes, comme l\u2019examen intrabuccal et les radiographies, et nous vous montrerons les r\u00e9gions probl\u00e9matiques \u00e0 l\u2019aide de photos prises par cam\u00e9ra intrabuccale. Au besoin, nous pourrions recommander des tests de diagnostic particuliers. Dans certains cas, nous ferons des empreintes de vos dents afin de mieux analyser votre occlusion (l\u2019alignement de vos dents) et d\u2019offrir des solutions de r\u00e9adaptation fonctionnelle ou esth\u00e9tique.<\/p>\n<\/div><div class=\"fusion-clearfix\"><\/div><\/div><\/div><\/div><\/div>\n","protected":false},"excerpt":{"rendered":"","protected":false},"author":5,"featured_media":0,"parent":7963,"menu_order":0,"comment_status":"closed","ping_status":"closed","template":"","meta":{"footnotes":""},"class_list":["post-8002","page","type-page","status-publish","hentry"],"yoast_head":"<!-- This site is optimized with the Yoast SEO plugin v27.2 - https:\/\/yoast.com\/product\/yoast-seo-wordpress\/ -->\n<title>L\u2019exp\u00e9rience du nouveau patient - Moncton Dentists | New Patients Welcome<\/title>\n<meta name=\"description\" content=\"Au Centre dentaire Harrisville, nous nous faisons un devoir de fournir des soins dentaires de qualit\u00e9 sup\u00e9rieure dans un cadre d\u00e9tendu et confortable.\" \/>\n<meta name=\"robots\" content=\"index, follow, max-snippet:-1, max-image-preview:large, max-video-preview:-1\" \/>\n<link rel=\"canonical\" href=\"https:\/\/www.harrisvilledental.ca\/fr\/lexperience-du-nouveau-patient\/lexperience-du-nouveau-patient\/\" \/>\n<meta property=\"og:locale\" content=\"fr_FR\" \/>\n<meta property=\"og:type\" content=\"article\" \/>\n<meta property=\"og:title\" content=\"L\u2019exp\u00e9rience du nouveau patient - Moncton Dentists | New Patients Welcome\" \/>\n<meta property=\"og:description\" content=\"Au Centre dentaire Harrisville, nous nous faisons un devoir de fournir des soins dentaires de qualit\u00e9 sup\u00e9rieure dans un cadre d\u00e9tendu et confortable.\" \/>\n<meta property=\"og:url\" content=\"https:\/\/www.harrisvilledental.ca\/fr\/lexperience-du-nouveau-patient\/lexperience-du-nouveau-patient\/\" \/>\n<meta property=\"og:site_name\" content=\"Moncton Dentists | New Patients Welcome\" \/>\n<meta property=\"article:publisher\" content=\"https:\/\/www.facebook.com\/harrisvilledental\/\" \/>\n<meta property=\"article:modified_time\" content=\"2019-08-02T00:12:32+00:00\" \/>\n<meta property=\"og:image\" content=\"https:\/\/www.harrisvilledental.ca\/wp-content\/uploads\/2019\/06\/new-patient-experience-800x300.jpg\" \/>\n<meta name=\"twitter:card\" content=\"summary_large_image\" \/>\n<meta name=\"twitter:label1\" content=\"Dur\u00e9e de lecture estim\u00e9e\" \/>\n\t<meta name=\"twitter:data1\" content=\"2 minutes\" \/>\n<script type=\"application\/ld+json\" class=\"yoast-schema-graph\">{\"@context\":\"https:\/\/schema.org\",\"@graph\":[{\"@type\":\"WebPage\",\"@id\":\"https:\/\/www.harrisvilledental.ca\/fr\/lexperience-du-nouveau-patient\/lexperience-du-nouveau-patient\/\",\"url\":\"https:\/\/www.harrisvilledental.ca\/fr\/lexperience-du-nouveau-patient\/lexperience-du-nouveau-patient\/\",\"name\":\"L\u2019exp\u00e9rience du nouveau patient - Moncton Dentists | New Patients Welcome\",\"isPartOf\":{\"@id\":\"https:\/\/www.harrisvilledental.ca\/#website\"},\"primaryImageOfPage\":{\"@id\":\"https:\/\/www.harrisvilledental.ca\/fr\/lexperience-du-nouveau-patient\/lexperience-du-nouveau-patient\/#primaryimage\"},\"image\":{\"@id\":\"https:\/\/www.harrisvilledental.ca\/fr\/lexperience-du-nouveau-patient\/lexperience-du-nouveau-patient\/#primaryimage\"},\"thumbnailUrl\":\"https:\/\/www.harrisvilledental.ca\/wp-content\/uploads\/2019\/06\/new-patient-experience-800x300.jpg\",\"datePublished\":\"2019-05-16T03:50:39+00:00\",\"dateModified\":\"2019-08-02T00:12:32+00:00\",\"description\":\"Au Centre dentaire Harrisville, nous nous faisons un devoir de fournir des soins dentaires de qualit\u00e9 sup\u00e9rieure dans un cadre d\u00e9tendu et confortable.\",\"breadcrumb\":{\"@id\":\"https:\/\/www.harrisvilledental.ca\/fr\/lexperience-du-nouveau-patient\/lexperience-du-nouveau-patient\/#breadcrumb\"},\"inLanguage\":\"fr-FR\",\"potentialAction\":[{\"@type\":\"ReadAction\",\"target\":[\"https:\/\/www.harrisvilledental.ca\/fr\/lexperience-du-nouveau-patient\/lexperience-du-nouveau-patient\/\"]}]},{\"@type\":\"ImageObject\",\"inLanguage\":\"fr-FR\",\"@id\":\"https:\/\/www.harrisvilledental.ca\/fr\/lexperience-du-nouveau-patient\/lexperience-du-nouveau-patient\/#primaryimage\",\"url\":\"https:\/\/www.harrisvilledental.ca\/wp-content\/uploads\/2019\/06\/new-patient-experience-800x300.jpg\",\"contentUrl\":\"https:\/\/www.harrisvilledental.ca\/wp-content\/uploads\/2019\/06\/new-patient-experience-800x300.jpg\"},{\"@type\":\"BreadcrumbList\",\"@id\":\"https:\/\/www.harrisvilledental.ca\/fr\/lexperience-du-nouveau-patient\/lexperience-du-nouveau-patient\/#breadcrumb\",\"itemListElement\":[{\"@type\":\"ListItem\",\"position\":1,\"name\":\"Home\",\"item\":\"https:\/\/www.harrisvilledental.ca\/fr\/\"},{\"@type\":\"ListItem\",\"position\":2,\"name\":\"L\u2019exp\u00e9rience du nouveau patient\",\"item\":\"https:\/\/www.harrisvilledental.ca\/fr\/lexperience-du-nouveau-patient\/\"},{\"@type\":\"ListItem\",\"position\":3,\"name\":\"L\u2019exp\u00e9rience du nouveau patient\"}]},{\"@type\":\"WebSite\",\"@id\":\"https:\/\/www.harrisvilledental.ca\/#website\",\"url\":\"https:\/\/www.harrisvilledental.ca\/\",\"name\":\"Moncton Dentists | New Patients Welcome\",\"description\":\"\",\"publisher\":{\"@id\":\"https:\/\/www.harrisvilledental.ca\/#organization\"},\"potentialAction\":[{\"@type\":\"SearchAction\",\"target\":{\"@type\":\"EntryPoint\",\"urlTemplate\":\"https:\/\/www.harrisvilledental.ca\/?s={search_term_string}\"},\"query-input\":{\"@type\":\"PropertyValueSpecification\",\"valueRequired\":true,\"valueName\":\"search_term_string\"}}],\"inLanguage\":\"fr-FR\"},{\"@type\":\"Organization\",\"@id\":\"https:\/\/www.harrisvilledental.ca\/#organization\",\"name\":\"Moncton Dentists\",\"url\":\"https:\/\/www.harrisvilledental.ca\/\",\"logo\":{\"@type\":\"ImageObject\",\"inLanguage\":\"fr-FR\",\"@id\":\"https:\/\/www.harrisvilledental.ca\/#\/schema\/logo\/image\/\",\"url\":\"https:\/\/www.harrisvilledental.ca\/wp-content\/uploads\/2019\/05\/harrisville-dental-logo_brush.png\",\"contentUrl\":\"https:\/\/www.harrisvilledental.ca\/wp-content\/uploads\/2019\/05\/harrisville-dental-logo_brush.png\",\"width\":159,\"height\":50,\"caption\":\"Moncton Dentists\"},\"image\":{\"@id\":\"https:\/\/www.harrisvilledental.ca\/#\/schema\/logo\/image\/\"},\"sameAs\":[\"https:\/\/www.facebook.com\/harrisvilledental\/\"]}]}<\/script>\n<!-- \/ Yoast SEO plugin. -->","yoast_head_json":{"title":"L\u2019exp\u00e9rience du nouveau patient - Moncton Dentists | New Patients Welcome","description":"Au Centre dentaire Harrisville, nous nous faisons un devoir de fournir des soins dentaires de qualit\u00e9 sup\u00e9rieure dans un cadre d\u00e9tendu et confortable.","robots":{"index":"index","follow":"follow","max-snippet":"max-snippet:-1","max-image-preview":"max-image-preview:large","max-video-preview":"max-video-preview:-1"},"canonical":"https:\/\/www.harrisvilledental.ca\/fr\/lexperience-du-nouveau-patient\/lexperience-du-nouveau-patient\/","og_locale":"fr_FR","og_type":"article","og_title":"L\u2019exp\u00e9rience du nouveau patient - Moncton Dentists | New Patients Welcome","og_description":"Au Centre dentaire Harrisville, nous nous faisons un devoir de fournir des soins dentaires de qualit\u00e9 sup\u00e9rieure dans un cadre d\u00e9tendu et confortable.","og_url":"https:\/\/www.harrisvilledental.ca\/fr\/lexperience-du-nouveau-patient\/lexperience-du-nouveau-patient\/","og_site_name":"Moncton Dentists | New Patients Welcome","article_publisher":"https:\/\/www.facebook.com\/harrisvilledental\/","article_modified_time":"2019-08-02T00:12:32+00:00","og_image":[{"url":"https:\/\/www.harrisvilledental.ca\/wp-content\/uploads\/2019\/06\/new-patient-experience-800x300.jpg","type":"","width":"","height":""}],"twitter_card":"summary_large_image","twitter_misc":{"Dur\u00e9e de lecture estim\u00e9e":"2 minutes"},"schema":{"@context":"https:\/\/schema.org","@graph":[{"@type":"WebPage","@id":"https:\/\/www.harrisvilledental.ca\/fr\/lexperience-du-nouveau-patient\/lexperience-du-nouveau-patient\/","url":"https:\/\/www.harrisvilledental.ca\/fr\/lexperience-du-nouveau-patient\/lexperience-du-nouveau-patient\/","name":"L\u2019exp\u00e9rience du nouveau patient - Moncton Dentists | New Patients Welcome","isPartOf":{"@id":"https:\/\/www.harrisvilledental.ca\/#website"},"primaryImageOfPage":{"@id":"https:\/\/www.harrisvilledental.ca\/fr\/lexperience-du-nouveau-patient\/lexperience-du-nouveau-patient\/#primaryimage"},"image":{"@id":"https:\/\/www.harrisvilledental.ca\/fr\/lexperience-du-nouveau-patient\/lexperience-du-nouveau-patient\/#primaryimage"},"thumbnailUrl":"https:\/\/www.harrisvilledental.ca\/wp-content\/uploads\/2019\/06\/new-patient-experience-800x300.jpg","datePublished":"2019-05-16T03:50:39+00:00","dateModified":"2019-08-02T00:12:32+00:00","description":"Au Centre dentaire Harrisville, nous nous faisons un devoir de fournir des soins dentaires de qualit\u00e9 sup\u00e9rieure dans un cadre d\u00e9tendu et confortable.","breadcrumb":{"@id":"https:\/\/www.harrisvilledental.ca\/fr\/lexperience-du-nouveau-patient\/lexperience-du-nouveau-patient\/#breadcrumb"},"inLanguage":"fr-FR","potentialAction":[{"@type":"ReadAction","target":["https:\/\/www.harrisvilledental.ca\/fr\/lexperience-du-nouveau-patient\/lexperience-du-nouveau-patient\/"]}]},{"@type":"ImageObject","inLanguage":"fr-FR","@id":"https:\/\/www.harrisvilledental.ca\/fr\/lexperience-du-nouveau-patient\/lexperience-du-nouveau-patient\/#primaryimage","url":"https:\/\/www.harrisvilledental.ca\/wp-content\/uploads\/2019\/06\/new-patient-experience-800x300.jpg","contentUrl":"https:\/\/www.harrisvilledental.ca\/wp-content\/uploads\/2019\/06\/new-patient-experience-800x300.jpg"},{"@type":"BreadcrumbList","@id":"https:\/\/www.harrisvilledental.ca\/fr\/lexperience-du-nouveau-patient\/lexperience-du-nouveau-patient\/#breadcrumb","itemListElement":[{"@type":"ListItem","position":1,"name":"Home","item":"https:\/\/www.harrisvilledental.ca\/fr\/"},{"@type":"ListItem","position":2,"name":"L\u2019exp\u00e9rience du nouveau patient","item":"https:\/\/www.harrisvilledental.ca\/fr\/lexperience-du-nouveau-patient\/"},{"@type":"ListItem","position":3,"name":"L\u2019exp\u00e9rience du nouveau patient"}]},{"@type":"WebSite","@id":"https:\/\/www.harrisvilledental.ca\/#website","url":"https:\/\/www.harrisvilledental.ca\/","name":"Moncton Dentists | New Patients Welcome","description":"","publisher":{"@id":"https:\/\/www.harrisvilledental.ca\/#organization"},"potentialAction":[{"@type":"SearchAction","target":{"@type":"EntryPoint","urlTemplate":"https:\/\/www.harrisvilledental.ca\/?s={search_term_string}"},"query-input":{"@type":"PropertyValueSpecification","valueRequired":true,"valueName":"search_term_string"}}],"inLanguage":"fr-FR"},{"@type":"Organization","@id":"https:\/\/www.harrisvilledental.ca\/#organization","name":"Moncton Dentists","url":"https:\/\/www.harrisvilledental.ca\/","logo":{"@type":"ImageObject","inLanguage":"fr-FR","@id":"https:\/\/www.harrisvilledental.ca\/#\/schema\/logo\/image\/","url":"https:\/\/www.harrisvilledental.ca\/wp-content\/uploads\/2019\/05\/harrisville-dental-logo_brush.png","contentUrl":"https:\/\/www.harrisvilledental.ca\/wp-content\/uploads\/2019\/05\/harrisville-dental-logo_brush.png","width":159,"height":50,"caption":"Moncton Dentists"},"image":{"@id":"https:\/\/www.harrisvilledental.ca\/#\/schema\/logo\/image\/"},"sameAs":["https:\/\/www.facebook.com\/harrisvilledental\/"]}]}},"_links":{"self":[{"href":"https:\/\/www.harrisvilledental.ca\/fr\/wp-json\/wp\/v2\/pages\/8002","targetHints":{"allow":["GET"]}}],"collection":[{"href":"https:\/\/www.harrisvilledental.ca\/fr\/wp-json\/wp\/v2\/pages"}],"about":[{"href":"https:\/\/www.harrisvilledental.ca\/fr\/wp-json\/wp\/v2\/types\/page"}],"author":[{"embeddable":true,"href":"https:\/\/www.harrisvilledental.ca\/fr\/wp-json\/wp\/v2\/users\/5"}],"replies":[{"embeddable":true,"href":"https:\/\/www.harrisvilledental.ca\/fr\/wp-json\/wp\/v2\/comments?post=8002"}],"version-history":[{"count":0,"href":"https:\/\/www.harrisvilledental.ca\/fr\/wp-json\/wp\/v2\/pages\/8002\/revisions"}],"up":[{"embeddable":true,"href":"https:\/\/www.harrisvilledental.ca\/fr\/wp-json\/wp\/v2\/pages\/7963"}],"wp:attachment":[{"href":"https:\/\/www.harrisvilledental.ca\/fr\/wp-json\/wp\/v2\/media?parent=8002"}],"curies":[{"name":"wp","href":"https:\/\/api.w.org\/{rel}","templated":true}]}}