{"id":7998,"date":"2019-05-23T08:24:02","date_gmt":"2019-05-23T11:24:02","guid":{"rendered":"https:\/\/www.harrisvilledental.ca\/general-dentistry\/partial-dentures\/"},"modified":"2019-08-01T21:19:28","modified_gmt":"2019-08-02T00:19:28","slug":"protheses-partielles","status":"publish","type":"page","link":"https:\/\/www.harrisvilledental.ca\/fr\/services\/dentisterie-generale\/protheses-partielles\/","title":{"rendered":"Proth\u00e8ses partielles"},"content":{"rendered":"<div class=\"fusion-fullwidth fullwidth-box fusion-builder-row-1 nonhundred-percent-fullwidth non-hundred-percent-height-scrolling\" style=\"--awb-border-radius-top-left:0px;--awb-border-radius-top-right:0px;--awb-border-radius-bottom-right:0px;--awb-border-radius-bottom-left:0px;--awb-flex-wrap:wrap;\" ><div class=\"fusion-builder-row fusion-row\"><div class=\"fusion-layout-column fusion_builder_column fusion-builder-column-0 fusion_builder_column_1_1 1_1 fusion-one-full fusion-column-first fusion-column-last\" style=\"--awb-bg-size:cover;\"><div class=\"fusion-column-wrapper fusion-column-has-shadow fusion-flex-column-wrapper-legacy\"><div class=\"fusion-text fusion-text-1\"><h1>Proth\u00e8ses partielles<\/h1>\n<\/div><div class=\"fusion-text fusion-text-2\"><p>La proth\u00e8se partielle est un appareil amovible qui remplace les dents manquantes. Elle a pour but de r\u00e9tablir la capacit\u00e9 de mastication (fonction), de remplacer des dents manquantes pour des raisons d\u2019esth\u00e9tique et d\u2019am\u00e9liorer la phon\u00e9tique. Selon la nature du probl\u00e8me \u00e0 r\u00e9soudre, ces appareils sont faits soit d\u2019acrylique soit d\u2019alliage m\u00e9tallique.<\/p>\n<p><img decoding=\"async\" class=\"primary alignnone wp-image-7281 size-800\" src=\"https:\/\/www.harrisvilledental.ca\/wp-content\/uploads\/2019\/06\/Partials-800x300.jpg\" alt=\"Partials Dentures\" width=\"800\" height=\"300\" srcset=\"https:\/\/www.harrisvilledental.ca\/wp-content\/uploads\/2019\/06\/Partials-200x75.jpg 200w, https:\/\/www.harrisvilledental.ca\/wp-content\/uploads\/2019\/06\/Partials-400x150.jpg 400w, https:\/\/www.harrisvilledental.ca\/wp-content\/uploads\/2019\/06\/Partials-600x225.jpg 600w, https:\/\/www.harrisvilledental.ca\/wp-content\/uploads\/2019\/06\/Partials-768x288.jpg 768w, https:\/\/www.harrisvilledental.ca\/wp-content\/uploads\/2019\/06\/Partials-800x300.jpg 800w, https:\/\/www.harrisvilledental.ca\/wp-content\/uploads\/2019\/06\/Partials-1024x384.jpg 1024w, https:\/\/www.harrisvilledental.ca\/wp-content\/uploads\/2019\/06\/Partials-1200x450.jpg 1200w, https:\/\/www.harrisvilledental.ca\/wp-content\/uploads\/2019\/06\/Partials.jpg 1600w\" sizes=\"(max-width: 800px) 100vw, 800px\" \/><\/p>\n<p>Comme pour les dents naturelles, les proth\u00e8ses partielles doivent \u00eatre bien entretenues et nettoy\u00e9es \u00e0 la maison. Nous vous aiderons \u00e0 enlever les d\u00e9p\u00f4ts calcifi\u00e9s (tartre) lors de vos rendez-vous de nettoyage r\u00e9guliers et nous vous montrerons comment entretenir vos appareils lorsque vous les recevrez.<\/p>\n<\/div><div class=\"fusion-clearfix\"><\/div><\/div><\/div><\/div><\/div>\n","protected":false},"excerpt":{"rendered":"","protected":false},"author":5,"featured_media":0,"parent":7997,"menu_order":2,"comment_status":"closed","ping_status":"closed","template":"","meta":{"footnotes":""},"class_list":["post-7998","page","type-page","status-publish","hentry"],"yoast_head":"<!-- This site is optimized with the Yoast SEO plugin v27.2 - https:\/\/yoast.com\/product\/yoast-seo-wordpress\/ -->\n<title>Proth\u00e8ses partielles - Moncton Dentists | New Patients Welcome<\/title>\n<meta name=\"description\" content=\"La proth\u00e8se partielle est un appareil amovible qui remplace les dents manquantes. Elle a pour but de r\u00e9tablir la capacit\u00e9 de mastication (fonction), de remplacer des dents manquantes pour des raisons d\u2019esth\u00e9tique et d\u2019am\u00e9liorer la phon\u00e9tique.\" \/>\n<meta name=\"robots\" content=\"index, follow, max-snippet:-1, max-image-preview:large, max-video-preview:-1\" \/>\n<link rel=\"canonical\" href=\"https:\/\/www.harrisvilledental.ca\/fr\/services\/dentisterie-generale\/protheses-partielles\/\" \/>\n<meta property=\"og:locale\" content=\"fr_FR\" \/>\n<meta property=\"og:type\" content=\"article\" \/>\n<meta property=\"og:title\" content=\"Proth\u00e8ses partielles - Moncton Dentists | New Patients Welcome\" \/>\n<meta property=\"og:description\" content=\"La proth\u00e8se partielle est un appareil amovible qui remplace les dents manquantes. Elle a pour but de r\u00e9tablir la capacit\u00e9 de mastication (fonction), de remplacer des dents manquantes pour des raisons d\u2019esth\u00e9tique et d\u2019am\u00e9liorer la phon\u00e9tique.\" \/>\n<meta property=\"og:url\" content=\"https:\/\/www.harrisvilledental.ca\/fr\/services\/dentisterie-generale\/protheses-partielles\/\" \/>\n<meta property=\"og:site_name\" content=\"Moncton Dentists | New Patients Welcome\" \/>\n<meta property=\"article:publisher\" content=\"https:\/\/www.facebook.com\/harrisvilledental\/\" \/>\n<meta property=\"article:modified_time\" content=\"2019-08-02T00:19:28+00:00\" \/>\n<meta property=\"og:image\" content=\"https:\/\/www.harrisvilledental.ca\/wp-content\/uploads\/2019\/06\/Partials-800x300.jpg\" \/>\n<meta name=\"twitter:card\" content=\"summary_large_image\" \/>\n<meta name=\"twitter:label1\" content=\"Dur\u00e9e de lecture estim\u00e9e\" \/>\n\t<meta name=\"twitter:data1\" content=\"2 minutes\" \/>\n<script type=\"application\/ld+json\" class=\"yoast-schema-graph\">{\"@context\":\"https:\/\/schema.org\",\"@graph\":[{\"@type\":\"WebPage\",\"@id\":\"https:\/\/www.harrisvilledental.ca\/fr\/services\/dentisterie-generale\/protheses-partielles\/\",\"url\":\"https:\/\/www.harrisvilledental.ca\/fr\/services\/dentisterie-generale\/protheses-partielles\/\",\"name\":\"Proth\u00e8ses partielles - Moncton Dentists | New Patients Welcome\",\"isPartOf\":{\"@id\":\"https:\/\/www.harrisvilledental.ca\/#website\"},\"primaryImageOfPage\":{\"@id\":\"https:\/\/www.harrisvilledental.ca\/fr\/services\/dentisterie-generale\/protheses-partielles\/#primaryimage\"},\"image\":{\"@id\":\"https:\/\/www.harrisvilledental.ca\/fr\/services\/dentisterie-generale\/protheses-partielles\/#primaryimage\"},\"thumbnailUrl\":\"https:\/\/www.harrisvilledental.ca\/wp-content\/uploads\/2019\/06\/Partials-800x300.jpg\",\"datePublished\":\"2019-05-23T11:24:02+00:00\",\"dateModified\":\"2019-08-02T00:19:28+00:00\",\"description\":\"La proth\u00e8se partielle est un appareil amovible qui remplace les dents manquantes. Elle a pour but de r\u00e9tablir la capacit\u00e9 de mastication (fonction), de remplacer des dents manquantes pour des raisons d\u2019esth\u00e9tique et d\u2019am\u00e9liorer la phon\u00e9tique.\",\"breadcrumb\":{\"@id\":\"https:\/\/www.harrisvilledental.ca\/fr\/services\/dentisterie-generale\/protheses-partielles\/#breadcrumb\"},\"inLanguage\":\"fr-FR\",\"potentialAction\":[{\"@type\":\"ReadAction\",\"target\":[\"https:\/\/www.harrisvilledental.ca\/fr\/services\/dentisterie-generale\/protheses-partielles\/\"]}]},{\"@type\":\"ImageObject\",\"inLanguage\":\"fr-FR\",\"@id\":\"https:\/\/www.harrisvilledental.ca\/fr\/services\/dentisterie-generale\/protheses-partielles\/#primaryimage\",\"url\":\"https:\/\/www.harrisvilledental.ca\/wp-content\/uploads\/2019\/06\/Partials-800x300.jpg\",\"contentUrl\":\"https:\/\/www.harrisvilledental.ca\/wp-content\/uploads\/2019\/06\/Partials-800x300.jpg\"},{\"@type\":\"BreadcrumbList\",\"@id\":\"https:\/\/www.harrisvilledental.ca\/fr\/services\/dentisterie-generale\/protheses-partielles\/#breadcrumb\",\"itemListElement\":[{\"@type\":\"ListItem\",\"position\":1,\"name\":\"Home\",\"item\":\"https:\/\/www.harrisvilledental.ca\/fr\/\"},{\"@type\":\"ListItem\",\"position\":2,\"name\":\"Services\",\"item\":\"https:\/\/www.harrisvilledental.ca\/fr\/services\/\"},{\"@type\":\"ListItem\",\"position\":3,\"name\":\"Dentisterie g\u00e9n\u00e9rale\",\"item\":\"https:\/\/www.harrisvilledental.ca\/fr\/services\/dentisterie-generale\/\"},{\"@type\":\"ListItem\",\"position\":4,\"name\":\"Proth\u00e8ses partielles\"}]},{\"@type\":\"WebSite\",\"@id\":\"https:\/\/www.harrisvilledental.ca\/#website\",\"url\":\"https:\/\/www.harrisvilledental.ca\/\",\"name\":\"Moncton Dentists | New Patients Welcome\",\"description\":\"\",\"publisher\":{\"@id\":\"https:\/\/www.harrisvilledental.ca\/#organization\"},\"potentialAction\":[{\"@type\":\"SearchAction\",\"target\":{\"@type\":\"EntryPoint\",\"urlTemplate\":\"https:\/\/www.harrisvilledental.ca\/?s={search_term_string}\"},\"query-input\":{\"@type\":\"PropertyValueSpecification\",\"valueRequired\":true,\"valueName\":\"search_term_string\"}}],\"inLanguage\":\"fr-FR\"},{\"@type\":\"Organization\",\"@id\":\"https:\/\/www.harrisvilledental.ca\/#organization\",\"name\":\"Moncton Dentists\",\"url\":\"https:\/\/www.harrisvilledental.ca\/\",\"logo\":{\"@type\":\"ImageObject\",\"inLanguage\":\"fr-FR\",\"@id\":\"https:\/\/www.harrisvilledental.ca\/#\/schema\/logo\/image\/\",\"url\":\"https:\/\/www.harrisvilledental.ca\/wp-content\/uploads\/2019\/05\/harrisville-dental-logo_brush.png\",\"contentUrl\":\"https:\/\/www.harrisvilledental.ca\/wp-content\/uploads\/2019\/05\/harrisville-dental-logo_brush.png\",\"width\":159,\"height\":50,\"caption\":\"Moncton Dentists\"},\"image\":{\"@id\":\"https:\/\/www.harrisvilledental.ca\/#\/schema\/logo\/image\/\"},\"sameAs\":[\"https:\/\/www.facebook.com\/harrisvilledental\/\"]}]}<\/script>\n<!-- \/ Yoast SEO plugin. -->","yoast_head_json":{"title":"Proth\u00e8ses partielles - Moncton Dentists | New Patients Welcome","description":"La proth\u00e8se partielle est un appareil amovible qui remplace les dents manquantes. Elle a pour but de r\u00e9tablir la capacit\u00e9 de mastication (fonction), de remplacer des dents manquantes pour des raisons d\u2019esth\u00e9tique et d\u2019am\u00e9liorer la phon\u00e9tique.","robots":{"index":"index","follow":"follow","max-snippet":"max-snippet:-1","max-image-preview":"max-image-preview:large","max-video-preview":"max-video-preview:-1"},"canonical":"https:\/\/www.harrisvilledental.ca\/fr\/services\/dentisterie-generale\/protheses-partielles\/","og_locale":"fr_FR","og_type":"article","og_title":"Proth\u00e8ses partielles - Moncton Dentists | New Patients Welcome","og_description":"La proth\u00e8se partielle est un appareil amovible qui remplace les dents manquantes. Elle a pour but de r\u00e9tablir la capacit\u00e9 de mastication (fonction), de remplacer des dents manquantes pour des raisons d\u2019esth\u00e9tique et d\u2019am\u00e9liorer la phon\u00e9tique.","og_url":"https:\/\/www.harrisvilledental.ca\/fr\/services\/dentisterie-generale\/protheses-partielles\/","og_site_name":"Moncton Dentists | New Patients Welcome","article_publisher":"https:\/\/www.facebook.com\/harrisvilledental\/","article_modified_time":"2019-08-02T00:19:28+00:00","og_image":[{"url":"https:\/\/www.harrisvilledental.ca\/wp-content\/uploads\/2019\/06\/Partials-800x300.jpg","type":"","width":"","height":""}],"twitter_card":"summary_large_image","twitter_misc":{"Dur\u00e9e de lecture estim\u00e9e":"2 minutes"},"schema":{"@context":"https:\/\/schema.org","@graph":[{"@type":"WebPage","@id":"https:\/\/www.harrisvilledental.ca\/fr\/services\/dentisterie-generale\/protheses-partielles\/","url":"https:\/\/www.harrisvilledental.ca\/fr\/services\/dentisterie-generale\/protheses-partielles\/","name":"Proth\u00e8ses partielles - Moncton Dentists | New Patients Welcome","isPartOf":{"@id":"https:\/\/www.harrisvilledental.ca\/#website"},"primaryImageOfPage":{"@id":"https:\/\/www.harrisvilledental.ca\/fr\/services\/dentisterie-generale\/protheses-partielles\/#primaryimage"},"image":{"@id":"https:\/\/www.harrisvilledental.ca\/fr\/services\/dentisterie-generale\/protheses-partielles\/#primaryimage"},"thumbnailUrl":"https:\/\/www.harrisvilledental.ca\/wp-content\/uploads\/2019\/06\/Partials-800x300.jpg","datePublished":"2019-05-23T11:24:02+00:00","dateModified":"2019-08-02T00:19:28+00:00","description":"La proth\u00e8se partielle est un appareil amovible qui remplace les dents manquantes. Elle a pour but de r\u00e9tablir la capacit\u00e9 de mastication (fonction), de remplacer des dents manquantes pour des raisons d\u2019esth\u00e9tique et d\u2019am\u00e9liorer la phon\u00e9tique.","breadcrumb":{"@id":"https:\/\/www.harrisvilledental.ca\/fr\/services\/dentisterie-generale\/protheses-partielles\/#breadcrumb"},"inLanguage":"fr-FR","potentialAction":[{"@type":"ReadAction","target":["https:\/\/www.harrisvilledental.ca\/fr\/services\/dentisterie-generale\/protheses-partielles\/"]}]},{"@type":"ImageObject","inLanguage":"fr-FR","@id":"https:\/\/www.harrisvilledental.ca\/fr\/services\/dentisterie-generale\/protheses-partielles\/#primaryimage","url":"https:\/\/www.harrisvilledental.ca\/wp-content\/uploads\/2019\/06\/Partials-800x300.jpg","contentUrl":"https:\/\/www.harrisvilledental.ca\/wp-content\/uploads\/2019\/06\/Partials-800x300.jpg"},{"@type":"BreadcrumbList","@id":"https:\/\/www.harrisvilledental.ca\/fr\/services\/dentisterie-generale\/protheses-partielles\/#breadcrumb","itemListElement":[{"@type":"ListItem","position":1,"name":"Home","item":"https:\/\/www.harrisvilledental.ca\/fr\/"},{"@type":"ListItem","position":2,"name":"Services","item":"https:\/\/www.harrisvilledental.ca\/fr\/services\/"},{"@type":"ListItem","position":3,"name":"Dentisterie g\u00e9n\u00e9rale","item":"https:\/\/www.harrisvilledental.ca\/fr\/services\/dentisterie-generale\/"},{"@type":"ListItem","position":4,"name":"Proth\u00e8ses partielles"}]},{"@type":"WebSite","@id":"https:\/\/www.harrisvilledental.ca\/#website","url":"https:\/\/www.harrisvilledental.ca\/","name":"Moncton Dentists | New Patients Welcome","description":"","publisher":{"@id":"https:\/\/www.harrisvilledental.ca\/#organization"},"potentialAction":[{"@type":"SearchAction","target":{"@type":"EntryPoint","urlTemplate":"https:\/\/www.harrisvilledental.ca\/?s={search_term_string}"},"query-input":{"@type":"PropertyValueSpecification","valueRequired":true,"valueName":"search_term_string"}}],"inLanguage":"fr-FR"},{"@type":"Organization","@id":"https:\/\/www.harrisvilledental.ca\/#organization","name":"Moncton Dentists","url":"https:\/\/www.harrisvilledental.ca\/","logo":{"@type":"ImageObject","inLanguage":"fr-FR","@id":"https:\/\/www.harrisvilledental.ca\/#\/schema\/logo\/image\/","url":"https:\/\/www.harrisvilledental.ca\/wp-content\/uploads\/2019\/05\/harrisville-dental-logo_brush.png","contentUrl":"https:\/\/www.harrisvilledental.ca\/wp-content\/uploads\/2019\/05\/harrisville-dental-logo_brush.png","width":159,"height":50,"caption":"Moncton Dentists"},"image":{"@id":"https:\/\/www.harrisvilledental.ca\/#\/schema\/logo\/image\/"},"sameAs":["https:\/\/www.facebook.com\/harrisvilledental\/"]}]}},"_links":{"self":[{"href":"https:\/\/www.harrisvilledental.ca\/fr\/wp-json\/wp\/v2\/pages\/7998","targetHints":{"allow":["GET"]}}],"collection":[{"href":"https:\/\/www.harrisvilledental.ca\/fr\/wp-json\/wp\/v2\/pages"}],"about":[{"href":"https:\/\/www.harrisvilledental.ca\/fr\/wp-json\/wp\/v2\/types\/page"}],"author":[{"embeddable":true,"href":"https:\/\/www.harrisvilledental.ca\/fr\/wp-json\/wp\/v2\/users\/5"}],"replies":[{"embeddable":true,"href":"https:\/\/www.harrisvilledental.ca\/fr\/wp-json\/wp\/v2\/comments?post=7998"}],"version-history":[{"count":0,"href":"https:\/\/www.harrisvilledental.ca\/fr\/wp-json\/wp\/v2\/pages\/7998\/revisions"}],"up":[{"embeddable":true,"href":"https:\/\/www.harrisvilledental.ca\/fr\/wp-json\/wp\/v2\/pages\/7997"}],"wp:attachment":[{"href":"https:\/\/www.harrisvilledental.ca\/fr\/wp-json\/wp\/v2\/media?parent=7998"}],"curies":[{"name":"wp","href":"https:\/\/api.w.org\/{rel}","templated":true}]}}