{"id":7996,"date":"2019-05-23T23:05:19","date_gmt":"2019-05-24T02:05:19","guid":{"rendered":"https:\/\/www.harrisvilledental.ca\/oral-hygiene\/"},"modified":"2019-08-01T21:18:58","modified_gmt":"2019-08-02T00:18:58","slug":"hygiene-buccodentaire","status":"publish","type":"page","link":"https:\/\/www.harrisvilledental.ca\/fr\/services\/dentisterie-generale\/hygiene-buccodentaire\/","title":{"rendered":"Hygi\u00e8ne buccodentaire"},"content":{"rendered":"<p><div class=\"fusion-fullwidth fullwidth-box fusion-builder-row-1 nonhundred-percent-fullwidth non-hundred-percent-height-scrolling\" style=\"--awb-background-position:left center;--awb-border-radius-top-left:0px;--awb-border-radius-top-right:0px;--awb-border-radius-bottom-right:0px;--awb-border-radius-bottom-left:0px;--awb-flex-wrap:wrap;\" ><div class=\"fusion-builder-row fusion-row\"><div class=\"fusion-layout-column fusion_builder_column fusion-builder-column-0 fusion_builder_column_1_1 1_1 fusion-one-full fusion-column-first fusion-column-last\" style=\"--awb-bg-size:cover;\"><div class=\"fusion-column-wrapper fusion-column-has-shadow fusion-flex-column-wrapper-legacy\"><div class=\"fusion-text fusion-text-1\"><h1>Hygi\u00e8ne buccodentaire<\/h1>\n<\/div><div class=\"fusion-text fusion-text-2\"><p>L\u2019hygi\u00e8ne buccodentaire est une composante tr\u00e8s importante de la bonne sant\u00e9 buccodentaire \u00e0 long terme. Au Centre dentaire Harrisville, nous trouvons qu\u2019il est imp\u00e9ratif d\u2019introduire des techniques d\u2019hygi\u00e8ne saine d\u00e8s un jeune \u00e2ge afin de promouvoir de bonnes habitudes toute la vie durant. Notre \u00e9quipe d\u2019assistantes et d\u2019hygi\u00e9nistes prend le temps d\u2019informer nos patients sur les bonnes solutions d\u2019hygi\u00e8ne buccale afin que ceux-ci aient une parfaite sant\u00e9 buccodentaire.<\/p>\n<p><img decoding=\"async\" class=\"primary alignnone wp-image-7279 size-800\" src=\"https:\/\/www.harrisvilledental.ca\/wp-content\/uploads\/2019\/06\/Hygiene-800x300.jpg\" alt=\"Oral Hygiene\" width=\"800\" height=\"300\" srcset=\"https:\/\/www.harrisvilledental.ca\/wp-content\/uploads\/2019\/06\/Hygiene-200x75.jpg 200w, https:\/\/www.harrisvilledental.ca\/wp-content\/uploads\/2019\/06\/Hygiene-400x150.jpg 400w, https:\/\/www.harrisvilledental.ca\/wp-content\/uploads\/2019\/06\/Hygiene-600x225.jpg 600w, https:\/\/www.harrisvilledental.ca\/wp-content\/uploads\/2019\/06\/Hygiene-768x288.jpg 768w, https:\/\/www.harrisvilledental.ca\/wp-content\/uploads\/2019\/06\/Hygiene-800x300.jpg 800w, https:\/\/www.harrisvilledental.ca\/wp-content\/uploads\/2019\/06\/Hygiene-1024x384.jpg 1024w, https:\/\/www.harrisvilledental.ca\/wp-content\/uploads\/2019\/06\/Hygiene-1200x450.jpg 1200w, https:\/\/www.harrisvilledental.ca\/wp-content\/uploads\/2019\/06\/Hygiene.jpg 1600w\" sizes=\"(max-width: 800px) 100vw, 800px\" \/><\/p>\n<p>Le rendez-vous pour soins d\u2019hygi\u00e8ne buccodentaire dure environ une heure. Il comprend le nettoyage, le polissage et le rin\u00e7age professionnels pour enlever l\u2019accumulation de plaque ou de tartre \u00e0 la surface des dents. Il comprend \u00e9galement le diagnostic par radiographie, le d\u00e9pistage du cancer de la bouche, le traitement au fluorure, etc.<\/p>\n<p>Le brossage r\u00e9gulier des dents et l\u2019utilisation r\u00e9guli\u00e8re de la soie dentaire aident \u00e0 maintenir une bonne sant\u00e9 buccodentaire. Ils aident aussi \u00e0 pr\u00e9venir la carie dentaire et les maladies gingivales et parodontales avanc\u00e9es. Des rendez-vous aux six mois constituent un bon programme d\u2019entretien pour la plupart des patients; cependant, nous adaptons chaque plan de traitement, car certains cas peuvent exiger une approche diff\u00e9rente.<\/p>\n<\/div><div class=\"fusion-clearfix\"><\/div><\/div><\/div><\/div><\/div><div class=\"fusion-fullwidth fullwidth-box fusion-builder-row-2 nonhundred-percent-fullwidth non-hundred-percent-height-scrolling\" style=\"--awb-border-radius-top-left:0px;--awb-border-radius-top-right:0px;--awb-border-radius-bottom-right:0px;--awb-border-radius-bottom-left:0px;--awb-flex-wrap:wrap;\" ><div class=\"fusion-builder-row fusion-row\"><div class=\"fusion-layout-column fusion_builder_column fusion-builder-column-1 fusion_builder_column_1_1 1_1 fusion-one-full fusion-column-first fusion-column-last\" style=\"--awb-bg-size:cover;\"><div class=\"fusion-column-wrapper fusion-column-has-shadow fusion-flex-column-wrapper-legacy\"><div class=\"fusion-clearfix\"><\/div><\/div><\/div><\/div><\/div><\/p>\n","protected":false},"excerpt":{"rendered":"","protected":false},"author":5,"featured_media":0,"parent":7997,"menu_order":1,"comment_status":"closed","ping_status":"closed","template":"","meta":{"footnotes":""},"class_list":["post-7996","page","type-page","status-publish","hentry"],"yoast_head":"<!-- This site is optimized with the Yoast SEO plugin v27.3 - https:\/\/yoast.com\/product\/yoast-seo-wordpress\/ -->\n<title>Hygi\u00e8ne buccodentaire - Moncton Dentists | New Patients Welcome<\/title>\n<meta name=\"description\" content=\"Au Centre dentaire Harrisville, nous trouvons qu\u2019il est imp\u00e9ratif d\u2019introduire des techniques d\u2019hygi\u00e8ne saine d\u00e8s un jeune \u00e2ge afin de promouvoir de bonnes habitudes toute la vie durant.\" \/>\n<meta name=\"robots\" content=\"index, follow, max-snippet:-1, max-image-preview:large, max-video-preview:-1\" \/>\n<link rel=\"canonical\" href=\"https:\/\/www.harrisvilledental.ca\/fr\/services\/dentisterie-generale\/hygiene-buccodentaire\/\" \/>\n<meta property=\"og:locale\" content=\"fr_FR\" \/>\n<meta property=\"og:type\" content=\"article\" \/>\n<meta property=\"og:title\" content=\"Hygi\u00e8ne buccodentaire - Moncton Dentists | New Patients Welcome\" \/>\n<meta property=\"og:description\" content=\"Au Centre dentaire Harrisville, nous trouvons qu\u2019il est imp\u00e9ratif d\u2019introduire des techniques d\u2019hygi\u00e8ne saine d\u00e8s un jeune \u00e2ge afin de promouvoir de bonnes habitudes toute la vie durant.\" \/>\n<meta property=\"og:url\" content=\"https:\/\/www.harrisvilledental.ca\/fr\/services\/dentisterie-generale\/hygiene-buccodentaire\/\" \/>\n<meta property=\"og:site_name\" content=\"Moncton Dentists | New Patients Welcome\" \/>\n<meta property=\"article:publisher\" content=\"https:\/\/www.facebook.com\/harrisvilledental\/\" \/>\n<meta property=\"article:modified_time\" content=\"2019-08-02T00:18:58+00:00\" \/>\n<meta property=\"og:image\" content=\"https:\/\/www.harrisvilledental.ca\/wp-content\/uploads\/2019\/06\/Hygiene-800x300.jpg\" \/>\n<meta name=\"twitter:card\" content=\"summary_large_image\" \/>\n<meta name=\"twitter:label1\" content=\"Dur\u00e9e de lecture estim\u00e9e\" \/>\n\t<meta name=\"twitter:data1\" content=\"3 minutes\" \/>\n<script type=\"application\/ld+json\" class=\"yoast-schema-graph\">{\"@context\":\"https:\\\/\\\/schema.org\",\"@graph\":[{\"@type\":\"WebPage\",\"@id\":\"https:\\\/\\\/www.harrisvilledental.ca\\\/fr\\\/services\\\/dentisterie-generale\\\/hygiene-buccodentaire\\\/\",\"url\":\"https:\\\/\\\/www.harrisvilledental.ca\\\/fr\\\/services\\\/dentisterie-generale\\\/hygiene-buccodentaire\\\/\",\"name\":\"Hygi\u00e8ne buccodentaire - Moncton Dentists | New Patients Welcome\",\"isPartOf\":{\"@id\":\"https:\\\/\\\/www.harrisvilledental.ca\\\/#website\"},\"primaryImageOfPage\":{\"@id\":\"https:\\\/\\\/www.harrisvilledental.ca\\\/fr\\\/services\\\/dentisterie-generale\\\/hygiene-buccodentaire\\\/#primaryimage\"},\"image\":{\"@id\":\"https:\\\/\\\/www.harrisvilledental.ca\\\/fr\\\/services\\\/dentisterie-generale\\\/hygiene-buccodentaire\\\/#primaryimage\"},\"thumbnailUrl\":\"https:\\\/\\\/www.harrisvilledental.ca\\\/wp-content\\\/uploads\\\/2019\\\/06\\\/Hygiene-800x300.jpg\",\"datePublished\":\"2019-05-24T02:05:19+00:00\",\"dateModified\":\"2019-08-02T00:18:58+00:00\",\"description\":\"Au Centre dentaire Harrisville, nous trouvons qu\u2019il est imp\u00e9ratif d\u2019introduire des techniques d\u2019hygi\u00e8ne saine d\u00e8s un jeune \u00e2ge afin de promouvoir de bonnes habitudes toute la vie durant.\",\"breadcrumb\":{\"@id\":\"https:\\\/\\\/www.harrisvilledental.ca\\\/fr\\\/services\\\/dentisterie-generale\\\/hygiene-buccodentaire\\\/#breadcrumb\"},\"inLanguage\":\"fr-FR\",\"potentialAction\":[{\"@type\":\"ReadAction\",\"target\":[\"https:\\\/\\\/www.harrisvilledental.ca\\\/fr\\\/services\\\/dentisterie-generale\\\/hygiene-buccodentaire\\\/\"]}]},{\"@type\":\"ImageObject\",\"inLanguage\":\"fr-FR\",\"@id\":\"https:\\\/\\\/www.harrisvilledental.ca\\\/fr\\\/services\\\/dentisterie-generale\\\/hygiene-buccodentaire\\\/#primaryimage\",\"url\":\"https:\\\/\\\/www.harrisvilledental.ca\\\/wp-content\\\/uploads\\\/2019\\\/06\\\/Hygiene-800x300.jpg\",\"contentUrl\":\"https:\\\/\\\/www.harrisvilledental.ca\\\/wp-content\\\/uploads\\\/2019\\\/06\\\/Hygiene-800x300.jpg\"},{\"@type\":\"BreadcrumbList\",\"@id\":\"https:\\\/\\\/www.harrisvilledental.ca\\\/fr\\\/services\\\/dentisterie-generale\\\/hygiene-buccodentaire\\\/#breadcrumb\",\"itemListElement\":[{\"@type\":\"ListItem\",\"position\":1,\"name\":\"Home\",\"item\":\"https:\\\/\\\/www.harrisvilledental.ca\\\/fr\\\/\"},{\"@type\":\"ListItem\",\"position\":2,\"name\":\"Services\",\"item\":\"https:\\\/\\\/www.harrisvilledental.ca\\\/fr\\\/services\\\/\"},{\"@type\":\"ListItem\",\"position\":3,\"name\":\"Dentisterie g\u00e9n\u00e9rale\",\"item\":\"https:\\\/\\\/www.harrisvilledental.ca\\\/fr\\\/services\\\/dentisterie-generale\\\/\"},{\"@type\":\"ListItem\",\"position\":4,\"name\":\"Hygi\u00e8ne buccodentaire\"}]},{\"@type\":\"WebSite\",\"@id\":\"https:\\\/\\\/www.harrisvilledental.ca\\\/#website\",\"url\":\"https:\\\/\\\/www.harrisvilledental.ca\\\/\",\"name\":\"Moncton Dentists | New Patients Welcome\",\"description\":\"\",\"publisher\":{\"@id\":\"https:\\\/\\\/www.harrisvilledental.ca\\\/#organization\"},\"potentialAction\":[{\"@type\":\"SearchAction\",\"target\":{\"@type\":\"EntryPoint\",\"urlTemplate\":\"https:\\\/\\\/www.harrisvilledental.ca\\\/?s={search_term_string}\"},\"query-input\":{\"@type\":\"PropertyValueSpecification\",\"valueRequired\":true,\"valueName\":\"search_term_string\"}}],\"inLanguage\":\"fr-FR\"},{\"@type\":\"Organization\",\"@id\":\"https:\\\/\\\/www.harrisvilledental.ca\\\/#organization\",\"name\":\"Moncton Dentists\",\"url\":\"https:\\\/\\\/www.harrisvilledental.ca\\\/\",\"logo\":{\"@type\":\"ImageObject\",\"inLanguage\":\"fr-FR\",\"@id\":\"https:\\\/\\\/www.harrisvilledental.ca\\\/#\\\/schema\\\/logo\\\/image\\\/\",\"url\":\"https:\\\/\\\/www.harrisvilledental.ca\\\/wp-content\\\/uploads\\\/2019\\\/05\\\/harrisville-dental-logo_brush.png\",\"contentUrl\":\"https:\\\/\\\/www.harrisvilledental.ca\\\/wp-content\\\/uploads\\\/2019\\\/05\\\/harrisville-dental-logo_brush.png\",\"width\":159,\"height\":50,\"caption\":\"Moncton Dentists\"},\"image\":{\"@id\":\"https:\\\/\\\/www.harrisvilledental.ca\\\/#\\\/schema\\\/logo\\\/image\\\/\"},\"sameAs\":[\"https:\\\/\\\/www.facebook.com\\\/harrisvilledental\\\/\"]}]}<\/script>\n<!-- \/ Yoast SEO plugin. -->","yoast_head_json":{"title":"Hygi\u00e8ne buccodentaire - Moncton Dentists | New Patients Welcome","description":"Au Centre dentaire Harrisville, nous trouvons qu\u2019il est imp\u00e9ratif d\u2019introduire des techniques d\u2019hygi\u00e8ne saine d\u00e8s un jeune \u00e2ge afin de promouvoir de bonnes habitudes toute la vie durant.","robots":{"index":"index","follow":"follow","max-snippet":"max-snippet:-1","max-image-preview":"max-image-preview:large","max-video-preview":"max-video-preview:-1"},"canonical":"https:\/\/www.harrisvilledental.ca\/fr\/services\/dentisterie-generale\/hygiene-buccodentaire\/","og_locale":"fr_FR","og_type":"article","og_title":"Hygi\u00e8ne buccodentaire - Moncton Dentists | New Patients Welcome","og_description":"Au Centre dentaire Harrisville, nous trouvons qu\u2019il est imp\u00e9ratif d\u2019introduire des techniques d\u2019hygi\u00e8ne saine d\u00e8s un jeune \u00e2ge afin de promouvoir de bonnes habitudes toute la vie durant.","og_url":"https:\/\/www.harrisvilledental.ca\/fr\/services\/dentisterie-generale\/hygiene-buccodentaire\/","og_site_name":"Moncton Dentists | New Patients Welcome","article_publisher":"https:\/\/www.facebook.com\/harrisvilledental\/","article_modified_time":"2019-08-02T00:18:58+00:00","og_image":[{"url":"https:\/\/www.harrisvilledental.ca\/wp-content\/uploads\/2019\/06\/Hygiene-800x300.jpg","type":"","width":"","height":""}],"twitter_card":"summary_large_image","twitter_misc":{"Dur\u00e9e de lecture estim\u00e9e":"3 minutes"},"schema":{"@context":"https:\/\/schema.org","@graph":[{"@type":"WebPage","@id":"https:\/\/www.harrisvilledental.ca\/fr\/services\/dentisterie-generale\/hygiene-buccodentaire\/","url":"https:\/\/www.harrisvilledental.ca\/fr\/services\/dentisterie-generale\/hygiene-buccodentaire\/","name":"Hygi\u00e8ne buccodentaire - Moncton Dentists | New Patients Welcome","isPartOf":{"@id":"https:\/\/www.harrisvilledental.ca\/#website"},"primaryImageOfPage":{"@id":"https:\/\/www.harrisvilledental.ca\/fr\/services\/dentisterie-generale\/hygiene-buccodentaire\/#primaryimage"},"image":{"@id":"https:\/\/www.harrisvilledental.ca\/fr\/services\/dentisterie-generale\/hygiene-buccodentaire\/#primaryimage"},"thumbnailUrl":"https:\/\/www.harrisvilledental.ca\/wp-content\/uploads\/2019\/06\/Hygiene-800x300.jpg","datePublished":"2019-05-24T02:05:19+00:00","dateModified":"2019-08-02T00:18:58+00:00","description":"Au Centre dentaire Harrisville, nous trouvons qu\u2019il est imp\u00e9ratif d\u2019introduire des techniques d\u2019hygi\u00e8ne saine d\u00e8s un jeune \u00e2ge afin de promouvoir de bonnes habitudes toute la vie durant.","breadcrumb":{"@id":"https:\/\/www.harrisvilledental.ca\/fr\/services\/dentisterie-generale\/hygiene-buccodentaire\/#breadcrumb"},"inLanguage":"fr-FR","potentialAction":[{"@type":"ReadAction","target":["https:\/\/www.harrisvilledental.ca\/fr\/services\/dentisterie-generale\/hygiene-buccodentaire\/"]}]},{"@type":"ImageObject","inLanguage":"fr-FR","@id":"https:\/\/www.harrisvilledental.ca\/fr\/services\/dentisterie-generale\/hygiene-buccodentaire\/#primaryimage","url":"https:\/\/www.harrisvilledental.ca\/wp-content\/uploads\/2019\/06\/Hygiene-800x300.jpg","contentUrl":"https:\/\/www.harrisvilledental.ca\/wp-content\/uploads\/2019\/06\/Hygiene-800x300.jpg"},{"@type":"BreadcrumbList","@id":"https:\/\/www.harrisvilledental.ca\/fr\/services\/dentisterie-generale\/hygiene-buccodentaire\/#breadcrumb","itemListElement":[{"@type":"ListItem","position":1,"name":"Home","item":"https:\/\/www.harrisvilledental.ca\/fr\/"},{"@type":"ListItem","position":2,"name":"Services","item":"https:\/\/www.harrisvilledental.ca\/fr\/services\/"},{"@type":"ListItem","position":3,"name":"Dentisterie g\u00e9n\u00e9rale","item":"https:\/\/www.harrisvilledental.ca\/fr\/services\/dentisterie-generale\/"},{"@type":"ListItem","position":4,"name":"Hygi\u00e8ne buccodentaire"}]},{"@type":"WebSite","@id":"https:\/\/www.harrisvilledental.ca\/#website","url":"https:\/\/www.harrisvilledental.ca\/","name":"Moncton Dentists | New Patients Welcome","description":"","publisher":{"@id":"https:\/\/www.harrisvilledental.ca\/#organization"},"potentialAction":[{"@type":"SearchAction","target":{"@type":"EntryPoint","urlTemplate":"https:\/\/www.harrisvilledental.ca\/?s={search_term_string}"},"query-input":{"@type":"PropertyValueSpecification","valueRequired":true,"valueName":"search_term_string"}}],"inLanguage":"fr-FR"},{"@type":"Organization","@id":"https:\/\/www.harrisvilledental.ca\/#organization","name":"Moncton Dentists","url":"https:\/\/www.harrisvilledental.ca\/","logo":{"@type":"ImageObject","inLanguage":"fr-FR","@id":"https:\/\/www.harrisvilledental.ca\/#\/schema\/logo\/image\/","url":"https:\/\/www.harrisvilledental.ca\/wp-content\/uploads\/2019\/05\/harrisville-dental-logo_brush.png","contentUrl":"https:\/\/www.harrisvilledental.ca\/wp-content\/uploads\/2019\/05\/harrisville-dental-logo_brush.png","width":159,"height":50,"caption":"Moncton Dentists"},"image":{"@id":"https:\/\/www.harrisvilledental.ca\/#\/schema\/logo\/image\/"},"sameAs":["https:\/\/www.facebook.com\/harrisvilledental\/"]}]}},"_links":{"self":[{"href":"https:\/\/www.harrisvilledental.ca\/fr\/wp-json\/wp\/v2\/pages\/7996","targetHints":{"allow":["GET"]}}],"collection":[{"href":"https:\/\/www.harrisvilledental.ca\/fr\/wp-json\/wp\/v2\/pages"}],"about":[{"href":"https:\/\/www.harrisvilledental.ca\/fr\/wp-json\/wp\/v2\/types\/page"}],"author":[{"embeddable":true,"href":"https:\/\/www.harrisvilledental.ca\/fr\/wp-json\/wp\/v2\/users\/5"}],"replies":[{"embeddable":true,"href":"https:\/\/www.harrisvilledental.ca\/fr\/wp-json\/wp\/v2\/comments?post=7996"}],"version-history":[{"count":0,"href":"https:\/\/www.harrisvilledental.ca\/fr\/wp-json\/wp\/v2\/pages\/7996\/revisions"}],"up":[{"embeddable":true,"href":"https:\/\/www.harrisvilledental.ca\/fr\/wp-json\/wp\/v2\/pages\/7997"}],"wp:attachment":[{"href":"https:\/\/www.harrisvilledental.ca\/fr\/wp-json\/wp\/v2\/media?parent=7996"}],"curies":[{"name":"wp","href":"https:\/\/api.w.org\/{rel}","templated":true}]}}