{"id":7994,"date":"2019-05-24T22:38:55","date_gmt":"2019-05-25T01:38:55","guid":{"rendered":"https:\/\/www.harrisvilledental.ca\/dr-henri-leblanc\/"},"modified":"2023-07-26T11:39:55","modified_gmt":"2023-07-26T14:39:55","slug":"dr-henri-leblanc-dentiste-a-moncton","status":"publish","type":"page","link":"https:\/\/www.harrisvilledental.ca\/fr\/dr-henri-leblanc-dentiste-a-moncton\/","title":{"rendered":"Dr Henri LeBlanc"},"content":{"rendered":"<div class=\"fusion-fullwidth fullwidth-box fusion-builder-row-1 nonhundred-percent-fullwidth non-hundred-percent-height-scrolling\" style=\"--awb-background-position:left top;--awb-border-sizes-top:0px;--awb-border-sizes-bottom:0px;--awb-border-sizes-left:0px;--awb-border-sizes-right:0px;--awb-border-radius-top-left:0px;--awb-border-radius-top-right:0px;--awb-border-radius-bottom-right:0px;--awb-border-radius-bottom-left:0px;--awb-background-color:rgba(255,255,255,0.5);--awb-flex-wrap:wrap;\" ><div class=\"fusion-builder-row fusion-row\"><div class=\"fusion-layout-column fusion_builder_column fusion-builder-column-0 fusion_builder_column_1_3 1_3 fusion-one-third fusion-column-first\" style=\"--awb-bg-size:cover;width:33.333333333333%;width:calc(33.333333333333% - ( ( 4% ) * 0.33333333333333 ) );margin-right: 4%;\"><div class=\"fusion-column-wrapper fusion-column-has-shadow fusion-flex-column-wrapper-legacy\"><div class=\"fusion-image-element in-legacy-container\" style=\"--awb-caption-title-font-family:var(--h2_typography-font-family);--awb-caption-title-font-weight:var(--h2_typography-font-weight);--awb-caption-title-font-style:var(--h2_typography-font-style);--awb-caption-title-size:var(--h2_typography-font-size);--awb-caption-title-transform:var(--h2_typography-text-transform);--awb-caption-title-line-height:var(--h2_typography-line-height);--awb-caption-title-letter-spacing:var(--h2_typography-letter-spacing);\"><span class=\" fusion-imageframe imageframe-none imageframe-1 hover-type-none\"><img decoding=\"async\" width=\"400\" height=\"400\" alt=\"dr-henri-leblanc\" title=\"dr-henri-leblanc\" src=\"https:\/\/www.harrisvilledental.ca\/wp-content\/uploads\/2019\/05\/dr-henri-leblanc-2-400x400.jpg\" class=\"img-responsive wp-image-6677\" srcset=\"https:\/\/www.harrisvilledental.ca\/wp-content\/uploads\/2019\/05\/dr-henri-leblanc-2-200x200.jpg 200w, https:\/\/www.harrisvilledental.ca\/wp-content\/uploads\/2019\/05\/dr-henri-leblanc-2-400x400.jpg 400w, https:\/\/www.harrisvilledental.ca\/wp-content\/uploads\/2019\/05\/dr-henri-leblanc-2.jpg 450w\" sizes=\"(max-width: 800px) 100vw, 400px\" \/><\/span><\/div><div class=\"fusion-sep-clear\"><\/div><div class=\"fusion-separator fusion-full-width-sep\" style=\"margin-left: auto;margin-right: auto;margin-top:10px;width:100%;\"><\/div><div class=\"fusion-sep-clear\"><\/div><a class=\"fb-icon-element-1 fb-icon-element fontawesome-icon fa-linkedin fab circle-yes fusion-text-flow fusion-link\" style=\"--awb-circlebordersize:1px;--awb-font-size:22.88px;--awb-width:45.76px;--awb-height:45.76px;--awb-line-height:43.76px;--awb-margin-right:13px;\" href=\"https:\/\/www.linkedin.com\/in\/henri-leblanc-11948786\/\" target=\"_blank\" aria-label=\"Link to https:\/\/www.linkedin.com\/in\/henri-leblanc-11948786\/\" rel=\"noopener noreferrer\"><\/a><div class=\"fusion-clearfix\"><\/div><\/div><\/div><div class=\"fusion-layout-column fusion_builder_column fusion-builder-column-1 fusion_builder_column_2_3 2_3 fusion-two-third fusion-column-last\" style=\"--awb-bg-size:cover;width:66.666666666667%;width:calc(66.666666666667% - ( ( 4% ) * 0.66666666666667 ) );\"><div class=\"fusion-column-wrapper fusion-flex-column-wrapper-legacy\"><div class=\"fusion-text fusion-text-1\"><h1>Dr. Henri LeBlanc<br \/>\nDentiste<\/h1>\n<\/div><div class=\"fusion-text fusion-text-2\"><p>Dr Henri LeBlanc est originaire de Memramcook, au Nouveau-Brunswick. Il a obtenu son dipl\u00f4me en sciences de la sant\u00e9 (DSS) de l\u2019Universit\u00e9 de Moncton en 2001 et son doctorat en m\u00e9decine dentaire de l\u2019Universit\u00e9 Laval en 2005. Il est laur\u00e9at du prix de l\u2019American Academy of Oral Medecine.<\/p>\n<p>Dr LeBlanc a approfondi sa formation en suivant un programme de r\u00e9sidence multidisciplinaire \u00e0 l\u2019H\u00f4pital Royal Victoria de l\u2019Universit\u00e9 McGill en 2006. Il a aussi fait un internat dans un cabinet d\u2019orthodontie priv\u00e9 de 2007 \u00e0 2008. Dr LeBlanc se passionne pour l\u2019\u00e9tude de la dentisterie. Il adore apprendre, enseigner et appliquer les traitements m\u00e9dicaux et dentaires les plus r\u00e9cents pour le bienfait de ses patients.<\/p>\n<p>Durant ses moments libres, il aime courir, jouer au hockey, faire du ski alpin, voyager et passer du temps avec sa famille et son fid\u00e8le compagnon, Whistler!<\/p>\n<\/div><div class=\"fusion-clearfix\"><\/div><\/div><\/div><\/div><\/div>\n","protected":false},"excerpt":{"rendered":"","protected":false},"author":2,"featured_media":0,"parent":0,"menu_order":0,"comment_status":"closed","ping_status":"closed","template":"","meta":{"footnotes":""},"class_list":["post-7994","page","type-page","status-publish","hentry"],"yoast_head":"<!-- This site is optimized with the Yoast SEO plugin v27.3 - https:\/\/yoast.com\/product\/yoast-seo-wordpress\/ -->\n<title>Dr Henri LeBlanc - Moncton Dentists | New Patients Welcome<\/title>\n<meta name=\"description\" content=\"Dr LeBlanc se passionne pour l\u2019\u00e9tude de la dentisterie. Il adore apprendre, enseigner et appliquer les traitements m\u00e9dicaux et dentaires les plus r\u00e9cents pour le bienfait de ses patients.\" \/>\n<meta name=\"robots\" content=\"index, follow, max-snippet:-1, max-image-preview:large, max-video-preview:-1\" \/>\n<link rel=\"canonical\" href=\"https:\/\/www.harrisvilledental.ca\/fr\/dr-henri-leblanc-dentiste-a-moncton\/\" \/>\n<meta property=\"og:locale\" content=\"fr_FR\" \/>\n<meta property=\"og:type\" content=\"article\" \/>\n<meta property=\"og:title\" content=\"Dr Henri LeBlanc - Moncton Dentists | New Patients Welcome\" \/>\n<meta property=\"og:description\" content=\"Dr LeBlanc se passionne pour l\u2019\u00e9tude de la dentisterie. Il adore apprendre, enseigner et appliquer les traitements m\u00e9dicaux et dentaires les plus r\u00e9cents pour le bienfait de ses patients.\" \/>\n<meta property=\"og:url\" content=\"https:\/\/www.harrisvilledental.ca\/fr\/dr-henri-leblanc-dentiste-a-moncton\/\" \/>\n<meta property=\"og:site_name\" content=\"Moncton Dentists | New Patients Welcome\" \/>\n<meta property=\"article:publisher\" content=\"https:\/\/www.facebook.com\/harrisvilledental\/\" \/>\n<meta property=\"article:modified_time\" content=\"2023-07-26T14:39:55+00:00\" \/>\n<meta name=\"twitter:card\" content=\"summary_large_image\" \/>\n<meta name=\"twitter:label1\" content=\"Dur\u00e9e de lecture estim\u00e9e\" \/>\n\t<meta name=\"twitter:data1\" content=\"2 minutes\" \/>\n<script type=\"application\/ld+json\" class=\"yoast-schema-graph\">{\"@context\":\"https:\\\/\\\/schema.org\",\"@graph\":[{\"@type\":\"WebPage\",\"@id\":\"https:\\\/\\\/www.harrisvilledental.ca\\\/fr\\\/dr-henri-leblanc-dentiste-a-moncton\\\/\",\"url\":\"https:\\\/\\\/www.harrisvilledental.ca\\\/fr\\\/dr-henri-leblanc-dentiste-a-moncton\\\/\",\"name\":\"Dr Henri LeBlanc - Moncton Dentists | New Patients Welcome\",\"isPartOf\":{\"@id\":\"https:\\\/\\\/www.harrisvilledental.ca\\\/#website\"},\"datePublished\":\"2019-05-25T01:38:55+00:00\",\"dateModified\":\"2023-07-26T14:39:55+00:00\",\"description\":\"Dr LeBlanc se passionne pour l\u2019\u00e9tude de la dentisterie. Il adore apprendre, enseigner et appliquer les traitements m\u00e9dicaux et dentaires les plus r\u00e9cents pour le bienfait de ses patients.\",\"breadcrumb\":{\"@id\":\"https:\\\/\\\/www.harrisvilledental.ca\\\/fr\\\/dr-henri-leblanc-dentiste-a-moncton\\\/#breadcrumb\"},\"inLanguage\":\"fr-FR\",\"potentialAction\":[{\"@type\":\"ReadAction\",\"target\":[\"https:\\\/\\\/www.harrisvilledental.ca\\\/fr\\\/dr-henri-leblanc-dentiste-a-moncton\\\/\"]}]},{\"@type\":\"BreadcrumbList\",\"@id\":\"https:\\\/\\\/www.harrisvilledental.ca\\\/fr\\\/dr-henri-leblanc-dentiste-a-moncton\\\/#breadcrumb\",\"itemListElement\":[{\"@type\":\"ListItem\",\"position\":1,\"name\":\"Home\",\"item\":\"https:\\\/\\\/www.harrisvilledental.ca\\\/fr\\\/\"},{\"@type\":\"ListItem\",\"position\":2,\"name\":\"Dr Henri LeBlanc\"}]},{\"@type\":\"WebSite\",\"@id\":\"https:\\\/\\\/www.harrisvilledental.ca\\\/#website\",\"url\":\"https:\\\/\\\/www.harrisvilledental.ca\\\/\",\"name\":\"Moncton Dentists | New Patients Welcome\",\"description\":\"\",\"publisher\":{\"@id\":\"https:\\\/\\\/www.harrisvilledental.ca\\\/#organization\"},\"potentialAction\":[{\"@type\":\"SearchAction\",\"target\":{\"@type\":\"EntryPoint\",\"urlTemplate\":\"https:\\\/\\\/www.harrisvilledental.ca\\\/?s={search_term_string}\"},\"query-input\":{\"@type\":\"PropertyValueSpecification\",\"valueRequired\":true,\"valueName\":\"search_term_string\"}}],\"inLanguage\":\"fr-FR\"},{\"@type\":\"Organization\",\"@id\":\"https:\\\/\\\/www.harrisvilledental.ca\\\/#organization\",\"name\":\"Moncton Dentists\",\"url\":\"https:\\\/\\\/www.harrisvilledental.ca\\\/\",\"logo\":{\"@type\":\"ImageObject\",\"inLanguage\":\"fr-FR\",\"@id\":\"https:\\\/\\\/www.harrisvilledental.ca\\\/#\\\/schema\\\/logo\\\/image\\\/\",\"url\":\"https:\\\/\\\/www.harrisvilledental.ca\\\/wp-content\\\/uploads\\\/2019\\\/05\\\/harrisville-dental-logo_brush.png\",\"contentUrl\":\"https:\\\/\\\/www.harrisvilledental.ca\\\/wp-content\\\/uploads\\\/2019\\\/05\\\/harrisville-dental-logo_brush.png\",\"width\":159,\"height\":50,\"caption\":\"Moncton Dentists\"},\"image\":{\"@id\":\"https:\\\/\\\/www.harrisvilledental.ca\\\/#\\\/schema\\\/logo\\\/image\\\/\"},\"sameAs\":[\"https:\\\/\\\/www.facebook.com\\\/harrisvilledental\\\/\"]}]}<\/script>\n<!-- \/ Yoast SEO plugin. -->","yoast_head_json":{"title":"Dr Henri LeBlanc - Moncton Dentists | New Patients Welcome","description":"Dr LeBlanc se passionne pour l\u2019\u00e9tude de la dentisterie. Il adore apprendre, enseigner et appliquer les traitements m\u00e9dicaux et dentaires les plus r\u00e9cents pour le bienfait de ses patients.","robots":{"index":"index","follow":"follow","max-snippet":"max-snippet:-1","max-image-preview":"max-image-preview:large","max-video-preview":"max-video-preview:-1"},"canonical":"https:\/\/www.harrisvilledental.ca\/fr\/dr-henri-leblanc-dentiste-a-moncton\/","og_locale":"fr_FR","og_type":"article","og_title":"Dr Henri LeBlanc - Moncton Dentists | New Patients Welcome","og_description":"Dr LeBlanc se passionne pour l\u2019\u00e9tude de la dentisterie. Il adore apprendre, enseigner et appliquer les traitements m\u00e9dicaux et dentaires les plus r\u00e9cents pour le bienfait de ses patients.","og_url":"https:\/\/www.harrisvilledental.ca\/fr\/dr-henri-leblanc-dentiste-a-moncton\/","og_site_name":"Moncton Dentists | New Patients Welcome","article_publisher":"https:\/\/www.facebook.com\/harrisvilledental\/","article_modified_time":"2023-07-26T14:39:55+00:00","twitter_card":"summary_large_image","twitter_misc":{"Dur\u00e9e de lecture estim\u00e9e":"2 minutes"},"schema":{"@context":"https:\/\/schema.org","@graph":[{"@type":"WebPage","@id":"https:\/\/www.harrisvilledental.ca\/fr\/dr-henri-leblanc-dentiste-a-moncton\/","url":"https:\/\/www.harrisvilledental.ca\/fr\/dr-henri-leblanc-dentiste-a-moncton\/","name":"Dr Henri LeBlanc - Moncton Dentists | New Patients Welcome","isPartOf":{"@id":"https:\/\/www.harrisvilledental.ca\/#website"},"datePublished":"2019-05-25T01:38:55+00:00","dateModified":"2023-07-26T14:39:55+00:00","description":"Dr LeBlanc se passionne pour l\u2019\u00e9tude de la dentisterie. Il adore apprendre, enseigner et appliquer les traitements m\u00e9dicaux et dentaires les plus r\u00e9cents pour le bienfait de ses patients.","breadcrumb":{"@id":"https:\/\/www.harrisvilledental.ca\/fr\/dr-henri-leblanc-dentiste-a-moncton\/#breadcrumb"},"inLanguage":"fr-FR","potentialAction":[{"@type":"ReadAction","target":["https:\/\/www.harrisvilledental.ca\/fr\/dr-henri-leblanc-dentiste-a-moncton\/"]}]},{"@type":"BreadcrumbList","@id":"https:\/\/www.harrisvilledental.ca\/fr\/dr-henri-leblanc-dentiste-a-moncton\/#breadcrumb","itemListElement":[{"@type":"ListItem","position":1,"name":"Home","item":"https:\/\/www.harrisvilledental.ca\/fr\/"},{"@type":"ListItem","position":2,"name":"Dr Henri LeBlanc"}]},{"@type":"WebSite","@id":"https:\/\/www.harrisvilledental.ca\/#website","url":"https:\/\/www.harrisvilledental.ca\/","name":"Moncton Dentists | New Patients Welcome","description":"","publisher":{"@id":"https:\/\/www.harrisvilledental.ca\/#organization"},"potentialAction":[{"@type":"SearchAction","target":{"@type":"EntryPoint","urlTemplate":"https:\/\/www.harrisvilledental.ca\/?s={search_term_string}"},"query-input":{"@type":"PropertyValueSpecification","valueRequired":true,"valueName":"search_term_string"}}],"inLanguage":"fr-FR"},{"@type":"Organization","@id":"https:\/\/www.harrisvilledental.ca\/#organization","name":"Moncton Dentists","url":"https:\/\/www.harrisvilledental.ca\/","logo":{"@type":"ImageObject","inLanguage":"fr-FR","@id":"https:\/\/www.harrisvilledental.ca\/#\/schema\/logo\/image\/","url":"https:\/\/www.harrisvilledental.ca\/wp-content\/uploads\/2019\/05\/harrisville-dental-logo_brush.png","contentUrl":"https:\/\/www.harrisvilledental.ca\/wp-content\/uploads\/2019\/05\/harrisville-dental-logo_brush.png","width":159,"height":50,"caption":"Moncton Dentists"},"image":{"@id":"https:\/\/www.harrisvilledental.ca\/#\/schema\/logo\/image\/"},"sameAs":["https:\/\/www.facebook.com\/harrisvilledental\/"]}]}},"_links":{"self":[{"href":"https:\/\/www.harrisvilledental.ca\/fr\/wp-json\/wp\/v2\/pages\/7994","targetHints":{"allow":["GET"]}}],"collection":[{"href":"https:\/\/www.harrisvilledental.ca\/fr\/wp-json\/wp\/v2\/pages"}],"about":[{"href":"https:\/\/www.harrisvilledental.ca\/fr\/wp-json\/wp\/v2\/types\/page"}],"author":[{"embeddable":true,"href":"https:\/\/www.harrisvilledental.ca\/fr\/wp-json\/wp\/v2\/users\/2"}],"replies":[{"embeddable":true,"href":"https:\/\/www.harrisvilledental.ca\/fr\/wp-json\/wp\/v2\/comments?post=7994"}],"version-history":[{"count":0,"href":"https:\/\/www.harrisvilledental.ca\/fr\/wp-json\/wp\/v2\/pages\/7994\/revisions"}],"wp:attachment":[{"href":"https:\/\/www.harrisvilledental.ca\/fr\/wp-json\/wp\/v2\/media?parent=7994"}],"curies":[{"name":"wp","href":"https:\/\/api.w.org\/{rel}","templated":true}]}}