{"id":7993,"date":"2019-05-24T22:41:59","date_gmt":"2019-05-25T01:41:59","guid":{"rendered":"https:\/\/www.harrisvilledental.ca\/dr-alex-leblanc\/"},"modified":"2019-08-01T21:08:53","modified_gmt":"2019-08-02T00:08:53","slug":"dr-alex-leblanc-dentiste-moncton","status":"publish","type":"page","link":"https:\/\/www.harrisvilledental.ca\/fr\/dr-alex-leblanc-dentiste-moncton\/","title":{"rendered":"Dr. Alex LeBlanc"},"content":{"rendered":"<div class=\"fusion-fullwidth fullwidth-box fusion-builder-row-1 nonhundred-percent-fullwidth non-hundred-percent-height-scrolling\" style=\"--awb-background-position:left top;--awb-border-radius-top-left:0px;--awb-border-radius-top-right:0px;--awb-border-radius-bottom-right:0px;--awb-border-radius-bottom-left:0px;--awb-background-color:rgba(255,255,255,0.5);--awb-border-sizes-top:0px;--awb-border-sizes-bottom:0px;--awb-flex-wrap:wrap;\" ><div class=\"fusion-builder-row fusion-row\"><div class=\"fusion-layout-column fusion_builder_column fusion-builder-column-0 fusion_builder_column_1_3 1_3 fusion-one-third fusion-column-first\" style=\"--awb-bg-size:cover;width:33.333333333333%;width:calc(33.333333333333% - ( ( 4% ) * 0.33333333333333 ) );margin-right: 4%;\"><div class=\"fusion-column-wrapper fusion-column-has-shadow fusion-flex-column-wrapper-legacy\"><div class=\"fusion-image-element in-legacy-container\" style=\"--awb-caption-title-font-family:var(--h2_typography-font-family);--awb-caption-title-font-weight:var(--h2_typography-font-weight);--awb-caption-title-font-style:var(--h2_typography-font-style);--awb-caption-title-size:var(--h2_typography-font-size);--awb-caption-title-transform:var(--h2_typography-text-transform);--awb-caption-title-line-height:var(--h2_typography-line-height);--awb-caption-title-letter-spacing:var(--h2_typography-letter-spacing);\"><span class=\" fusion-imageframe imageframe-none imageframe-1 hover-type-none\"><img decoding=\"async\" width=\"400\" height=\"400\" title=\"alexleblanc2\" src=\"https:\/\/www.harrisvilledental.ca\/wp-content\/uploads\/2019\/06\/alexleblanc2-400x400.jpeg\" alt class=\"img-responsive wp-image-7073\" srcset=\"https:\/\/www.harrisvilledental.ca\/wp-content\/uploads\/2019\/06\/alexleblanc2-200x200.jpeg 200w, https:\/\/www.harrisvilledental.ca\/wp-content\/uploads\/2019\/06\/alexleblanc2-400x400.jpeg 400w, https:\/\/www.harrisvilledental.ca\/wp-content\/uploads\/2019\/06\/alexleblanc2-600x600.jpeg 600w, https:\/\/www.harrisvilledental.ca\/wp-content\/uploads\/2019\/06\/alexleblanc2-800x800.jpeg 800w, https:\/\/www.harrisvilledental.ca\/wp-content\/uploads\/2019\/06\/alexleblanc2.jpeg 1080w\" sizes=\"(max-width: 800px) 100vw, 400px\" \/><\/span><\/div><div class=\"fusion-clearfix\"><\/div><\/div><\/div><div class=\"fusion-layout-column fusion_builder_column fusion-builder-column-1 fusion_builder_column_2_3 2_3 fusion-two-third fusion-column-last\" style=\"--awb-bg-size:cover;width:66.666666666667%;width:calc(66.666666666667% - ( ( 4% ) * 0.66666666666667 ) );\"><div class=\"fusion-column-wrapper fusion-flex-column-wrapper-legacy\"><div class=\"fusion-text fusion-text-1\"><h1>Dr. Alex LeBlanc<br \/>\nDentiste<\/h1>\n<\/div><div class=\"fusion-text fusion-text-2\"><p>Dr Alex LeBlanc est originaire de Moncton, au Nouveau-Brunswick. Il a obtenu son baccalaur\u00e9at \u00e8s sciences en biologie, avec distinction, de l\u2019Universit\u00e9 Mount Saint Vincent, \u00e0 Halifax, en 2014. Il a ensuite obtenu son doctorat en chirurgie dentaire de l\u2019Universit\u00e9 Dalhousie en 2019. Alex est laur\u00e9at du prix Dr F.A. Godsoe 2018, d\u00e9cern\u00e9 pour souligner une excellente ma\u00eetrise des sciences fondamentales en pratique clinique.<\/p>\n<p>Passionn\u00e9 par le domaine de la dentisterie, Alex se r\u00e9jouit \u00e0 la perspective d\u2019offrir des soins de qualit\u00e9 aux patients dans sa ville natale. Il veut faire des soins dentaires une exp\u00e9rience confortable et agr\u00e9able pour tous ses patients.<\/p>\n<p>Durant ses moments libres, Alex aime jouer au basketball et au golf, faire du v\u00e9lo de montagne et de la planche \u00e0 neige et passer du temps avec ses proches et ses amis.<\/p>\n<\/div><div class=\"fusion-clearfix\"><\/div><\/div><\/div><\/div><\/div>\n","protected":false},"excerpt":{"rendered":"","protected":false},"author":2,"featured_media":0,"parent":0,"menu_order":0,"comment_status":"closed","ping_status":"closed","template":"","meta":{"footnotes":""},"class_list":["post-7993","page","type-page","status-publish","hentry"],"yoast_head":"<!-- This site is optimized with the Yoast SEO plugin v27.3 - https:\/\/yoast.com\/product\/yoast-seo-wordpress\/ -->\n<title>Dr. Alex LeBlanc - Moncton Dentists | New Patients Welcome<\/title>\n<meta name=\"description\" content=\"Le Dr. Alex Leblanc veut faire les soins dentaires une exp\u00e9rience confortable et agr\u00e9able pour tous ses patients.\" \/>\n<meta name=\"robots\" content=\"index, follow, max-snippet:-1, max-image-preview:large, max-video-preview:-1\" \/>\n<link rel=\"canonical\" href=\"https:\/\/www.harrisvilledental.ca\/fr\/dr-alex-leblanc-dentiste-moncton\/\" \/>\n<meta property=\"og:locale\" content=\"fr_FR\" \/>\n<meta property=\"og:type\" content=\"article\" \/>\n<meta property=\"og:title\" content=\"Dr. Alex LeBlanc - Moncton Dentists | New Patients Welcome\" \/>\n<meta property=\"og:description\" content=\"Le Dr. Alex Leblanc veut faire les soins dentaires une exp\u00e9rience confortable et agr\u00e9able pour tous ses patients.\" \/>\n<meta property=\"og:url\" content=\"https:\/\/www.harrisvilledental.ca\/fr\/dr-alex-leblanc-dentiste-moncton\/\" \/>\n<meta property=\"og:site_name\" content=\"Moncton Dentists | New Patients Welcome\" \/>\n<meta property=\"article:publisher\" content=\"https:\/\/www.facebook.com\/harrisvilledental\/\" \/>\n<meta property=\"article:modified_time\" content=\"2019-08-02T00:08:53+00:00\" \/>\n<meta name=\"twitter:card\" content=\"summary_large_image\" \/>\n<meta name=\"twitter:label1\" content=\"Dur\u00e9e de lecture estim\u00e9e\" \/>\n\t<meta name=\"twitter:data1\" content=\"3 minutes\" \/>\n<script type=\"application\/ld+json\" class=\"yoast-schema-graph\">{\"@context\":\"https:\\\/\\\/schema.org\",\"@graph\":[{\"@type\":\"WebPage\",\"@id\":\"https:\\\/\\\/www.harrisvilledental.ca\\\/fr\\\/dr-alex-leblanc-dentiste-moncton\\\/\",\"url\":\"https:\\\/\\\/www.harrisvilledental.ca\\\/fr\\\/dr-alex-leblanc-dentiste-moncton\\\/\",\"name\":\"Dr. Alex LeBlanc - Moncton Dentists | New Patients Welcome\",\"isPartOf\":{\"@id\":\"https:\\\/\\\/www.harrisvilledental.ca\\\/#website\"},\"datePublished\":\"2019-05-25T01:41:59+00:00\",\"dateModified\":\"2019-08-02T00:08:53+00:00\",\"description\":\"Le Dr. Alex Leblanc veut faire les soins dentaires une exp\u00e9rience confortable et agr\u00e9able pour tous ses patients.\",\"breadcrumb\":{\"@id\":\"https:\\\/\\\/www.harrisvilledental.ca\\\/fr\\\/dr-alex-leblanc-dentiste-moncton\\\/#breadcrumb\"},\"inLanguage\":\"fr-FR\",\"potentialAction\":[{\"@type\":\"ReadAction\",\"target\":[\"https:\\\/\\\/www.harrisvilledental.ca\\\/fr\\\/dr-alex-leblanc-dentiste-moncton\\\/\"]}]},{\"@type\":\"BreadcrumbList\",\"@id\":\"https:\\\/\\\/www.harrisvilledental.ca\\\/fr\\\/dr-alex-leblanc-dentiste-moncton\\\/#breadcrumb\",\"itemListElement\":[{\"@type\":\"ListItem\",\"position\":1,\"name\":\"Home\",\"item\":\"https:\\\/\\\/www.harrisvilledental.ca\\\/fr\\\/\"},{\"@type\":\"ListItem\",\"position\":2,\"name\":\"Dr. Alex LeBlanc\"}]},{\"@type\":\"WebSite\",\"@id\":\"https:\\\/\\\/www.harrisvilledental.ca\\\/#website\",\"url\":\"https:\\\/\\\/www.harrisvilledental.ca\\\/\",\"name\":\"Moncton Dentists | New Patients Welcome\",\"description\":\"\",\"publisher\":{\"@id\":\"https:\\\/\\\/www.harrisvilledental.ca\\\/#organization\"},\"potentialAction\":[{\"@type\":\"SearchAction\",\"target\":{\"@type\":\"EntryPoint\",\"urlTemplate\":\"https:\\\/\\\/www.harrisvilledental.ca\\\/?s={search_term_string}\"},\"query-input\":{\"@type\":\"PropertyValueSpecification\",\"valueRequired\":true,\"valueName\":\"search_term_string\"}}],\"inLanguage\":\"fr-FR\"},{\"@type\":\"Organization\",\"@id\":\"https:\\\/\\\/www.harrisvilledental.ca\\\/#organization\",\"name\":\"Moncton Dentists\",\"url\":\"https:\\\/\\\/www.harrisvilledental.ca\\\/\",\"logo\":{\"@type\":\"ImageObject\",\"inLanguage\":\"fr-FR\",\"@id\":\"https:\\\/\\\/www.harrisvilledental.ca\\\/#\\\/schema\\\/logo\\\/image\\\/\",\"url\":\"https:\\\/\\\/www.harrisvilledental.ca\\\/wp-content\\\/uploads\\\/2019\\\/05\\\/harrisville-dental-logo_brush.png\",\"contentUrl\":\"https:\\\/\\\/www.harrisvilledental.ca\\\/wp-content\\\/uploads\\\/2019\\\/05\\\/harrisville-dental-logo_brush.png\",\"width\":159,\"height\":50,\"caption\":\"Moncton Dentists\"},\"image\":{\"@id\":\"https:\\\/\\\/www.harrisvilledental.ca\\\/#\\\/schema\\\/logo\\\/image\\\/\"},\"sameAs\":[\"https:\\\/\\\/www.facebook.com\\\/harrisvilledental\\\/\"]}]}<\/script>\n<!-- \/ Yoast SEO plugin. -->","yoast_head_json":{"title":"Dr. Alex LeBlanc - Moncton Dentists | New Patients Welcome","description":"Le Dr. Alex Leblanc veut faire les soins dentaires une exp\u00e9rience confortable et agr\u00e9able pour tous ses patients.","robots":{"index":"index","follow":"follow","max-snippet":"max-snippet:-1","max-image-preview":"max-image-preview:large","max-video-preview":"max-video-preview:-1"},"canonical":"https:\/\/www.harrisvilledental.ca\/fr\/dr-alex-leblanc-dentiste-moncton\/","og_locale":"fr_FR","og_type":"article","og_title":"Dr. Alex LeBlanc - Moncton Dentists | New Patients Welcome","og_description":"Le Dr. Alex Leblanc veut faire les soins dentaires une exp\u00e9rience confortable et agr\u00e9able pour tous ses patients.","og_url":"https:\/\/www.harrisvilledental.ca\/fr\/dr-alex-leblanc-dentiste-moncton\/","og_site_name":"Moncton Dentists | New Patients Welcome","article_publisher":"https:\/\/www.facebook.com\/harrisvilledental\/","article_modified_time":"2019-08-02T00:08:53+00:00","twitter_card":"summary_large_image","twitter_misc":{"Dur\u00e9e de lecture estim\u00e9e":"3 minutes"},"schema":{"@context":"https:\/\/schema.org","@graph":[{"@type":"WebPage","@id":"https:\/\/www.harrisvilledental.ca\/fr\/dr-alex-leblanc-dentiste-moncton\/","url":"https:\/\/www.harrisvilledental.ca\/fr\/dr-alex-leblanc-dentiste-moncton\/","name":"Dr. Alex LeBlanc - Moncton Dentists | New Patients Welcome","isPartOf":{"@id":"https:\/\/www.harrisvilledental.ca\/#website"},"datePublished":"2019-05-25T01:41:59+00:00","dateModified":"2019-08-02T00:08:53+00:00","description":"Le Dr. Alex Leblanc veut faire les soins dentaires une exp\u00e9rience confortable et agr\u00e9able pour tous ses patients.","breadcrumb":{"@id":"https:\/\/www.harrisvilledental.ca\/fr\/dr-alex-leblanc-dentiste-moncton\/#breadcrumb"},"inLanguage":"fr-FR","potentialAction":[{"@type":"ReadAction","target":["https:\/\/www.harrisvilledental.ca\/fr\/dr-alex-leblanc-dentiste-moncton\/"]}]},{"@type":"BreadcrumbList","@id":"https:\/\/www.harrisvilledental.ca\/fr\/dr-alex-leblanc-dentiste-moncton\/#breadcrumb","itemListElement":[{"@type":"ListItem","position":1,"name":"Home","item":"https:\/\/www.harrisvilledental.ca\/fr\/"},{"@type":"ListItem","position":2,"name":"Dr. Alex LeBlanc"}]},{"@type":"WebSite","@id":"https:\/\/www.harrisvilledental.ca\/#website","url":"https:\/\/www.harrisvilledental.ca\/","name":"Moncton Dentists | New Patients Welcome","description":"","publisher":{"@id":"https:\/\/www.harrisvilledental.ca\/#organization"},"potentialAction":[{"@type":"SearchAction","target":{"@type":"EntryPoint","urlTemplate":"https:\/\/www.harrisvilledental.ca\/?s={search_term_string}"},"query-input":{"@type":"PropertyValueSpecification","valueRequired":true,"valueName":"search_term_string"}}],"inLanguage":"fr-FR"},{"@type":"Organization","@id":"https:\/\/www.harrisvilledental.ca\/#organization","name":"Moncton Dentists","url":"https:\/\/www.harrisvilledental.ca\/","logo":{"@type":"ImageObject","inLanguage":"fr-FR","@id":"https:\/\/www.harrisvilledental.ca\/#\/schema\/logo\/image\/","url":"https:\/\/www.harrisvilledental.ca\/wp-content\/uploads\/2019\/05\/harrisville-dental-logo_brush.png","contentUrl":"https:\/\/www.harrisvilledental.ca\/wp-content\/uploads\/2019\/05\/harrisville-dental-logo_brush.png","width":159,"height":50,"caption":"Moncton Dentists"},"image":{"@id":"https:\/\/www.harrisvilledental.ca\/#\/schema\/logo\/image\/"},"sameAs":["https:\/\/www.facebook.com\/harrisvilledental\/"]}]}},"_links":{"self":[{"href":"https:\/\/www.harrisvilledental.ca\/fr\/wp-json\/wp\/v2\/pages\/7993","targetHints":{"allow":["GET"]}}],"collection":[{"href":"https:\/\/www.harrisvilledental.ca\/fr\/wp-json\/wp\/v2\/pages"}],"about":[{"href":"https:\/\/www.harrisvilledental.ca\/fr\/wp-json\/wp\/v2\/types\/page"}],"author":[{"embeddable":true,"href":"https:\/\/www.harrisvilledental.ca\/fr\/wp-json\/wp\/v2\/users\/2"}],"replies":[{"embeddable":true,"href":"https:\/\/www.harrisvilledental.ca\/fr\/wp-json\/wp\/v2\/comments?post=7993"}],"version-history":[{"count":0,"href":"https:\/\/www.harrisvilledental.ca\/fr\/wp-json\/wp\/v2\/pages\/7993\/revisions"}],"wp:attachment":[{"href":"https:\/\/www.harrisvilledental.ca\/fr\/wp-json\/wp\/v2\/media?parent=7993"}],"curies":[{"name":"wp","href":"https:\/\/api.w.org\/{rel}","templated":true}]}}