{"id":7992,"date":"2019-05-24T22:43:32","date_gmt":"2019-05-25T01:43:32","guid":{"rendered":"https:\/\/www.harrisvilledental.ca\/our-difference\/"},"modified":"2019-09-18T21:45:36","modified_gmt":"2019-09-19T00:45:36","slug":"notre-difference","status":"publish","type":"page","link":"https:\/\/www.harrisvilledental.ca\/fr\/notre-difference\/","title":{"rendered":"Our Difference"},"content":{"rendered":"<div class=\"fusion-fullwidth fullwidth-box fusion-builder-row-1 nonhundred-percent-fullwidth non-hundred-percent-height-scrolling\" style=\"--awb-background-position:left top;--awb-border-radius-top-left:0px;--awb-border-radius-top-right:0px;--awb-border-radius-bottom-right:0px;--awb-border-radius-bottom-left:0px;--awb-background-color:rgba(255,255,255,0.5);--awb-border-sizes-top:0px;--awb-border-sizes-bottom:0px;--awb-flex-wrap:wrap;\" ><div class=\"fusion-builder-row fusion-row\"><div class=\"fusion-layout-column fusion_builder_column fusion-builder-column-0 fusion_builder_column_1_1 1_1 fusion-one-full fusion-column-first fusion-column-last\" style=\"--awb-bg-size:cover;\"><div class=\"fusion-column-wrapper fusion-flex-column-wrapper-legacy\"><div class=\"fusion-text fusion-text-1\"><h1 style=\"text-align: left;\">Notre Diff\u00e9rence<\/h1>\n<p>Comme engagement, nous promettons de personnaliser l\u2019exp\u00e9rience de soins dentaires et d\u2019aider les patients \u00e0 r\u00e9aliser leurs objectifs de soins dentaires dans un cadre calme et professionnel.<\/p>\n<\/div><div class=\"fusion-text fusion-text-2\"><h2 style=\"text-align: left;\">Le Centre dentaire Harrisville<\/h2>\n<p>Situ\u00e9 au deuxi\u00e8me \u00e9tage du complexe Harrisville, notre cabinet exceptionnel est tout fin pr\u00eat \u00e0 servir la collectivit\u00e9 du Grand Moncton. Gr\u00e2ce \u00e0 notre d\u00e9marche moderne et personnalis\u00e9e, nous aidons les patients \u00e0 r\u00e9aliser leurs objectifs de soins dentaires tout en maintenant les normes de soins et de service les plus \u00e9lev\u00e9es. Ensemble, l\u2019\u00e9quipe multidisciplinaire de notre cabinet dentaire et les autres professionnels de la sant\u00e9 (physioth\u00e9rapeutes, nutritionnistes et m\u00e9decins) qui travaillent dans le complexe Harrisville sont en mesure d\u2019utiliser des approches exhaustives et in\u00e9gal\u00e9es qui b\u00e9n\u00e9ficient \u00e0 nos patients.<\/p>\n<p>Dr Henri LeBlanc et Dr Alex LeBlanc sont fiers d\u2019accueillir de nouveaux patients et de les aider \u00e0 atteindre leurs objectifs en mati\u00e8re de soins dentaires.<\/p>\n<p><strong>\u00c0 quoi peut-on s\u2019attendre lors d\u2019une visite au Centre dentaire Harrisville?<\/strong><\/p>\n<ul>\n<li>Traitements et techniques dentaires avanc\u00e9s<\/li>\n<li>Cadre calme et relaxant<\/li>\n<li>Service personnalis\u00e9<\/li>\n<li>Clinique situ\u00e9 dans un endroit id\u00e9al<\/li>\n<li>Soins dentaires sous s\u00e9dation (facultatif)<\/li>\n<li>Installations ultramodernes<\/li>\n<li>Technologies de pointe<\/li>\n<li>Dentistes abordables qui s\u2019engagent \u00e0 respecter les normes les plus \u00e9lev\u00e9es en mati\u00e8re de soins<\/li>\n<\/ul>\n<p>L\u2019engagement de nos dentistes envers le perfectionnement professionnel est sans parall\u00e8le. Dr Henri LeBlanc a pass\u00e9 de nombreuses heures dans diff\u00e9rents milieux, cours et congr\u00e8s m\u00e9dicaux et dentaires pour perfectionner son aptitude \u00e0 \u00e9tablir les diagnostics, \u00e0 planifier les soins et \u00e0 traiter les diff\u00e9rents probl\u00e8mes que les patients souhaitent r\u00e9soudre. De plus, sa d\u00e9marche consiste \u00e0 collaborer avec diff\u00e9rents professionnels en soins dentaires et m\u00e9dicaux pour assurer une approche exhaustive dans des situations complexes.<\/p>\n<\/div><div class=\"fusion-clearfix\"><\/div><\/div><\/div><\/div><\/div>\n","protected":false},"excerpt":{"rendered":"","protected":false},"author":2,"featured_media":0,"parent":0,"menu_order":0,"comment_status":"closed","ping_status":"closed","template":"","meta":{"footnotes":""},"class_list":["post-7992","page","type-page","status-publish","hentry"],"yoast_head":"<!-- This site is optimized with the Yoast SEO plugin v27.3 - https:\/\/yoast.com\/product\/yoast-seo-wordpress\/ -->\n<title>Our Difference - Moncton Dentists | New Patients Welcome<\/title>\n<meta name=\"description\" content=\"Comme engagement, nous promettons de personnaliser l\u2019exp\u00e9rience de soins dentaires et d\u2019aider les patients \u00e0 r\u00e9aliser leurs objectifs de soins dentaires dans un cadre calme et professionnel.\" \/>\n<meta name=\"robots\" content=\"index, follow, max-snippet:-1, max-image-preview:large, max-video-preview:-1\" \/>\n<link rel=\"canonical\" href=\"https:\/\/www.harrisvilledental.ca\/fr\/notre-difference\/\" \/>\n<meta property=\"og:locale\" content=\"fr_FR\" \/>\n<meta property=\"og:type\" content=\"article\" \/>\n<meta property=\"og:title\" content=\"Our Difference - Moncton Dentists | New Patients Welcome\" \/>\n<meta property=\"og:description\" content=\"Comme engagement, nous promettons de personnaliser l\u2019exp\u00e9rience de soins dentaires et d\u2019aider les patients \u00e0 r\u00e9aliser leurs objectifs de soins dentaires dans un cadre calme et professionnel.\" \/>\n<meta property=\"og:url\" content=\"https:\/\/www.harrisvilledental.ca\/fr\/notre-difference\/\" \/>\n<meta property=\"og:site_name\" content=\"Moncton Dentists | New Patients Welcome\" \/>\n<meta property=\"article:publisher\" content=\"https:\/\/www.facebook.com\/harrisvilledental\/\" \/>\n<meta property=\"article:modified_time\" content=\"2019-09-19T00:45:36+00:00\" \/>\n<meta name=\"twitter:card\" content=\"summary_large_image\" \/>\n<meta name=\"twitter:label1\" content=\"Dur\u00e9e de lecture estim\u00e9e\" \/>\n\t<meta name=\"twitter:data1\" content=\"3 minutes\" \/>\n<script type=\"application\/ld+json\" class=\"yoast-schema-graph\">{\"@context\":\"https:\\\/\\\/schema.org\",\"@graph\":[{\"@type\":\"WebPage\",\"@id\":\"https:\\\/\\\/www.harrisvilledental.ca\\\/fr\\\/notre-difference\\\/\",\"url\":\"https:\\\/\\\/www.harrisvilledental.ca\\\/fr\\\/notre-difference\\\/\",\"name\":\"Our Difference - Moncton Dentists | New Patients Welcome\",\"isPartOf\":{\"@id\":\"https:\\\/\\\/www.harrisvilledental.ca\\\/#website\"},\"datePublished\":\"2019-05-25T01:43:32+00:00\",\"dateModified\":\"2019-09-19T00:45:36+00:00\",\"description\":\"Comme engagement, nous promettons de personnaliser l\u2019exp\u00e9rience de soins dentaires et d\u2019aider les patients \u00e0 r\u00e9aliser leurs objectifs de soins dentaires dans un cadre calme et professionnel.\",\"breadcrumb\":{\"@id\":\"https:\\\/\\\/www.harrisvilledental.ca\\\/fr\\\/notre-difference\\\/#breadcrumb\"},\"inLanguage\":\"fr-FR\",\"potentialAction\":[{\"@type\":\"ReadAction\",\"target\":[\"https:\\\/\\\/www.harrisvilledental.ca\\\/fr\\\/notre-difference\\\/\"]}]},{\"@type\":\"BreadcrumbList\",\"@id\":\"https:\\\/\\\/www.harrisvilledental.ca\\\/fr\\\/notre-difference\\\/#breadcrumb\",\"itemListElement\":[{\"@type\":\"ListItem\",\"position\":1,\"name\":\"Home\",\"item\":\"https:\\\/\\\/www.harrisvilledental.ca\\\/fr\\\/\"},{\"@type\":\"ListItem\",\"position\":2,\"name\":\"Our Difference\"}]},{\"@type\":\"WebSite\",\"@id\":\"https:\\\/\\\/www.harrisvilledental.ca\\\/#website\",\"url\":\"https:\\\/\\\/www.harrisvilledental.ca\\\/\",\"name\":\"Moncton Dentists | New Patients Welcome\",\"description\":\"\",\"publisher\":{\"@id\":\"https:\\\/\\\/www.harrisvilledental.ca\\\/#organization\"},\"potentialAction\":[{\"@type\":\"SearchAction\",\"target\":{\"@type\":\"EntryPoint\",\"urlTemplate\":\"https:\\\/\\\/www.harrisvilledental.ca\\\/?s={search_term_string}\"},\"query-input\":{\"@type\":\"PropertyValueSpecification\",\"valueRequired\":true,\"valueName\":\"search_term_string\"}}],\"inLanguage\":\"fr-FR\"},{\"@type\":\"Organization\",\"@id\":\"https:\\\/\\\/www.harrisvilledental.ca\\\/#organization\",\"name\":\"Moncton Dentists\",\"url\":\"https:\\\/\\\/www.harrisvilledental.ca\\\/\",\"logo\":{\"@type\":\"ImageObject\",\"inLanguage\":\"fr-FR\",\"@id\":\"https:\\\/\\\/www.harrisvilledental.ca\\\/#\\\/schema\\\/logo\\\/image\\\/\",\"url\":\"https:\\\/\\\/www.harrisvilledental.ca\\\/wp-content\\\/uploads\\\/2019\\\/05\\\/harrisville-dental-logo_brush.png\",\"contentUrl\":\"https:\\\/\\\/www.harrisvilledental.ca\\\/wp-content\\\/uploads\\\/2019\\\/05\\\/harrisville-dental-logo_brush.png\",\"width\":159,\"height\":50,\"caption\":\"Moncton Dentists\"},\"image\":{\"@id\":\"https:\\\/\\\/www.harrisvilledental.ca\\\/#\\\/schema\\\/logo\\\/image\\\/\"},\"sameAs\":[\"https:\\\/\\\/www.facebook.com\\\/harrisvilledental\\\/\"]}]}<\/script>\n<!-- \/ Yoast SEO plugin. -->","yoast_head_json":{"title":"Our Difference - Moncton Dentists | New Patients Welcome","description":"Comme engagement, nous promettons de personnaliser l\u2019exp\u00e9rience de soins dentaires et d\u2019aider les patients \u00e0 r\u00e9aliser leurs objectifs de soins dentaires dans un cadre calme et professionnel.","robots":{"index":"index","follow":"follow","max-snippet":"max-snippet:-1","max-image-preview":"max-image-preview:large","max-video-preview":"max-video-preview:-1"},"canonical":"https:\/\/www.harrisvilledental.ca\/fr\/notre-difference\/","og_locale":"fr_FR","og_type":"article","og_title":"Our Difference - Moncton Dentists | New Patients Welcome","og_description":"Comme engagement, nous promettons de personnaliser l\u2019exp\u00e9rience de soins dentaires et d\u2019aider les patients \u00e0 r\u00e9aliser leurs objectifs de soins dentaires dans un cadre calme et professionnel.","og_url":"https:\/\/www.harrisvilledental.ca\/fr\/notre-difference\/","og_site_name":"Moncton Dentists | New Patients Welcome","article_publisher":"https:\/\/www.facebook.com\/harrisvilledental\/","article_modified_time":"2019-09-19T00:45:36+00:00","twitter_card":"summary_large_image","twitter_misc":{"Dur\u00e9e de lecture estim\u00e9e":"3 minutes"},"schema":{"@context":"https:\/\/schema.org","@graph":[{"@type":"WebPage","@id":"https:\/\/www.harrisvilledental.ca\/fr\/notre-difference\/","url":"https:\/\/www.harrisvilledental.ca\/fr\/notre-difference\/","name":"Our Difference - Moncton Dentists | New Patients Welcome","isPartOf":{"@id":"https:\/\/www.harrisvilledental.ca\/#website"},"datePublished":"2019-05-25T01:43:32+00:00","dateModified":"2019-09-19T00:45:36+00:00","description":"Comme engagement, nous promettons de personnaliser l\u2019exp\u00e9rience de soins dentaires et d\u2019aider les patients \u00e0 r\u00e9aliser leurs objectifs de soins dentaires dans un cadre calme et professionnel.","breadcrumb":{"@id":"https:\/\/www.harrisvilledental.ca\/fr\/notre-difference\/#breadcrumb"},"inLanguage":"fr-FR","potentialAction":[{"@type":"ReadAction","target":["https:\/\/www.harrisvilledental.ca\/fr\/notre-difference\/"]}]},{"@type":"BreadcrumbList","@id":"https:\/\/www.harrisvilledental.ca\/fr\/notre-difference\/#breadcrumb","itemListElement":[{"@type":"ListItem","position":1,"name":"Home","item":"https:\/\/www.harrisvilledental.ca\/fr\/"},{"@type":"ListItem","position":2,"name":"Our Difference"}]},{"@type":"WebSite","@id":"https:\/\/www.harrisvilledental.ca\/#website","url":"https:\/\/www.harrisvilledental.ca\/","name":"Moncton Dentists | New Patients Welcome","description":"","publisher":{"@id":"https:\/\/www.harrisvilledental.ca\/#organization"},"potentialAction":[{"@type":"SearchAction","target":{"@type":"EntryPoint","urlTemplate":"https:\/\/www.harrisvilledental.ca\/?s={search_term_string}"},"query-input":{"@type":"PropertyValueSpecification","valueRequired":true,"valueName":"search_term_string"}}],"inLanguage":"fr-FR"},{"@type":"Organization","@id":"https:\/\/www.harrisvilledental.ca\/#organization","name":"Moncton Dentists","url":"https:\/\/www.harrisvilledental.ca\/","logo":{"@type":"ImageObject","inLanguage":"fr-FR","@id":"https:\/\/www.harrisvilledental.ca\/#\/schema\/logo\/image\/","url":"https:\/\/www.harrisvilledental.ca\/wp-content\/uploads\/2019\/05\/harrisville-dental-logo_brush.png","contentUrl":"https:\/\/www.harrisvilledental.ca\/wp-content\/uploads\/2019\/05\/harrisville-dental-logo_brush.png","width":159,"height":50,"caption":"Moncton Dentists"},"image":{"@id":"https:\/\/www.harrisvilledental.ca\/#\/schema\/logo\/image\/"},"sameAs":["https:\/\/www.facebook.com\/harrisvilledental\/"]}]}},"_links":{"self":[{"href":"https:\/\/www.harrisvilledental.ca\/fr\/wp-json\/wp\/v2\/pages\/7992","targetHints":{"allow":["GET"]}}],"collection":[{"href":"https:\/\/www.harrisvilledental.ca\/fr\/wp-json\/wp\/v2\/pages"}],"about":[{"href":"https:\/\/www.harrisvilledental.ca\/fr\/wp-json\/wp\/v2\/types\/page"}],"author":[{"embeddable":true,"href":"https:\/\/www.harrisvilledental.ca\/fr\/wp-json\/wp\/v2\/users\/2"}],"replies":[{"embeddable":true,"href":"https:\/\/www.harrisvilledental.ca\/fr\/wp-json\/wp\/v2\/comments?post=7992"}],"version-history":[{"count":0,"href":"https:\/\/www.harrisvilledental.ca\/fr\/wp-json\/wp\/v2\/pages\/7992\/revisions"}],"wp:attachment":[{"href":"https:\/\/www.harrisvilledental.ca\/fr\/wp-json\/wp\/v2\/media?parent=7992"}],"curies":[{"name":"wp","href":"https:\/\/api.w.org\/{rel}","templated":true}]}}