{"id":7986,"date":"2019-05-24T23:29:48","date_gmt":"2019-05-25T02:29:48","guid":{"rendered":"https:\/\/www.harrisvilledental.ca\/root-canals\/"},"modified":"2019-08-01T21:20:22","modified_gmt":"2019-08-02T00:20:22","slug":"traitement-de-canal","status":"publish","type":"page","link":"https:\/\/www.harrisvilledental.ca\/fr\/services\/dentisterie-generale\/traitement-de-canal\/","title":{"rendered":"Traitement de canal"},"content":{"rendered":"<div class=\"fusion-fullwidth fullwidth-box fusion-builder-row-1 nonhundred-percent-fullwidth non-hundred-percent-height-scrolling\" style=\"--awb-border-radius-top-left:0px;--awb-border-radius-top-right:0px;--awb-border-radius-bottom-right:0px;--awb-border-radius-bottom-left:0px;--awb-flex-wrap:wrap;\" ><div class=\"fusion-builder-row fusion-row\"><div class=\"fusion-layout-column fusion_builder_column fusion-builder-column-0 fusion_builder_column_1_1 1_1 fusion-one-full fusion-column-first fusion-column-last\" style=\"--awb-bg-size:cover;\"><div class=\"fusion-column-wrapper fusion-column-has-shadow fusion-flex-column-wrapper-legacy\"><div class=\"fusion-text fusion-text-1\"><h1>Traitement de canal<\/h1>\n<\/div><div class=\"fusion-text fusion-text-2\"><p>Le traitement de canal (aussi appel\u00e9 traitement endodontique) est un processus utilis\u00e9 pour enlever un nerf endommag\u00e9 et douloureux \u00e0 l\u2019int\u00e9rieur d\u2019une dent ou pour d\u00e9sinfecter une dent infect\u00e9e. La douleur, l\u2019enflure et l\u2019infection sont des cons\u00e9quences imm\u00e9diates des infections dentaires non trait\u00e9es. Ce traitement nous permet de sauver les dents de fa\u00e7on pr\u00e9visible tout en pr\u00e9servant la sant\u00e9 g\u00e9n\u00e9rale de la zone trait\u00e9e. Les infections dentaires non trait\u00e9es peuvent se propager et, dans certains cas, mettre la vie en danger. Nous recommandons un suivi imm\u00e9diat en pr\u00e9sence de sympt\u00f4mes d\u2019infection.<\/p>\n<p><img decoding=\"async\" class=\"primary alignnone wp-image-7290 size-800\" src=\"https:\/\/www.harrisvilledental.ca\/wp-content\/uploads\/2019\/06\/Root-Canal-800x300.jpg\" alt=\"Root Canal\" width=\"800\" height=\"300\" srcset=\"https:\/\/www.harrisvilledental.ca\/wp-content\/uploads\/2019\/06\/Root-Canal-200x75.jpg 200w, https:\/\/www.harrisvilledental.ca\/wp-content\/uploads\/2019\/06\/Root-Canal-400x150.jpg 400w, https:\/\/www.harrisvilledental.ca\/wp-content\/uploads\/2019\/06\/Root-Canal-600x225.jpg 600w, https:\/\/www.harrisvilledental.ca\/wp-content\/uploads\/2019\/06\/Root-Canal-768x288.jpg 768w, https:\/\/www.harrisvilledental.ca\/wp-content\/uploads\/2019\/06\/Root-Canal-800x300.jpg 800w, https:\/\/www.harrisvilledental.ca\/wp-content\/uploads\/2019\/06\/Root-Canal-1024x384.jpg 1024w, https:\/\/www.harrisvilledental.ca\/wp-content\/uploads\/2019\/06\/Root-Canal-1200x450.jpg 1200w, https:\/\/www.harrisvilledental.ca\/wp-content\/uploads\/2019\/06\/Root-Canal.jpg 1600w\" sizes=\"(max-width: 800px) 100vw, 800px\" \/><\/p>\n<p>Une fois le traitement de canal termin\u00e9, nous recommanderons la restauration de la dent au moyen d\u2019un composite ou d\u2019une couronne pour renforcer son fonctionnement \u00e0 long terme.<\/p>\n<\/div><div class=\"fusion-clearfix\"><\/div><\/div><\/div><\/div><\/div>\n","protected":false},"excerpt":{"rendered":"","protected":false},"author":2,"featured_media":0,"parent":7997,"menu_order":4,"comment_status":"closed","ping_status":"closed","template":"","meta":{"footnotes":""},"class_list":["post-7986","page","type-page","status-publish","hentry"],"yoast_head":"<!-- This site is optimized with the Yoast SEO plugin v27.3 - https:\/\/yoast.com\/product\/yoast-seo-wordpress\/ -->\n<title>Traitement de canal - Moncton Dentists | New Patients Welcome<\/title>\n<meta name=\"description\" content=\"Le traitement de canal (aussi appel\u00e9 traitement endodontique) est un processus utilis\u00e9 pour enlever un nerf endommag\u00e9 et douloureux \u00e0 l\u2019int\u00e9rieur d\u2019une dent ou pour d\u00e9sinfecter une dent infect\u00e9e.\" \/>\n<meta name=\"robots\" content=\"index, follow, max-snippet:-1, max-image-preview:large, max-video-preview:-1\" \/>\n<link rel=\"canonical\" href=\"https:\/\/www.harrisvilledental.ca\/fr\/services\/dentisterie-generale\/traitement-de-canal\/\" \/>\n<meta property=\"og:locale\" content=\"fr_FR\" \/>\n<meta property=\"og:type\" content=\"article\" \/>\n<meta property=\"og:title\" content=\"Traitement de canal - Moncton Dentists | New Patients Welcome\" \/>\n<meta property=\"og:description\" content=\"Le traitement de canal (aussi appel\u00e9 traitement endodontique) est un processus utilis\u00e9 pour enlever un nerf endommag\u00e9 et douloureux \u00e0 l\u2019int\u00e9rieur d\u2019une dent ou pour d\u00e9sinfecter une dent infect\u00e9e.\" \/>\n<meta property=\"og:url\" content=\"https:\/\/www.harrisvilledental.ca\/fr\/services\/dentisterie-generale\/traitement-de-canal\/\" \/>\n<meta property=\"og:site_name\" content=\"Moncton Dentists | New Patients Welcome\" \/>\n<meta property=\"article:publisher\" content=\"https:\/\/www.facebook.com\/harrisvilledental\/\" \/>\n<meta property=\"article:modified_time\" content=\"2019-08-02T00:20:22+00:00\" \/>\n<meta property=\"og:image\" content=\"https:\/\/www.harrisvilledental.ca\/wp-content\/uploads\/2019\/06\/Root-Canal-800x300.jpg\" \/>\n<meta name=\"twitter:card\" content=\"summary_large_image\" \/>\n<meta name=\"twitter:label1\" content=\"Dur\u00e9e de lecture estim\u00e9e\" \/>\n\t<meta name=\"twitter:data1\" content=\"2 minutes\" \/>\n<script type=\"application\/ld+json\" class=\"yoast-schema-graph\">{\"@context\":\"https:\\\/\\\/schema.org\",\"@graph\":[{\"@type\":\"WebPage\",\"@id\":\"https:\\\/\\\/www.harrisvilledental.ca\\\/fr\\\/services\\\/dentisterie-generale\\\/traitement-de-canal\\\/\",\"url\":\"https:\\\/\\\/www.harrisvilledental.ca\\\/fr\\\/services\\\/dentisterie-generale\\\/traitement-de-canal\\\/\",\"name\":\"Traitement de canal - Moncton Dentists | New Patients Welcome\",\"isPartOf\":{\"@id\":\"https:\\\/\\\/www.harrisvilledental.ca\\\/#website\"},\"primaryImageOfPage\":{\"@id\":\"https:\\\/\\\/www.harrisvilledental.ca\\\/fr\\\/services\\\/dentisterie-generale\\\/traitement-de-canal\\\/#primaryimage\"},\"image\":{\"@id\":\"https:\\\/\\\/www.harrisvilledental.ca\\\/fr\\\/services\\\/dentisterie-generale\\\/traitement-de-canal\\\/#primaryimage\"},\"thumbnailUrl\":\"https:\\\/\\\/www.harrisvilledental.ca\\\/wp-content\\\/uploads\\\/2019\\\/06\\\/Root-Canal-800x300.jpg\",\"datePublished\":\"2019-05-25T02:29:48+00:00\",\"dateModified\":\"2019-08-02T00:20:22+00:00\",\"description\":\"Le traitement de canal (aussi appel\u00e9 traitement endodontique) est un processus utilis\u00e9 pour enlever un nerf endommag\u00e9 et douloureux \u00e0 l\u2019int\u00e9rieur d\u2019une dent ou pour d\u00e9sinfecter une dent infect\u00e9e.\",\"breadcrumb\":{\"@id\":\"https:\\\/\\\/www.harrisvilledental.ca\\\/fr\\\/services\\\/dentisterie-generale\\\/traitement-de-canal\\\/#breadcrumb\"},\"inLanguage\":\"fr-FR\",\"potentialAction\":[{\"@type\":\"ReadAction\",\"target\":[\"https:\\\/\\\/www.harrisvilledental.ca\\\/fr\\\/services\\\/dentisterie-generale\\\/traitement-de-canal\\\/\"]}]},{\"@type\":\"ImageObject\",\"inLanguage\":\"fr-FR\",\"@id\":\"https:\\\/\\\/www.harrisvilledental.ca\\\/fr\\\/services\\\/dentisterie-generale\\\/traitement-de-canal\\\/#primaryimage\",\"url\":\"https:\\\/\\\/www.harrisvilledental.ca\\\/wp-content\\\/uploads\\\/2019\\\/06\\\/Root-Canal-800x300.jpg\",\"contentUrl\":\"https:\\\/\\\/www.harrisvilledental.ca\\\/wp-content\\\/uploads\\\/2019\\\/06\\\/Root-Canal-800x300.jpg\"},{\"@type\":\"BreadcrumbList\",\"@id\":\"https:\\\/\\\/www.harrisvilledental.ca\\\/fr\\\/services\\\/dentisterie-generale\\\/traitement-de-canal\\\/#breadcrumb\",\"itemListElement\":[{\"@type\":\"ListItem\",\"position\":1,\"name\":\"Home\",\"item\":\"https:\\\/\\\/www.harrisvilledental.ca\\\/fr\\\/\"},{\"@type\":\"ListItem\",\"position\":2,\"name\":\"Services\",\"item\":\"https:\\\/\\\/www.harrisvilledental.ca\\\/fr\\\/services\\\/\"},{\"@type\":\"ListItem\",\"position\":3,\"name\":\"Dentisterie g\u00e9n\u00e9rale\",\"item\":\"https:\\\/\\\/www.harrisvilledental.ca\\\/fr\\\/services\\\/dentisterie-generale\\\/\"},{\"@type\":\"ListItem\",\"position\":4,\"name\":\"Traitement de canal\"}]},{\"@type\":\"WebSite\",\"@id\":\"https:\\\/\\\/www.harrisvilledental.ca\\\/#website\",\"url\":\"https:\\\/\\\/www.harrisvilledental.ca\\\/\",\"name\":\"Moncton Dentists | New Patients Welcome\",\"description\":\"\",\"publisher\":{\"@id\":\"https:\\\/\\\/www.harrisvilledental.ca\\\/#organization\"},\"potentialAction\":[{\"@type\":\"SearchAction\",\"target\":{\"@type\":\"EntryPoint\",\"urlTemplate\":\"https:\\\/\\\/www.harrisvilledental.ca\\\/?s={search_term_string}\"},\"query-input\":{\"@type\":\"PropertyValueSpecification\",\"valueRequired\":true,\"valueName\":\"search_term_string\"}}],\"inLanguage\":\"fr-FR\"},{\"@type\":\"Organization\",\"@id\":\"https:\\\/\\\/www.harrisvilledental.ca\\\/#organization\",\"name\":\"Moncton Dentists\",\"url\":\"https:\\\/\\\/www.harrisvilledental.ca\\\/\",\"logo\":{\"@type\":\"ImageObject\",\"inLanguage\":\"fr-FR\",\"@id\":\"https:\\\/\\\/www.harrisvilledental.ca\\\/#\\\/schema\\\/logo\\\/image\\\/\",\"url\":\"https:\\\/\\\/www.harrisvilledental.ca\\\/wp-content\\\/uploads\\\/2019\\\/05\\\/harrisville-dental-logo_brush.png\",\"contentUrl\":\"https:\\\/\\\/www.harrisvilledental.ca\\\/wp-content\\\/uploads\\\/2019\\\/05\\\/harrisville-dental-logo_brush.png\",\"width\":159,\"height\":50,\"caption\":\"Moncton Dentists\"},\"image\":{\"@id\":\"https:\\\/\\\/www.harrisvilledental.ca\\\/#\\\/schema\\\/logo\\\/image\\\/\"},\"sameAs\":[\"https:\\\/\\\/www.facebook.com\\\/harrisvilledental\\\/\"]}]}<\/script>\n<!-- \/ Yoast SEO plugin. -->","yoast_head_json":{"title":"Traitement de canal - Moncton Dentists | New Patients Welcome","description":"Le traitement de canal (aussi appel\u00e9 traitement endodontique) est un processus utilis\u00e9 pour enlever un nerf endommag\u00e9 et douloureux \u00e0 l\u2019int\u00e9rieur d\u2019une dent ou pour d\u00e9sinfecter une dent infect\u00e9e.","robots":{"index":"index","follow":"follow","max-snippet":"max-snippet:-1","max-image-preview":"max-image-preview:large","max-video-preview":"max-video-preview:-1"},"canonical":"https:\/\/www.harrisvilledental.ca\/fr\/services\/dentisterie-generale\/traitement-de-canal\/","og_locale":"fr_FR","og_type":"article","og_title":"Traitement de canal - Moncton Dentists | New Patients Welcome","og_description":"Le traitement de canal (aussi appel\u00e9 traitement endodontique) est un processus utilis\u00e9 pour enlever un nerf endommag\u00e9 et douloureux \u00e0 l\u2019int\u00e9rieur d\u2019une dent ou pour d\u00e9sinfecter une dent infect\u00e9e.","og_url":"https:\/\/www.harrisvilledental.ca\/fr\/services\/dentisterie-generale\/traitement-de-canal\/","og_site_name":"Moncton Dentists | New Patients Welcome","article_publisher":"https:\/\/www.facebook.com\/harrisvilledental\/","article_modified_time":"2019-08-02T00:20:22+00:00","og_image":[{"url":"https:\/\/www.harrisvilledental.ca\/wp-content\/uploads\/2019\/06\/Root-Canal-800x300.jpg","type":"","width":"","height":""}],"twitter_card":"summary_large_image","twitter_misc":{"Dur\u00e9e de lecture estim\u00e9e":"2 minutes"},"schema":{"@context":"https:\/\/schema.org","@graph":[{"@type":"WebPage","@id":"https:\/\/www.harrisvilledental.ca\/fr\/services\/dentisterie-generale\/traitement-de-canal\/","url":"https:\/\/www.harrisvilledental.ca\/fr\/services\/dentisterie-generale\/traitement-de-canal\/","name":"Traitement de canal - Moncton Dentists | New Patients Welcome","isPartOf":{"@id":"https:\/\/www.harrisvilledental.ca\/#website"},"primaryImageOfPage":{"@id":"https:\/\/www.harrisvilledental.ca\/fr\/services\/dentisterie-generale\/traitement-de-canal\/#primaryimage"},"image":{"@id":"https:\/\/www.harrisvilledental.ca\/fr\/services\/dentisterie-generale\/traitement-de-canal\/#primaryimage"},"thumbnailUrl":"https:\/\/www.harrisvilledental.ca\/wp-content\/uploads\/2019\/06\/Root-Canal-800x300.jpg","datePublished":"2019-05-25T02:29:48+00:00","dateModified":"2019-08-02T00:20:22+00:00","description":"Le traitement de canal (aussi appel\u00e9 traitement endodontique) est un processus utilis\u00e9 pour enlever un nerf endommag\u00e9 et douloureux \u00e0 l\u2019int\u00e9rieur d\u2019une dent ou pour d\u00e9sinfecter une dent infect\u00e9e.","breadcrumb":{"@id":"https:\/\/www.harrisvilledental.ca\/fr\/services\/dentisterie-generale\/traitement-de-canal\/#breadcrumb"},"inLanguage":"fr-FR","potentialAction":[{"@type":"ReadAction","target":["https:\/\/www.harrisvilledental.ca\/fr\/services\/dentisterie-generale\/traitement-de-canal\/"]}]},{"@type":"ImageObject","inLanguage":"fr-FR","@id":"https:\/\/www.harrisvilledental.ca\/fr\/services\/dentisterie-generale\/traitement-de-canal\/#primaryimage","url":"https:\/\/www.harrisvilledental.ca\/wp-content\/uploads\/2019\/06\/Root-Canal-800x300.jpg","contentUrl":"https:\/\/www.harrisvilledental.ca\/wp-content\/uploads\/2019\/06\/Root-Canal-800x300.jpg"},{"@type":"BreadcrumbList","@id":"https:\/\/www.harrisvilledental.ca\/fr\/services\/dentisterie-generale\/traitement-de-canal\/#breadcrumb","itemListElement":[{"@type":"ListItem","position":1,"name":"Home","item":"https:\/\/www.harrisvilledental.ca\/fr\/"},{"@type":"ListItem","position":2,"name":"Services","item":"https:\/\/www.harrisvilledental.ca\/fr\/services\/"},{"@type":"ListItem","position":3,"name":"Dentisterie g\u00e9n\u00e9rale","item":"https:\/\/www.harrisvilledental.ca\/fr\/services\/dentisterie-generale\/"},{"@type":"ListItem","position":4,"name":"Traitement de canal"}]},{"@type":"WebSite","@id":"https:\/\/www.harrisvilledental.ca\/#website","url":"https:\/\/www.harrisvilledental.ca\/","name":"Moncton Dentists | New Patients Welcome","description":"","publisher":{"@id":"https:\/\/www.harrisvilledental.ca\/#organization"},"potentialAction":[{"@type":"SearchAction","target":{"@type":"EntryPoint","urlTemplate":"https:\/\/www.harrisvilledental.ca\/?s={search_term_string}"},"query-input":{"@type":"PropertyValueSpecification","valueRequired":true,"valueName":"search_term_string"}}],"inLanguage":"fr-FR"},{"@type":"Organization","@id":"https:\/\/www.harrisvilledental.ca\/#organization","name":"Moncton Dentists","url":"https:\/\/www.harrisvilledental.ca\/","logo":{"@type":"ImageObject","inLanguage":"fr-FR","@id":"https:\/\/www.harrisvilledental.ca\/#\/schema\/logo\/image\/","url":"https:\/\/www.harrisvilledental.ca\/wp-content\/uploads\/2019\/05\/harrisville-dental-logo_brush.png","contentUrl":"https:\/\/www.harrisvilledental.ca\/wp-content\/uploads\/2019\/05\/harrisville-dental-logo_brush.png","width":159,"height":50,"caption":"Moncton Dentists"},"image":{"@id":"https:\/\/www.harrisvilledental.ca\/#\/schema\/logo\/image\/"},"sameAs":["https:\/\/www.facebook.com\/harrisvilledental\/"]}]}},"_links":{"self":[{"href":"https:\/\/www.harrisvilledental.ca\/fr\/wp-json\/wp\/v2\/pages\/7986","targetHints":{"allow":["GET"]}}],"collection":[{"href":"https:\/\/www.harrisvilledental.ca\/fr\/wp-json\/wp\/v2\/pages"}],"about":[{"href":"https:\/\/www.harrisvilledental.ca\/fr\/wp-json\/wp\/v2\/types\/page"}],"author":[{"embeddable":true,"href":"https:\/\/www.harrisvilledental.ca\/fr\/wp-json\/wp\/v2\/users\/2"}],"replies":[{"embeddable":true,"href":"https:\/\/www.harrisvilledental.ca\/fr\/wp-json\/wp\/v2\/comments?post=7986"}],"version-history":[{"count":0,"href":"https:\/\/www.harrisvilledental.ca\/fr\/wp-json\/wp\/v2\/pages\/7986\/revisions"}],"up":[{"embeddable":true,"href":"https:\/\/www.harrisvilledental.ca\/fr\/wp-json\/wp\/v2\/pages\/7997"}],"wp:attachment":[{"href":"https:\/\/www.harrisvilledental.ca\/fr\/wp-json\/wp\/v2\/media?parent=7986"}],"curies":[{"name":"wp","href":"https:\/\/api.w.org\/{rel}","templated":true}]}}