{"id":7984,"date":"2019-05-24T23:31:30","date_gmt":"2019-05-25T02:31:30","guid":{"rendered":"https:\/\/www.harrisvilledental.ca\/sealants\/"},"modified":"2019-08-01T21:22:40","modified_gmt":"2019-08-02T00:22:40","slug":"scellant-dentaire","status":"publish","type":"page","link":"https:\/\/www.harrisvilledental.ca\/fr\/services\/dentisterie-generale\/scellant-dentaire\/","title":{"rendered":"Scellant Dentaire"},"content":{"rendered":"<div class=\"fusion-fullwidth fullwidth-box fusion-builder-row-1 nonhundred-percent-fullwidth non-hundred-percent-height-scrolling\" style=\"--awb-border-radius-top-left:0px;--awb-border-radius-top-right:0px;--awb-border-radius-bottom-right:0px;--awb-border-radius-bottom-left:0px;--awb-flex-wrap:wrap;\" ><div class=\"fusion-builder-row fusion-row\"><div class=\"fusion-layout-column fusion_builder_column fusion-builder-column-0 fusion_builder_column_1_1 1_1 fusion-one-full fusion-column-first fusion-column-last\" style=\"--awb-bg-size:cover;\"><div class=\"fusion-column-wrapper fusion-column-has-shadow fusion-flex-column-wrapper-legacy\"><div class=\"fusion-text fusion-text-1\"><h1>Scellant Dentaire<\/h1>\n<\/div><div class=\"fusion-text fusion-text-2\"><p>Le brossage des dents deux fois par jour demeure la meilleure fa\u00e7on de pr\u00e9venir les probl\u00e8mes dentaires; cependant, certaines dents ont de profondes fissures que les soies de la brosse \u00e0 dents n\u2019arrivent pas \u00e0 nettoyer malgr\u00e9 tous les efforts d\u00e9ploy\u00e9s. Le cas \u00e9ch\u00e9ant, nous recommandons le scellement des dents pour pr\u00e9venir la carie. Les produits de scellement sont des r\u00e9sines de plastique qui adh\u00e8rent et durcissent dans les d\u00e9pressions profondes \u00e0 la surface de la dent.<\/p>\n<p><img decoding=\"async\" class=\"primary alignnone wp-image-7296 size-800\" src=\"https:\/\/www.harrisvilledental.ca\/wp-content\/uploads\/2019\/06\/Sealants-800x300.jpg\" alt=\"Sealants\" width=\"800\" height=\"300\" srcset=\"https:\/\/www.harrisvilledental.ca\/wp-content\/uploads\/2019\/06\/Sealants-200x75.jpg 200w, https:\/\/www.harrisvilledental.ca\/wp-content\/uploads\/2019\/06\/Sealants-400x150.jpg 400w, https:\/\/www.harrisvilledental.ca\/wp-content\/uploads\/2019\/06\/Sealants-600x225.jpg 600w, https:\/\/www.harrisvilledental.ca\/wp-content\/uploads\/2019\/06\/Sealants-768x288.jpg 768w, https:\/\/www.harrisvilledental.ca\/wp-content\/uploads\/2019\/06\/Sealants-800x300.jpg 800w, https:\/\/www.harrisvilledental.ca\/wp-content\/uploads\/2019\/06\/Sealants-1024x384.jpg 1024w, https:\/\/www.harrisvilledental.ca\/wp-content\/uploads\/2019\/06\/Sealants-1200x450.jpg 1200w, https:\/\/www.harrisvilledental.ca\/wp-content\/uploads\/2019\/06\/Sealants.jpg 1600w\" sizes=\"(max-width: 800px) 100vw, 800px\" \/><\/p>\n<p>Nos dentistes et nos hygi\u00e9nistes appliquent ces agents de mordan\u00e7age dans les d\u00e9pressions et les rainures profondes de la face occlusale des dents pour pr\u00e9venir les probl\u00e8mes comme les caries.<\/p>\n<\/div><div class=\"fusion-clearfix\"><\/div><\/div><\/div><\/div><\/div>\n","protected":false},"excerpt":{"rendered":"","protected":false},"author":2,"featured_media":0,"parent":7997,"menu_order":6,"comment_status":"closed","ping_status":"closed","template":"","meta":{"footnotes":""},"class_list":["post-7984","page","type-page","status-publish","hentry"],"yoast_head":"<!-- This site is optimized with the Yoast SEO plugin v27.2 - https:\/\/yoast.com\/product\/yoast-seo-wordpress\/ -->\n<title>Scellant Dentaire - Moncton Dentists | New Patients Welcome<\/title>\n<meta name=\"description\" content=\"Le brossage des dents deux fois par jour demeure la meilleure fa\u00e7on de pr\u00e9venir les probl\u00e8mes dentaires; cependant, certaines dents ont de profondes fissures que les soies de la brosse \u00e0 dents n\u2019arrivent pas \u00e0 nettoyer malgr\u00e9 tous les efforts d\u00e9ploy\u00e9s.\" \/>\n<meta name=\"robots\" content=\"index, follow, max-snippet:-1, max-image-preview:large, max-video-preview:-1\" \/>\n<link rel=\"canonical\" href=\"https:\/\/www.harrisvilledental.ca\/fr\/services\/dentisterie-generale\/scellant-dentaire\/\" \/>\n<meta property=\"og:locale\" content=\"fr_FR\" \/>\n<meta property=\"og:type\" content=\"article\" \/>\n<meta property=\"og:title\" content=\"Scellant Dentaire - Moncton Dentists | New Patients Welcome\" \/>\n<meta property=\"og:description\" content=\"Le brossage des dents deux fois par jour demeure la meilleure fa\u00e7on de pr\u00e9venir les probl\u00e8mes dentaires; cependant, certaines dents ont de profondes fissures que les soies de la brosse \u00e0 dents n\u2019arrivent pas \u00e0 nettoyer malgr\u00e9 tous les efforts d\u00e9ploy\u00e9s.\" \/>\n<meta property=\"og:url\" content=\"https:\/\/www.harrisvilledental.ca\/fr\/services\/dentisterie-generale\/scellant-dentaire\/\" \/>\n<meta property=\"og:site_name\" content=\"Moncton Dentists | New Patients Welcome\" \/>\n<meta property=\"article:publisher\" content=\"https:\/\/www.facebook.com\/harrisvilledental\/\" \/>\n<meta property=\"article:modified_time\" content=\"2019-08-02T00:22:40+00:00\" \/>\n<meta property=\"og:image\" content=\"https:\/\/www.harrisvilledental.ca\/wp-content\/uploads\/2019\/06\/Sealants-800x300.jpg\" \/>\n<meta name=\"twitter:card\" content=\"summary_large_image\" \/>\n<meta name=\"twitter:label1\" content=\"Dur\u00e9e de lecture estim\u00e9e\" \/>\n\t<meta name=\"twitter:data1\" content=\"2 minutes\" \/>\n<script type=\"application\/ld+json\" class=\"yoast-schema-graph\">{\"@context\":\"https:\/\/schema.org\",\"@graph\":[{\"@type\":\"WebPage\",\"@id\":\"https:\/\/www.harrisvilledental.ca\/fr\/services\/dentisterie-generale\/scellant-dentaire\/\",\"url\":\"https:\/\/www.harrisvilledental.ca\/fr\/services\/dentisterie-generale\/scellant-dentaire\/\",\"name\":\"Scellant Dentaire - Moncton Dentists | New Patients Welcome\",\"isPartOf\":{\"@id\":\"https:\/\/www.harrisvilledental.ca\/#website\"},\"primaryImageOfPage\":{\"@id\":\"https:\/\/www.harrisvilledental.ca\/fr\/services\/dentisterie-generale\/scellant-dentaire\/#primaryimage\"},\"image\":{\"@id\":\"https:\/\/www.harrisvilledental.ca\/fr\/services\/dentisterie-generale\/scellant-dentaire\/#primaryimage\"},\"thumbnailUrl\":\"https:\/\/www.harrisvilledental.ca\/wp-content\/uploads\/2019\/06\/Sealants-800x300.jpg\",\"datePublished\":\"2019-05-25T02:31:30+00:00\",\"dateModified\":\"2019-08-02T00:22:40+00:00\",\"description\":\"Le brossage des dents deux fois par jour demeure la meilleure fa\u00e7on de pr\u00e9venir les probl\u00e8mes dentaires; cependant, certaines dents ont de profondes fissures que les soies de la brosse \u00e0 dents n\u2019arrivent pas \u00e0 nettoyer malgr\u00e9 tous les efforts d\u00e9ploy\u00e9s.\",\"breadcrumb\":{\"@id\":\"https:\/\/www.harrisvilledental.ca\/fr\/services\/dentisterie-generale\/scellant-dentaire\/#breadcrumb\"},\"inLanguage\":\"fr-FR\",\"potentialAction\":[{\"@type\":\"ReadAction\",\"target\":[\"https:\/\/www.harrisvilledental.ca\/fr\/services\/dentisterie-generale\/scellant-dentaire\/\"]}]},{\"@type\":\"ImageObject\",\"inLanguage\":\"fr-FR\",\"@id\":\"https:\/\/www.harrisvilledental.ca\/fr\/services\/dentisterie-generale\/scellant-dentaire\/#primaryimage\",\"url\":\"https:\/\/www.harrisvilledental.ca\/wp-content\/uploads\/2019\/06\/Sealants-800x300.jpg\",\"contentUrl\":\"https:\/\/www.harrisvilledental.ca\/wp-content\/uploads\/2019\/06\/Sealants-800x300.jpg\"},{\"@type\":\"BreadcrumbList\",\"@id\":\"https:\/\/www.harrisvilledental.ca\/fr\/services\/dentisterie-generale\/scellant-dentaire\/#breadcrumb\",\"itemListElement\":[{\"@type\":\"ListItem\",\"position\":1,\"name\":\"Home\",\"item\":\"https:\/\/www.harrisvilledental.ca\/fr\/\"},{\"@type\":\"ListItem\",\"position\":2,\"name\":\"Services\",\"item\":\"https:\/\/www.harrisvilledental.ca\/fr\/services\/\"},{\"@type\":\"ListItem\",\"position\":3,\"name\":\"Dentisterie g\u00e9n\u00e9rale\",\"item\":\"https:\/\/www.harrisvilledental.ca\/fr\/services\/dentisterie-generale\/\"},{\"@type\":\"ListItem\",\"position\":4,\"name\":\"Scellant Dentaire\"}]},{\"@type\":\"WebSite\",\"@id\":\"https:\/\/www.harrisvilledental.ca\/#website\",\"url\":\"https:\/\/www.harrisvilledental.ca\/\",\"name\":\"Moncton Dentists | New Patients Welcome\",\"description\":\"\",\"publisher\":{\"@id\":\"https:\/\/www.harrisvilledental.ca\/#organization\"},\"potentialAction\":[{\"@type\":\"SearchAction\",\"target\":{\"@type\":\"EntryPoint\",\"urlTemplate\":\"https:\/\/www.harrisvilledental.ca\/?s={search_term_string}\"},\"query-input\":{\"@type\":\"PropertyValueSpecification\",\"valueRequired\":true,\"valueName\":\"search_term_string\"}}],\"inLanguage\":\"fr-FR\"},{\"@type\":\"Organization\",\"@id\":\"https:\/\/www.harrisvilledental.ca\/#organization\",\"name\":\"Moncton Dentists\",\"url\":\"https:\/\/www.harrisvilledental.ca\/\",\"logo\":{\"@type\":\"ImageObject\",\"inLanguage\":\"fr-FR\",\"@id\":\"https:\/\/www.harrisvilledental.ca\/#\/schema\/logo\/image\/\",\"url\":\"https:\/\/www.harrisvilledental.ca\/wp-content\/uploads\/2019\/05\/harrisville-dental-logo_brush.png\",\"contentUrl\":\"https:\/\/www.harrisvilledental.ca\/wp-content\/uploads\/2019\/05\/harrisville-dental-logo_brush.png\",\"width\":159,\"height\":50,\"caption\":\"Moncton Dentists\"},\"image\":{\"@id\":\"https:\/\/www.harrisvilledental.ca\/#\/schema\/logo\/image\/\"},\"sameAs\":[\"https:\/\/www.facebook.com\/harrisvilledental\/\"]}]}<\/script>\n<!-- \/ Yoast SEO plugin. -->","yoast_head_json":{"title":"Scellant Dentaire - Moncton Dentists | New Patients Welcome","description":"Le brossage des dents deux fois par jour demeure la meilleure fa\u00e7on de pr\u00e9venir les probl\u00e8mes dentaires; cependant, certaines dents ont de profondes fissures que les soies de la brosse \u00e0 dents n\u2019arrivent pas \u00e0 nettoyer malgr\u00e9 tous les efforts d\u00e9ploy\u00e9s.","robots":{"index":"index","follow":"follow","max-snippet":"max-snippet:-1","max-image-preview":"max-image-preview:large","max-video-preview":"max-video-preview:-1"},"canonical":"https:\/\/www.harrisvilledental.ca\/fr\/services\/dentisterie-generale\/scellant-dentaire\/","og_locale":"fr_FR","og_type":"article","og_title":"Scellant Dentaire - Moncton Dentists | New Patients Welcome","og_description":"Le brossage des dents deux fois par jour demeure la meilleure fa\u00e7on de pr\u00e9venir les probl\u00e8mes dentaires; cependant, certaines dents ont de profondes fissures que les soies de la brosse \u00e0 dents n\u2019arrivent pas \u00e0 nettoyer malgr\u00e9 tous les efforts d\u00e9ploy\u00e9s.","og_url":"https:\/\/www.harrisvilledental.ca\/fr\/services\/dentisterie-generale\/scellant-dentaire\/","og_site_name":"Moncton Dentists | New Patients Welcome","article_publisher":"https:\/\/www.facebook.com\/harrisvilledental\/","article_modified_time":"2019-08-02T00:22:40+00:00","og_image":[{"url":"https:\/\/www.harrisvilledental.ca\/wp-content\/uploads\/2019\/06\/Sealants-800x300.jpg","type":"","width":"","height":""}],"twitter_card":"summary_large_image","twitter_misc":{"Dur\u00e9e de lecture estim\u00e9e":"2 minutes"},"schema":{"@context":"https:\/\/schema.org","@graph":[{"@type":"WebPage","@id":"https:\/\/www.harrisvilledental.ca\/fr\/services\/dentisterie-generale\/scellant-dentaire\/","url":"https:\/\/www.harrisvilledental.ca\/fr\/services\/dentisterie-generale\/scellant-dentaire\/","name":"Scellant Dentaire - Moncton Dentists | New Patients Welcome","isPartOf":{"@id":"https:\/\/www.harrisvilledental.ca\/#website"},"primaryImageOfPage":{"@id":"https:\/\/www.harrisvilledental.ca\/fr\/services\/dentisterie-generale\/scellant-dentaire\/#primaryimage"},"image":{"@id":"https:\/\/www.harrisvilledental.ca\/fr\/services\/dentisterie-generale\/scellant-dentaire\/#primaryimage"},"thumbnailUrl":"https:\/\/www.harrisvilledental.ca\/wp-content\/uploads\/2019\/06\/Sealants-800x300.jpg","datePublished":"2019-05-25T02:31:30+00:00","dateModified":"2019-08-02T00:22:40+00:00","description":"Le brossage des dents deux fois par jour demeure la meilleure fa\u00e7on de pr\u00e9venir les probl\u00e8mes dentaires; cependant, certaines dents ont de profondes fissures que les soies de la brosse \u00e0 dents n\u2019arrivent pas \u00e0 nettoyer malgr\u00e9 tous les efforts d\u00e9ploy\u00e9s.","breadcrumb":{"@id":"https:\/\/www.harrisvilledental.ca\/fr\/services\/dentisterie-generale\/scellant-dentaire\/#breadcrumb"},"inLanguage":"fr-FR","potentialAction":[{"@type":"ReadAction","target":["https:\/\/www.harrisvilledental.ca\/fr\/services\/dentisterie-generale\/scellant-dentaire\/"]}]},{"@type":"ImageObject","inLanguage":"fr-FR","@id":"https:\/\/www.harrisvilledental.ca\/fr\/services\/dentisterie-generale\/scellant-dentaire\/#primaryimage","url":"https:\/\/www.harrisvilledental.ca\/wp-content\/uploads\/2019\/06\/Sealants-800x300.jpg","contentUrl":"https:\/\/www.harrisvilledental.ca\/wp-content\/uploads\/2019\/06\/Sealants-800x300.jpg"},{"@type":"BreadcrumbList","@id":"https:\/\/www.harrisvilledental.ca\/fr\/services\/dentisterie-generale\/scellant-dentaire\/#breadcrumb","itemListElement":[{"@type":"ListItem","position":1,"name":"Home","item":"https:\/\/www.harrisvilledental.ca\/fr\/"},{"@type":"ListItem","position":2,"name":"Services","item":"https:\/\/www.harrisvilledental.ca\/fr\/services\/"},{"@type":"ListItem","position":3,"name":"Dentisterie g\u00e9n\u00e9rale","item":"https:\/\/www.harrisvilledental.ca\/fr\/services\/dentisterie-generale\/"},{"@type":"ListItem","position":4,"name":"Scellant Dentaire"}]},{"@type":"WebSite","@id":"https:\/\/www.harrisvilledental.ca\/#website","url":"https:\/\/www.harrisvilledental.ca\/","name":"Moncton Dentists | New Patients Welcome","description":"","publisher":{"@id":"https:\/\/www.harrisvilledental.ca\/#organization"},"potentialAction":[{"@type":"SearchAction","target":{"@type":"EntryPoint","urlTemplate":"https:\/\/www.harrisvilledental.ca\/?s={search_term_string}"},"query-input":{"@type":"PropertyValueSpecification","valueRequired":true,"valueName":"search_term_string"}}],"inLanguage":"fr-FR"},{"@type":"Organization","@id":"https:\/\/www.harrisvilledental.ca\/#organization","name":"Moncton Dentists","url":"https:\/\/www.harrisvilledental.ca\/","logo":{"@type":"ImageObject","inLanguage":"fr-FR","@id":"https:\/\/www.harrisvilledental.ca\/#\/schema\/logo\/image\/","url":"https:\/\/www.harrisvilledental.ca\/wp-content\/uploads\/2019\/05\/harrisville-dental-logo_brush.png","contentUrl":"https:\/\/www.harrisvilledental.ca\/wp-content\/uploads\/2019\/05\/harrisville-dental-logo_brush.png","width":159,"height":50,"caption":"Moncton Dentists"},"image":{"@id":"https:\/\/www.harrisvilledental.ca\/#\/schema\/logo\/image\/"},"sameAs":["https:\/\/www.facebook.com\/harrisvilledental\/"]}]}},"_links":{"self":[{"href":"https:\/\/www.harrisvilledental.ca\/fr\/wp-json\/wp\/v2\/pages\/7984","targetHints":{"allow":["GET"]}}],"collection":[{"href":"https:\/\/www.harrisvilledental.ca\/fr\/wp-json\/wp\/v2\/pages"}],"about":[{"href":"https:\/\/www.harrisvilledental.ca\/fr\/wp-json\/wp\/v2\/types\/page"}],"author":[{"embeddable":true,"href":"https:\/\/www.harrisvilledental.ca\/fr\/wp-json\/wp\/v2\/users\/2"}],"replies":[{"embeddable":true,"href":"https:\/\/www.harrisvilledental.ca\/fr\/wp-json\/wp\/v2\/comments?post=7984"}],"version-history":[{"count":0,"href":"https:\/\/www.harrisvilledental.ca\/fr\/wp-json\/wp\/v2\/pages\/7984\/revisions"}],"up":[{"embeddable":true,"href":"https:\/\/www.harrisvilledental.ca\/fr\/wp-json\/wp\/v2\/pages\/7997"}],"wp:attachment":[{"href":"https:\/\/www.harrisvilledental.ca\/fr\/wp-json\/wp\/v2\/media?parent=7984"}],"curies":[{"name":"wp","href":"https:\/\/api.w.org\/{rel}","templated":true}]}}