{"id":7983,"date":"2019-05-24T23:32:13","date_gmt":"2019-05-25T02:32:13","guid":{"rendered":"https:\/\/www.harrisvilledental.ca\/bruxism-appliances-clenching-appliances\/"},"modified":"2019-08-01T21:23:08","modified_gmt":"2019-08-02T00:23:08","slug":"appareils-anti-bruxisme","status":"publish","type":"page","link":"https:\/\/www.harrisvilledental.ca\/fr\/services\/dentisterie-generale\/appareils-anti-bruxisme\/","title":{"rendered":"Appareils anti-bruxisme"},"content":{"rendered":"<div class=\"fusion-fullwidth fullwidth-box fusion-builder-row-1 nonhundred-percent-fullwidth non-hundred-percent-height-scrolling\" style=\"--awb-border-radius-top-left:0px;--awb-border-radius-top-right:0px;--awb-border-radius-bottom-right:0px;--awb-border-radius-bottom-left:0px;--awb-flex-wrap:wrap;\" ><div class=\"fusion-builder-row fusion-row\"><div class=\"fusion-layout-column fusion_builder_column fusion-builder-column-0 fusion_builder_column_1_1 1_1 fusion-one-full fusion-column-first fusion-column-last\" style=\"--awb-bg-size:cover;\"><div class=\"fusion-column-wrapper fusion-column-has-shadow fusion-flex-column-wrapper-legacy\"><div class=\"fusion-text fusion-text-1\"><h1>Appareils anti-bruxisme ou crispation<\/h1>\n<\/div><div class=\"fusion-text fusion-text-2\"><p>Le serrement inconscient des dents ou encore le grincement ou le serrement involontaire des dents durant la nuit peuvent avoir des effets graves sur les dents (usures et fractures), les articulations (inflammation) et les muscles de la t\u00eate et du cou (douleur). Ces habitudes se pr\u00e9sentent parfois par inadvertance et peuvent entra\u00eener des probl\u00e8mes chroniques et complexes si elles ne sont pas diagnostiqu\u00e9es et trait\u00e9es d\u00e8s le d\u00e9part. Apr\u00e8s avoir pos\u00e9 un diagnostic exact, nous fabriquons l\u2019appareil qui convient pour att\u00e9nuer les sympt\u00f4mes le plus possible.<\/p>\n<p><img decoding=\"async\" class=\"primary alignnone wp-image-7299 size-800\" src=\"https:\/\/www.harrisvilledental.ca\/wp-content\/uploads\/2019\/06\/Bruxism-800x300.jpg\" alt=\"Bruxism appliances\" width=\"800\" height=\"300\" srcset=\"https:\/\/www.harrisvilledental.ca\/wp-content\/uploads\/2019\/06\/Bruxism-200x75.jpg 200w, https:\/\/www.harrisvilledental.ca\/wp-content\/uploads\/2019\/06\/Bruxism-400x150.jpg 400w, https:\/\/www.harrisvilledental.ca\/wp-content\/uploads\/2019\/06\/Bruxism-600x225.jpg 600w, https:\/\/www.harrisvilledental.ca\/wp-content\/uploads\/2019\/06\/Bruxism-768x288.jpg 768w, https:\/\/www.harrisvilledental.ca\/wp-content\/uploads\/2019\/06\/Bruxism-800x300.jpg 800w, https:\/\/www.harrisvilledental.ca\/wp-content\/uploads\/2019\/06\/Bruxism-1024x384.jpg 1024w, https:\/\/www.harrisvilledental.ca\/wp-content\/uploads\/2019\/06\/Bruxism-1200x450.jpg 1200w, https:\/\/www.harrisvilledental.ca\/wp-content\/uploads\/2019\/06\/Bruxism.jpg 1600w\" sizes=\"(max-width: 800px) 100vw, 800px\" \/><\/p>\n<\/div><div class=\"fusion-clearfix\"><\/div><\/div><\/div><\/div><\/div>\n","protected":false},"excerpt":{"rendered":"","protected":false},"author":2,"featured_media":0,"parent":7997,"menu_order":7,"comment_status":"closed","ping_status":"closed","template":"","meta":{"footnotes":""},"class_list":["post-7983","page","type-page","status-publish","hentry"],"yoast_head":"<!-- This site is optimized with the Yoast SEO plugin v27.5 - https:\/\/yoast.com\/product\/yoast-seo-wordpress\/ -->\n<title>Appareils anti-bruxisme - Moncton Dentists | New Patients Welcome<\/title>\n<meta name=\"description\" content=\"Le serrement inconscient des dents ou encore le grincement ou le serrement involontaire des dents durant la nuit peuvent avoir des effets graves sur les dents (usures et fractures), les articulations (inflammation) et les muscles de la t\u00eate et du cou (douleur).\" \/>\n<meta name=\"robots\" content=\"index, follow, max-snippet:-1, max-image-preview:large, max-video-preview:-1\" \/>\n<link rel=\"canonical\" href=\"https:\/\/www.harrisvilledental.ca\/fr\/services\/dentisterie-generale\/appareils-anti-bruxisme\/\" \/>\n<meta property=\"og:locale\" content=\"fr_FR\" \/>\n<meta property=\"og:type\" content=\"article\" \/>\n<meta property=\"og:title\" content=\"Appareils anti-bruxisme - Moncton Dentists | New Patients Welcome\" \/>\n<meta property=\"og:description\" content=\"Le serrement inconscient des dents ou encore le grincement ou le serrement involontaire des dents durant la nuit peuvent avoir des effets graves sur les dents (usures et fractures), les articulations (inflammation) et les muscles de la t\u00eate et du cou (douleur).\" \/>\n<meta property=\"og:url\" content=\"https:\/\/www.harrisvilledental.ca\/fr\/services\/dentisterie-generale\/appareils-anti-bruxisme\/\" \/>\n<meta property=\"og:site_name\" content=\"Moncton Dentists | New Patients Welcome\" \/>\n<meta property=\"article:publisher\" content=\"https:\/\/www.facebook.com\/harrisvilledental\/\" \/>\n<meta property=\"article:modified_time\" content=\"2019-08-02T00:23:08+00:00\" \/>\n<meta property=\"og:image\" content=\"https:\/\/www.harrisvilledental.ca\/wp-content\/uploads\/2019\/06\/Bruxism-800x300.jpg\" \/>\n<meta name=\"twitter:card\" content=\"summary_large_image\" \/>\n<meta name=\"twitter:label1\" content=\"Dur\u00e9e de lecture estim\u00e9e\" \/>\n\t<meta name=\"twitter:data1\" content=\"2 minutes\" \/>\n<script type=\"application\/ld+json\" class=\"yoast-schema-graph\">{\"@context\":\"https:\\\/\\\/schema.org\",\"@graph\":[{\"@type\":\"WebPage\",\"@id\":\"https:\\\/\\\/www.harrisvilledental.ca\\\/fr\\\/services\\\/dentisterie-generale\\\/appareils-anti-bruxisme\\\/\",\"url\":\"https:\\\/\\\/www.harrisvilledental.ca\\\/fr\\\/services\\\/dentisterie-generale\\\/appareils-anti-bruxisme\\\/\",\"name\":\"Appareils anti-bruxisme - Moncton Dentists | New Patients Welcome\",\"isPartOf\":{\"@id\":\"https:\\\/\\\/www.harrisvilledental.ca\\\/#website\"},\"primaryImageOfPage\":{\"@id\":\"https:\\\/\\\/www.harrisvilledental.ca\\\/fr\\\/services\\\/dentisterie-generale\\\/appareils-anti-bruxisme\\\/#primaryimage\"},\"image\":{\"@id\":\"https:\\\/\\\/www.harrisvilledental.ca\\\/fr\\\/services\\\/dentisterie-generale\\\/appareils-anti-bruxisme\\\/#primaryimage\"},\"thumbnailUrl\":\"https:\\\/\\\/www.harrisvilledental.ca\\\/wp-content\\\/uploads\\\/2019\\\/06\\\/Bruxism-800x300.jpg\",\"datePublished\":\"2019-05-25T02:32:13+00:00\",\"dateModified\":\"2019-08-02T00:23:08+00:00\",\"description\":\"Le serrement inconscient des dents ou encore le grincement ou le serrement involontaire des dents durant la nuit peuvent avoir des effets graves sur les dents (usures et fractures), les articulations (inflammation) et les muscles de la t\u00eate et du cou (douleur).\",\"breadcrumb\":{\"@id\":\"https:\\\/\\\/www.harrisvilledental.ca\\\/fr\\\/services\\\/dentisterie-generale\\\/appareils-anti-bruxisme\\\/#breadcrumb\"},\"inLanguage\":\"fr-FR\",\"potentialAction\":[{\"@type\":\"ReadAction\",\"target\":[\"https:\\\/\\\/www.harrisvilledental.ca\\\/fr\\\/services\\\/dentisterie-generale\\\/appareils-anti-bruxisme\\\/\"]}]},{\"@type\":\"ImageObject\",\"inLanguage\":\"fr-FR\",\"@id\":\"https:\\\/\\\/www.harrisvilledental.ca\\\/fr\\\/services\\\/dentisterie-generale\\\/appareils-anti-bruxisme\\\/#primaryimage\",\"url\":\"https:\\\/\\\/www.harrisvilledental.ca\\\/wp-content\\\/uploads\\\/2019\\\/06\\\/Bruxism-800x300.jpg\",\"contentUrl\":\"https:\\\/\\\/www.harrisvilledental.ca\\\/wp-content\\\/uploads\\\/2019\\\/06\\\/Bruxism-800x300.jpg\"},{\"@type\":\"BreadcrumbList\",\"@id\":\"https:\\\/\\\/www.harrisvilledental.ca\\\/fr\\\/services\\\/dentisterie-generale\\\/appareils-anti-bruxisme\\\/#breadcrumb\",\"itemListElement\":[{\"@type\":\"ListItem\",\"position\":1,\"name\":\"Home\",\"item\":\"https:\\\/\\\/www.harrisvilledental.ca\\\/fr\\\/\"},{\"@type\":\"ListItem\",\"position\":2,\"name\":\"Services\",\"item\":\"https:\\\/\\\/www.harrisvilledental.ca\\\/fr\\\/services\\\/\"},{\"@type\":\"ListItem\",\"position\":3,\"name\":\"Dentisterie g\u00e9n\u00e9rale\",\"item\":\"https:\\\/\\\/www.harrisvilledental.ca\\\/fr\\\/services\\\/dentisterie-generale\\\/\"},{\"@type\":\"ListItem\",\"position\":4,\"name\":\"Appareils anti-bruxisme\"}]},{\"@type\":\"WebSite\",\"@id\":\"https:\\\/\\\/www.harrisvilledental.ca\\\/#website\",\"url\":\"https:\\\/\\\/www.harrisvilledental.ca\\\/\",\"name\":\"Moncton Dentists | New Patients Welcome\",\"description\":\"\",\"publisher\":{\"@id\":\"https:\\\/\\\/www.harrisvilledental.ca\\\/#organization\"},\"potentialAction\":[{\"@type\":\"SearchAction\",\"target\":{\"@type\":\"EntryPoint\",\"urlTemplate\":\"https:\\\/\\\/www.harrisvilledental.ca\\\/?s={search_term_string}\"},\"query-input\":{\"@type\":\"PropertyValueSpecification\",\"valueRequired\":true,\"valueName\":\"search_term_string\"}}],\"inLanguage\":\"fr-FR\"},{\"@type\":\"Organization\",\"@id\":\"https:\\\/\\\/www.harrisvilledental.ca\\\/#organization\",\"name\":\"Moncton Dentists\",\"url\":\"https:\\\/\\\/www.harrisvilledental.ca\\\/\",\"logo\":{\"@type\":\"ImageObject\",\"inLanguage\":\"fr-FR\",\"@id\":\"https:\\\/\\\/www.harrisvilledental.ca\\\/#\\\/schema\\\/logo\\\/image\\\/\",\"url\":\"https:\\\/\\\/www.harrisvilledental.ca\\\/wp-content\\\/uploads\\\/2019\\\/05\\\/harrisville-dental-logo_brush.png\",\"contentUrl\":\"https:\\\/\\\/www.harrisvilledental.ca\\\/wp-content\\\/uploads\\\/2019\\\/05\\\/harrisville-dental-logo_brush.png\",\"width\":159,\"height\":50,\"caption\":\"Moncton Dentists\"},\"image\":{\"@id\":\"https:\\\/\\\/www.harrisvilledental.ca\\\/#\\\/schema\\\/logo\\\/image\\\/\"},\"sameAs\":[\"https:\\\/\\\/www.facebook.com\\\/harrisvilledental\\\/\"]}]}<\/script>\n<!-- \/ Yoast SEO plugin. -->","yoast_head_json":{"title":"Appareils anti-bruxisme - Moncton Dentists | New Patients Welcome","description":"Le serrement inconscient des dents ou encore le grincement ou le serrement involontaire des dents durant la nuit peuvent avoir des effets graves sur les dents (usures et fractures), les articulations (inflammation) et les muscles de la t\u00eate et du cou (douleur).","robots":{"index":"index","follow":"follow","max-snippet":"max-snippet:-1","max-image-preview":"max-image-preview:large","max-video-preview":"max-video-preview:-1"},"canonical":"https:\/\/www.harrisvilledental.ca\/fr\/services\/dentisterie-generale\/appareils-anti-bruxisme\/","og_locale":"fr_FR","og_type":"article","og_title":"Appareils anti-bruxisme - Moncton Dentists | New Patients Welcome","og_description":"Le serrement inconscient des dents ou encore le grincement ou le serrement involontaire des dents durant la nuit peuvent avoir des effets graves sur les dents (usures et fractures), les articulations (inflammation) et les muscles de la t\u00eate et du cou (douleur).","og_url":"https:\/\/www.harrisvilledental.ca\/fr\/services\/dentisterie-generale\/appareils-anti-bruxisme\/","og_site_name":"Moncton Dentists | New Patients Welcome","article_publisher":"https:\/\/www.facebook.com\/harrisvilledental\/","article_modified_time":"2019-08-02T00:23:08+00:00","og_image":[{"url":"https:\/\/www.harrisvilledental.ca\/wp-content\/uploads\/2019\/06\/Bruxism-800x300.jpg","type":"","width":"","height":""}],"twitter_card":"summary_large_image","twitter_misc":{"Dur\u00e9e de lecture estim\u00e9e":"2 minutes"},"schema":{"@context":"https:\/\/schema.org","@graph":[{"@type":"WebPage","@id":"https:\/\/www.harrisvilledental.ca\/fr\/services\/dentisterie-generale\/appareils-anti-bruxisme\/","url":"https:\/\/www.harrisvilledental.ca\/fr\/services\/dentisterie-generale\/appareils-anti-bruxisme\/","name":"Appareils anti-bruxisme - Moncton Dentists | New Patients Welcome","isPartOf":{"@id":"https:\/\/www.harrisvilledental.ca\/#website"},"primaryImageOfPage":{"@id":"https:\/\/www.harrisvilledental.ca\/fr\/services\/dentisterie-generale\/appareils-anti-bruxisme\/#primaryimage"},"image":{"@id":"https:\/\/www.harrisvilledental.ca\/fr\/services\/dentisterie-generale\/appareils-anti-bruxisme\/#primaryimage"},"thumbnailUrl":"https:\/\/www.harrisvilledental.ca\/wp-content\/uploads\/2019\/06\/Bruxism-800x300.jpg","datePublished":"2019-05-25T02:32:13+00:00","dateModified":"2019-08-02T00:23:08+00:00","description":"Le serrement inconscient des dents ou encore le grincement ou le serrement involontaire des dents durant la nuit peuvent avoir des effets graves sur les dents (usures et fractures), les articulations (inflammation) et les muscles de la t\u00eate et du cou (douleur).","breadcrumb":{"@id":"https:\/\/www.harrisvilledental.ca\/fr\/services\/dentisterie-generale\/appareils-anti-bruxisme\/#breadcrumb"},"inLanguage":"fr-FR","potentialAction":[{"@type":"ReadAction","target":["https:\/\/www.harrisvilledental.ca\/fr\/services\/dentisterie-generale\/appareils-anti-bruxisme\/"]}]},{"@type":"ImageObject","inLanguage":"fr-FR","@id":"https:\/\/www.harrisvilledental.ca\/fr\/services\/dentisterie-generale\/appareils-anti-bruxisme\/#primaryimage","url":"https:\/\/www.harrisvilledental.ca\/wp-content\/uploads\/2019\/06\/Bruxism-800x300.jpg","contentUrl":"https:\/\/www.harrisvilledental.ca\/wp-content\/uploads\/2019\/06\/Bruxism-800x300.jpg"},{"@type":"BreadcrumbList","@id":"https:\/\/www.harrisvilledental.ca\/fr\/services\/dentisterie-generale\/appareils-anti-bruxisme\/#breadcrumb","itemListElement":[{"@type":"ListItem","position":1,"name":"Home","item":"https:\/\/www.harrisvilledental.ca\/fr\/"},{"@type":"ListItem","position":2,"name":"Services","item":"https:\/\/www.harrisvilledental.ca\/fr\/services\/"},{"@type":"ListItem","position":3,"name":"Dentisterie g\u00e9n\u00e9rale","item":"https:\/\/www.harrisvilledental.ca\/fr\/services\/dentisterie-generale\/"},{"@type":"ListItem","position":4,"name":"Appareils anti-bruxisme"}]},{"@type":"WebSite","@id":"https:\/\/www.harrisvilledental.ca\/#website","url":"https:\/\/www.harrisvilledental.ca\/","name":"Moncton Dentists | New Patients Welcome","description":"","publisher":{"@id":"https:\/\/www.harrisvilledental.ca\/#organization"},"potentialAction":[{"@type":"SearchAction","target":{"@type":"EntryPoint","urlTemplate":"https:\/\/www.harrisvilledental.ca\/?s={search_term_string}"},"query-input":{"@type":"PropertyValueSpecification","valueRequired":true,"valueName":"search_term_string"}}],"inLanguage":"fr-FR"},{"@type":"Organization","@id":"https:\/\/www.harrisvilledental.ca\/#organization","name":"Moncton Dentists","url":"https:\/\/www.harrisvilledental.ca\/","logo":{"@type":"ImageObject","inLanguage":"fr-FR","@id":"https:\/\/www.harrisvilledental.ca\/#\/schema\/logo\/image\/","url":"https:\/\/www.harrisvilledental.ca\/wp-content\/uploads\/2019\/05\/harrisville-dental-logo_brush.png","contentUrl":"https:\/\/www.harrisvilledental.ca\/wp-content\/uploads\/2019\/05\/harrisville-dental-logo_brush.png","width":159,"height":50,"caption":"Moncton Dentists"},"image":{"@id":"https:\/\/www.harrisvilledental.ca\/#\/schema\/logo\/image\/"},"sameAs":["https:\/\/www.facebook.com\/harrisvilledental\/"]}]}},"_links":{"self":[{"href":"https:\/\/www.harrisvilledental.ca\/fr\/wp-json\/wp\/v2\/pages\/7983","targetHints":{"allow":["GET"]}}],"collection":[{"href":"https:\/\/www.harrisvilledental.ca\/fr\/wp-json\/wp\/v2\/pages"}],"about":[{"href":"https:\/\/www.harrisvilledental.ca\/fr\/wp-json\/wp\/v2\/types\/page"}],"author":[{"embeddable":true,"href":"https:\/\/www.harrisvilledental.ca\/fr\/wp-json\/wp\/v2\/users\/2"}],"replies":[{"embeddable":true,"href":"https:\/\/www.harrisvilledental.ca\/fr\/wp-json\/wp\/v2\/comments?post=7983"}],"version-history":[{"count":0,"href":"https:\/\/www.harrisvilledental.ca\/fr\/wp-json\/wp\/v2\/pages\/7983\/revisions"}],"up":[{"embeddable":true,"href":"https:\/\/www.harrisvilledental.ca\/fr\/wp-json\/wp\/v2\/pages\/7997"}],"wp:attachment":[{"href":"https:\/\/www.harrisvilledental.ca\/fr\/wp-json\/wp\/v2\/media?parent=7983"}],"curies":[{"name":"wp","href":"https:\/\/api.w.org\/{rel}","templated":true}]}}