{"id":7981,"date":"2019-05-24T23:37:56","date_gmt":"2019-05-25T02:37:56","guid":{"rendered":"https:\/\/www.harrisvilledental.ca\/dental-extractions\/"},"modified":"2019-08-01T21:23:33","modified_gmt":"2019-08-02T00:23:33","slug":"extractions","status":"publish","type":"page","link":"https:\/\/www.harrisvilledental.ca\/fr\/services\/chirurgie-buccale-et-maxillo-faciale\/extractions\/","title":{"rendered":"Extractions"},"content":{"rendered":"<div class=\"fusion-fullwidth fullwidth-box fusion-builder-row-1 nonhundred-percent-fullwidth non-hundred-percent-height-scrolling\" style=\"--awb-border-radius-top-left:0px;--awb-border-radius-top-right:0px;--awb-border-radius-bottom-right:0px;--awb-border-radius-bottom-left:0px;--awb-flex-wrap:wrap;\" ><div class=\"fusion-builder-row fusion-row\"><div class=\"fusion-layout-column fusion_builder_column fusion-builder-column-0 fusion_builder_column_1_1 1_1 fusion-one-full fusion-column-first fusion-column-last\" style=\"--awb-bg-size:cover;\"><div class=\"fusion-column-wrapper fusion-column-has-shadow fusion-flex-column-wrapper-legacy\"><div class=\"fusion-text fusion-text-1\"><h1>Extraction dentaire<\/h1>\n<\/div><div class=\"fusion-text fusion-text-2\"><p>L\u2019extraction dentaire consiste \u00e0 enlever compl\u00e8tement une dent endommag\u00e9e ou infect\u00e9e. Dans la plupart des cas, la proc\u00e9dure est relativement simple et permet de r\u00e9soudre l\u2019infection et la douleur associ\u00e9es \u00e0 une dent irr\u00e9parable.<\/p>\n<p><img decoding=\"async\" class=\"primary alignnone wp-image-7302 size-800\" src=\"https:\/\/www.harrisvilledental.ca\/wp-content\/uploads\/2019\/06\/Teeth-Extractions-800x300.jpg\" alt=\"Teeth Extractions\" width=\"800\" height=\"300\" srcset=\"https:\/\/www.harrisvilledental.ca\/wp-content\/uploads\/2019\/06\/Teeth-Extractions-200x75.jpg 200w, https:\/\/www.harrisvilledental.ca\/wp-content\/uploads\/2019\/06\/Teeth-Extractions-400x150.jpg 400w, https:\/\/www.harrisvilledental.ca\/wp-content\/uploads\/2019\/06\/Teeth-Extractions-600x225.jpg 600w, https:\/\/www.harrisvilledental.ca\/wp-content\/uploads\/2019\/06\/Teeth-Extractions-768x288.jpg 768w, https:\/\/www.harrisvilledental.ca\/wp-content\/uploads\/2019\/06\/Teeth-Extractions-800x300.jpg 800w, https:\/\/www.harrisvilledental.ca\/wp-content\/uploads\/2019\/06\/Teeth-Extractions-1024x384.jpg 1024w, https:\/\/www.harrisvilledental.ca\/wp-content\/uploads\/2019\/06\/Teeth-Extractions-1200x450.jpg 1200w, https:\/\/www.harrisvilledental.ca\/wp-content\/uploads\/2019\/06\/Teeth-Extractions.jpg 1600w\" sizes=\"(max-width: 800px) 100vw, 800px\" \/><\/p>\n<p>L\u2019extraction dentaire se fait sous anesth\u00e9sie locale.<\/p>\n<p>Votre dentiste vous guidera durant la proc\u00e9dure tout en utilisant diff\u00e9rentes techniques pour assurer votre confort en tout temps.<\/p>\n<\/div><div class=\"fusion-clearfix\"><\/div><\/div><\/div><\/div><\/div>\n","protected":false},"excerpt":{"rendered":"","protected":false},"author":2,"featured_media":0,"parent":7982,"menu_order":1,"comment_status":"closed","ping_status":"closed","template":"","meta":{"footnotes":""},"class_list":["post-7981","page","type-page","status-publish","hentry"],"yoast_head":"<!-- This site is optimized with the Yoast SEO plugin v27.3 - https:\/\/yoast.com\/product\/yoast-seo-wordpress\/ -->\n<title>Extractions - Moncton Dentists | New Patients Welcome<\/title>\n<meta name=\"description\" content=\"L\u2019extraction dentaire consiste \u00e0 enlever compl\u00e8tement une dent endommag\u00e9e ou infect\u00e9e. Dans la plupart des cas, la proc\u00e9dure est relativement simple et permet de r\u00e9soudre l\u2019infection et la douleur associ\u00e9es \u00e0 une dent irr\u00e9parable.\" \/>\n<meta name=\"robots\" content=\"index, follow, max-snippet:-1, max-image-preview:large, max-video-preview:-1\" \/>\n<link rel=\"canonical\" href=\"https:\/\/www.harrisvilledental.ca\/fr\/services\/chirurgie-buccale-et-maxillo-faciale\/extractions\/\" \/>\n<meta property=\"og:locale\" content=\"fr_FR\" \/>\n<meta property=\"og:type\" content=\"article\" \/>\n<meta property=\"og:title\" content=\"Extractions - Moncton Dentists | New Patients Welcome\" \/>\n<meta property=\"og:description\" content=\"L\u2019extraction dentaire consiste \u00e0 enlever compl\u00e8tement une dent endommag\u00e9e ou infect\u00e9e. Dans la plupart des cas, la proc\u00e9dure est relativement simple et permet de r\u00e9soudre l\u2019infection et la douleur associ\u00e9es \u00e0 une dent irr\u00e9parable.\" \/>\n<meta property=\"og:url\" content=\"https:\/\/www.harrisvilledental.ca\/fr\/services\/chirurgie-buccale-et-maxillo-faciale\/extractions\/\" \/>\n<meta property=\"og:site_name\" content=\"Moncton Dentists | New Patients Welcome\" \/>\n<meta property=\"article:publisher\" content=\"https:\/\/www.facebook.com\/harrisvilledental\/\" \/>\n<meta property=\"article:modified_time\" content=\"2019-08-02T00:23:33+00:00\" \/>\n<meta property=\"og:image\" content=\"https:\/\/www.harrisvilledental.ca\/wp-content\/uploads\/2019\/06\/Teeth-Extractions-800x300.jpg\" \/>\n<meta name=\"twitter:card\" content=\"summary_large_image\" \/>\n<meta name=\"twitter:label1\" content=\"Dur\u00e9e de lecture estim\u00e9e\" \/>\n\t<meta name=\"twitter:data1\" content=\"2 minutes\" \/>\n<script type=\"application\/ld+json\" class=\"yoast-schema-graph\">{\"@context\":\"https:\\\/\\\/schema.org\",\"@graph\":[{\"@type\":\"WebPage\",\"@id\":\"https:\\\/\\\/www.harrisvilledental.ca\\\/fr\\\/services\\\/chirurgie-buccale-et-maxillo-faciale\\\/extractions\\\/\",\"url\":\"https:\\\/\\\/www.harrisvilledental.ca\\\/fr\\\/services\\\/chirurgie-buccale-et-maxillo-faciale\\\/extractions\\\/\",\"name\":\"Extractions - Moncton Dentists | New Patients Welcome\",\"isPartOf\":{\"@id\":\"https:\\\/\\\/www.harrisvilledental.ca\\\/#website\"},\"primaryImageOfPage\":{\"@id\":\"https:\\\/\\\/www.harrisvilledental.ca\\\/fr\\\/services\\\/chirurgie-buccale-et-maxillo-faciale\\\/extractions\\\/#primaryimage\"},\"image\":{\"@id\":\"https:\\\/\\\/www.harrisvilledental.ca\\\/fr\\\/services\\\/chirurgie-buccale-et-maxillo-faciale\\\/extractions\\\/#primaryimage\"},\"thumbnailUrl\":\"https:\\\/\\\/www.harrisvilledental.ca\\\/wp-content\\\/uploads\\\/2019\\\/06\\\/Teeth-Extractions-800x300.jpg\",\"datePublished\":\"2019-05-25T02:37:56+00:00\",\"dateModified\":\"2019-08-02T00:23:33+00:00\",\"description\":\"L\u2019extraction dentaire consiste \u00e0 enlever compl\u00e8tement une dent endommag\u00e9e ou infect\u00e9e. Dans la plupart des cas, la proc\u00e9dure est relativement simple et permet de r\u00e9soudre l\u2019infection et la douleur associ\u00e9es \u00e0 une dent irr\u00e9parable.\",\"breadcrumb\":{\"@id\":\"https:\\\/\\\/www.harrisvilledental.ca\\\/fr\\\/services\\\/chirurgie-buccale-et-maxillo-faciale\\\/extractions\\\/#breadcrumb\"},\"inLanguage\":\"fr-FR\",\"potentialAction\":[{\"@type\":\"ReadAction\",\"target\":[\"https:\\\/\\\/www.harrisvilledental.ca\\\/fr\\\/services\\\/chirurgie-buccale-et-maxillo-faciale\\\/extractions\\\/\"]}]},{\"@type\":\"ImageObject\",\"inLanguage\":\"fr-FR\",\"@id\":\"https:\\\/\\\/www.harrisvilledental.ca\\\/fr\\\/services\\\/chirurgie-buccale-et-maxillo-faciale\\\/extractions\\\/#primaryimage\",\"url\":\"https:\\\/\\\/www.harrisvilledental.ca\\\/wp-content\\\/uploads\\\/2019\\\/06\\\/Teeth-Extractions-800x300.jpg\",\"contentUrl\":\"https:\\\/\\\/www.harrisvilledental.ca\\\/wp-content\\\/uploads\\\/2019\\\/06\\\/Teeth-Extractions-800x300.jpg\"},{\"@type\":\"BreadcrumbList\",\"@id\":\"https:\\\/\\\/www.harrisvilledental.ca\\\/fr\\\/services\\\/chirurgie-buccale-et-maxillo-faciale\\\/extractions\\\/#breadcrumb\",\"itemListElement\":[{\"@type\":\"ListItem\",\"position\":1,\"name\":\"Home\",\"item\":\"https:\\\/\\\/www.harrisvilledental.ca\\\/fr\\\/\"},{\"@type\":\"ListItem\",\"position\":2,\"name\":\"Services\",\"item\":\"https:\\\/\\\/www.harrisvilledental.ca\\\/fr\\\/services\\\/\"},{\"@type\":\"ListItem\",\"position\":3,\"name\":\"Chirurgie buccale et maxillo-faciale\",\"item\":\"https:\\\/\\\/www.harrisvilledental.ca\\\/fr\\\/services\\\/chirurgie-buccale-et-maxillo-faciale\\\/\"},{\"@type\":\"ListItem\",\"position\":4,\"name\":\"Extractions\"}]},{\"@type\":\"WebSite\",\"@id\":\"https:\\\/\\\/www.harrisvilledental.ca\\\/#website\",\"url\":\"https:\\\/\\\/www.harrisvilledental.ca\\\/\",\"name\":\"Moncton Dentists | New Patients Welcome\",\"description\":\"\",\"publisher\":{\"@id\":\"https:\\\/\\\/www.harrisvilledental.ca\\\/#organization\"},\"potentialAction\":[{\"@type\":\"SearchAction\",\"target\":{\"@type\":\"EntryPoint\",\"urlTemplate\":\"https:\\\/\\\/www.harrisvilledental.ca\\\/?s={search_term_string}\"},\"query-input\":{\"@type\":\"PropertyValueSpecification\",\"valueRequired\":true,\"valueName\":\"search_term_string\"}}],\"inLanguage\":\"fr-FR\"},{\"@type\":\"Organization\",\"@id\":\"https:\\\/\\\/www.harrisvilledental.ca\\\/#organization\",\"name\":\"Moncton Dentists\",\"url\":\"https:\\\/\\\/www.harrisvilledental.ca\\\/\",\"logo\":{\"@type\":\"ImageObject\",\"inLanguage\":\"fr-FR\",\"@id\":\"https:\\\/\\\/www.harrisvilledental.ca\\\/#\\\/schema\\\/logo\\\/image\\\/\",\"url\":\"https:\\\/\\\/www.harrisvilledental.ca\\\/wp-content\\\/uploads\\\/2019\\\/05\\\/harrisville-dental-logo_brush.png\",\"contentUrl\":\"https:\\\/\\\/www.harrisvilledental.ca\\\/wp-content\\\/uploads\\\/2019\\\/05\\\/harrisville-dental-logo_brush.png\",\"width\":159,\"height\":50,\"caption\":\"Moncton Dentists\"},\"image\":{\"@id\":\"https:\\\/\\\/www.harrisvilledental.ca\\\/#\\\/schema\\\/logo\\\/image\\\/\"},\"sameAs\":[\"https:\\\/\\\/www.facebook.com\\\/harrisvilledental\\\/\"]}]}<\/script>\n<!-- \/ Yoast SEO plugin. -->","yoast_head_json":{"title":"Extractions - Moncton Dentists | New Patients Welcome","description":"L\u2019extraction dentaire consiste \u00e0 enlever compl\u00e8tement une dent endommag\u00e9e ou infect\u00e9e. Dans la plupart des cas, la proc\u00e9dure est relativement simple et permet de r\u00e9soudre l\u2019infection et la douleur associ\u00e9es \u00e0 une dent irr\u00e9parable.","robots":{"index":"index","follow":"follow","max-snippet":"max-snippet:-1","max-image-preview":"max-image-preview:large","max-video-preview":"max-video-preview:-1"},"canonical":"https:\/\/www.harrisvilledental.ca\/fr\/services\/chirurgie-buccale-et-maxillo-faciale\/extractions\/","og_locale":"fr_FR","og_type":"article","og_title":"Extractions - Moncton Dentists | New Patients Welcome","og_description":"L\u2019extraction dentaire consiste \u00e0 enlever compl\u00e8tement une dent endommag\u00e9e ou infect\u00e9e. Dans la plupart des cas, la proc\u00e9dure est relativement simple et permet de r\u00e9soudre l\u2019infection et la douleur associ\u00e9es \u00e0 une dent irr\u00e9parable.","og_url":"https:\/\/www.harrisvilledental.ca\/fr\/services\/chirurgie-buccale-et-maxillo-faciale\/extractions\/","og_site_name":"Moncton Dentists | New Patients Welcome","article_publisher":"https:\/\/www.facebook.com\/harrisvilledental\/","article_modified_time":"2019-08-02T00:23:33+00:00","og_image":[{"url":"https:\/\/www.harrisvilledental.ca\/wp-content\/uploads\/2019\/06\/Teeth-Extractions-800x300.jpg","type":"","width":"","height":""}],"twitter_card":"summary_large_image","twitter_misc":{"Dur\u00e9e de lecture estim\u00e9e":"2 minutes"},"schema":{"@context":"https:\/\/schema.org","@graph":[{"@type":"WebPage","@id":"https:\/\/www.harrisvilledental.ca\/fr\/services\/chirurgie-buccale-et-maxillo-faciale\/extractions\/","url":"https:\/\/www.harrisvilledental.ca\/fr\/services\/chirurgie-buccale-et-maxillo-faciale\/extractions\/","name":"Extractions - Moncton Dentists | New Patients Welcome","isPartOf":{"@id":"https:\/\/www.harrisvilledental.ca\/#website"},"primaryImageOfPage":{"@id":"https:\/\/www.harrisvilledental.ca\/fr\/services\/chirurgie-buccale-et-maxillo-faciale\/extractions\/#primaryimage"},"image":{"@id":"https:\/\/www.harrisvilledental.ca\/fr\/services\/chirurgie-buccale-et-maxillo-faciale\/extractions\/#primaryimage"},"thumbnailUrl":"https:\/\/www.harrisvilledental.ca\/wp-content\/uploads\/2019\/06\/Teeth-Extractions-800x300.jpg","datePublished":"2019-05-25T02:37:56+00:00","dateModified":"2019-08-02T00:23:33+00:00","description":"L\u2019extraction dentaire consiste \u00e0 enlever compl\u00e8tement une dent endommag\u00e9e ou infect\u00e9e. Dans la plupart des cas, la proc\u00e9dure est relativement simple et permet de r\u00e9soudre l\u2019infection et la douleur associ\u00e9es \u00e0 une dent irr\u00e9parable.","breadcrumb":{"@id":"https:\/\/www.harrisvilledental.ca\/fr\/services\/chirurgie-buccale-et-maxillo-faciale\/extractions\/#breadcrumb"},"inLanguage":"fr-FR","potentialAction":[{"@type":"ReadAction","target":["https:\/\/www.harrisvilledental.ca\/fr\/services\/chirurgie-buccale-et-maxillo-faciale\/extractions\/"]}]},{"@type":"ImageObject","inLanguage":"fr-FR","@id":"https:\/\/www.harrisvilledental.ca\/fr\/services\/chirurgie-buccale-et-maxillo-faciale\/extractions\/#primaryimage","url":"https:\/\/www.harrisvilledental.ca\/wp-content\/uploads\/2019\/06\/Teeth-Extractions-800x300.jpg","contentUrl":"https:\/\/www.harrisvilledental.ca\/wp-content\/uploads\/2019\/06\/Teeth-Extractions-800x300.jpg"},{"@type":"BreadcrumbList","@id":"https:\/\/www.harrisvilledental.ca\/fr\/services\/chirurgie-buccale-et-maxillo-faciale\/extractions\/#breadcrumb","itemListElement":[{"@type":"ListItem","position":1,"name":"Home","item":"https:\/\/www.harrisvilledental.ca\/fr\/"},{"@type":"ListItem","position":2,"name":"Services","item":"https:\/\/www.harrisvilledental.ca\/fr\/services\/"},{"@type":"ListItem","position":3,"name":"Chirurgie buccale et maxillo-faciale","item":"https:\/\/www.harrisvilledental.ca\/fr\/services\/chirurgie-buccale-et-maxillo-faciale\/"},{"@type":"ListItem","position":4,"name":"Extractions"}]},{"@type":"WebSite","@id":"https:\/\/www.harrisvilledental.ca\/#website","url":"https:\/\/www.harrisvilledental.ca\/","name":"Moncton Dentists | New Patients Welcome","description":"","publisher":{"@id":"https:\/\/www.harrisvilledental.ca\/#organization"},"potentialAction":[{"@type":"SearchAction","target":{"@type":"EntryPoint","urlTemplate":"https:\/\/www.harrisvilledental.ca\/?s={search_term_string}"},"query-input":{"@type":"PropertyValueSpecification","valueRequired":true,"valueName":"search_term_string"}}],"inLanguage":"fr-FR"},{"@type":"Organization","@id":"https:\/\/www.harrisvilledental.ca\/#organization","name":"Moncton Dentists","url":"https:\/\/www.harrisvilledental.ca\/","logo":{"@type":"ImageObject","inLanguage":"fr-FR","@id":"https:\/\/www.harrisvilledental.ca\/#\/schema\/logo\/image\/","url":"https:\/\/www.harrisvilledental.ca\/wp-content\/uploads\/2019\/05\/harrisville-dental-logo_brush.png","contentUrl":"https:\/\/www.harrisvilledental.ca\/wp-content\/uploads\/2019\/05\/harrisville-dental-logo_brush.png","width":159,"height":50,"caption":"Moncton Dentists"},"image":{"@id":"https:\/\/www.harrisvilledental.ca\/#\/schema\/logo\/image\/"},"sameAs":["https:\/\/www.facebook.com\/harrisvilledental\/"]}]}},"_links":{"self":[{"href":"https:\/\/www.harrisvilledental.ca\/fr\/wp-json\/wp\/v2\/pages\/7981","targetHints":{"allow":["GET"]}}],"collection":[{"href":"https:\/\/www.harrisvilledental.ca\/fr\/wp-json\/wp\/v2\/pages"}],"about":[{"href":"https:\/\/www.harrisvilledental.ca\/fr\/wp-json\/wp\/v2\/types\/page"}],"author":[{"embeddable":true,"href":"https:\/\/www.harrisvilledental.ca\/fr\/wp-json\/wp\/v2\/users\/2"}],"replies":[{"embeddable":true,"href":"https:\/\/www.harrisvilledental.ca\/fr\/wp-json\/wp\/v2\/comments?post=7981"}],"version-history":[{"count":0,"href":"https:\/\/www.harrisvilledental.ca\/fr\/wp-json\/wp\/v2\/pages\/7981\/revisions"}],"up":[{"embeddable":true,"href":"https:\/\/www.harrisvilledental.ca\/fr\/wp-json\/wp\/v2\/pages\/7982"}],"wp:attachment":[{"href":"https:\/\/www.harrisvilledental.ca\/fr\/wp-json\/wp\/v2\/media?parent=7981"}],"curies":[{"name":"wp","href":"https:\/\/api.w.org\/{rel}","templated":true}]}}