{"id":7980,"date":"2019-05-24T23:38:42","date_gmt":"2019-05-25T02:38:42","guid":{"rendered":"https:\/\/www.harrisvilledental.ca\/dental-implants\/"},"modified":"2019-09-18T21:55:00","modified_gmt":"2019-09-19T00:55:00","slug":"implants-dentaires","status":"publish","type":"page","link":"https:\/\/www.harrisvilledental.ca\/fr\/retrouvez-votre-sourire\/implants-dentaires\/","title":{"rendered":"Implants dentaires"},"content":{"rendered":"<p><div class=\"fusion-fullwidth fullwidth-box fusion-builder-row-1 nonhundred-percent-fullwidth non-hundred-percent-height-scrolling\" style=\"--awb-border-radius-top-left:0px;--awb-border-radius-top-right:0px;--awb-border-radius-bottom-right:0px;--awb-border-radius-bottom-left:0px;--awb-flex-wrap:wrap;\" ><div class=\"fusion-builder-row fusion-row\"><div class=\"fusion-layout-column fusion_builder_column fusion-builder-column-0 fusion_builder_column_1_1 1_1 fusion-one-full fusion-column-first fusion-column-last\" style=\"--awb-bg-size:cover;\"><div class=\"fusion-column-wrapper fusion-column-has-shadow fusion-flex-column-wrapper-legacy\"><div class=\"fusion-text fusion-text-1\"><h1>Implants dentaires<\/h1>\n<\/div><div class=\"fusion-text fusion-text-2\"><p>Les implants dentaires ont r\u00e9volutionn\u00e9 le monde de la dentisterie. Si vous manquez une ou plusieurs dents en raison d\u2019une blessure, d\u2019une maladie (carie) ou d\u2019absence cong\u00e9nitale, les implants dentaires pourraient offrir une solution tr\u00e8s viable. Ils servent \u00e0 remplacer les dents manquantes \u00e0 la place de ponts ou de proth\u00e8ses.<\/p>\n<p><img decoding=\"async\" class=\"primary alignnone wp-image-7305 size-full\" src=\"https:\/\/www.harrisvilledental.ca\/wp-content\/uploads\/2019\/06\/Dental-Implants.jpg\" alt=\"Dental Implants\" width=\"1600\" height=\"600\" srcset=\"https:\/\/www.harrisvilledental.ca\/wp-content\/uploads\/2019\/06\/Dental-Implants-200x75.jpg 200w, https:\/\/www.harrisvilledental.ca\/wp-content\/uploads\/2019\/06\/Dental-Implants-400x150.jpg 400w, https:\/\/www.harrisvilledental.ca\/wp-content\/uploads\/2019\/06\/Dental-Implants-600x225.jpg 600w, https:\/\/www.harrisvilledental.ca\/wp-content\/uploads\/2019\/06\/Dental-Implants-768x288.jpg 768w, https:\/\/www.harrisvilledental.ca\/wp-content\/uploads\/2019\/06\/Dental-Implants-800x300.jpg 800w, https:\/\/www.harrisvilledental.ca\/wp-content\/uploads\/2019\/06\/Dental-Implants-1024x384.jpg 1024w, https:\/\/www.harrisvilledental.ca\/wp-content\/uploads\/2019\/06\/Dental-Implants-1200x450.jpg 1200w, https:\/\/www.harrisvilledental.ca\/wp-content\/uploads\/2019\/06\/Dental-Implants.jpg 1600w\" sizes=\"(max-width: 1600px) 100vw, 1600px\" \/><\/p>\n<p>L\u2019implant dentaire sert de racine \u00e0 la dent; pos\u00e9 par le dentiste, il agit comme un pilier. Il permet de cr\u00e9er un soutien pour une seule dent ou un cadre pour soutenir plusieurs dents. L\u2019os humain s\u2019int\u00e8gre \u00e0 cette structure de titane pour la solidifier et permettre au dentiste de faire des restaurations simples ou complexes.<\/p>\n<p>Les implants dentaires conviennent \u00e0 la plupart des patients ayant des dents manquantes, mais il y a certaines exceptions. Une consultation aupr\u00e8s de nos dentistes permettra de d\u00e9terminer si vous \u00eates un bon candidat pour cette solution.<\/p>\n<\/div><div class=\"fusion-clearfix\"><\/div><\/div><\/div><\/div><\/div><div class=\"fusion-fullwidth fullwidth-box fusion-builder-row-2 nonhundred-percent-fullwidth non-hundred-percent-height-scrolling fusion-equal-height-columns advantages_wrap\" style=\"--awb-background-position:left top;--awb-border-radius-top-left:0px;--awb-border-radius-top-right:0px;--awb-border-radius-bottom-right:0px;--awb-border-radius-bottom-left:0px;--awb-padding-top:0px;--awb-padding-right:0px;--awb-padding-bottom:0px;--awb-padding-left:0px;--awb-margin-top:0px;--awb-margin-bottom:0px;--awb-background-color:rgba(255,255,255,0.5);--awb-border-sizes-top:0px;--awb-border-sizes-bottom:0px;--awb-flex-wrap:wrap;\" ><div class=\"fusion-builder-row fusion-row\"><div class=\"fusion-layout-column fusion_builder_column fusion-builder-column-1 fusion_builder_column_1_3 1_3 fusion-one-third fusion-column-first advantages_heading\" style=\"--awb-padding-top:0px;--awb-padding-right:0px;--awb-padding-bottom:0px;--awb-padding-left:0px;--awb-bg-size:cover;--awb-margin-bottom:0px;width:33.333333333333%;width:calc(33.333333333333% - ( ( 0 ) * 0.33333333333333 ) );margin-right: 0px;\"><div class=\"fusion-column-wrapper fusion-column-has-shadow fusion-flex-column-wrapper-legacy\"><div class=\"fusion-column-content-centered\"><div class=\"fusion-column-content\"><div class=\"fusion-text fusion-text-3\"><h3 style=\"text-align: center;\">Avantages des<br \/>\nimplants dentaires<\/h3>\n<\/div><\/div><\/div><div class=\"fusion-clearfix\"><\/div><\/div><\/div><div class=\"fusion-layout-column fusion_builder_column fusion-builder-column-2 fusion_builder_column_2_3 2_3 fusion-two-third fusion-column-last advantages\" style=\"--awb-padding-top:0px;--awb-padding-right:0px;--awb-padding-bottom:0px;--awb-padding-left:0px;--awb-bg-size:cover;--awb-margin-bottom:0px;width:66.666666666667%;width:calc(66.666666666667% - ( ( 0 ) * 0.66666666666667 ) );\"><div class=\"fusion-column-wrapper fusion-column-has-shadow fusion-flex-column-wrapper-legacy\"><div class=\"fusion-column-content-centered\"><div class=\"fusion-column-content\"><div class=\"fusion-sep-clear\"><\/div><div class=\"fusion-separator fusion-full-width-sep\" style=\"margin-left: auto;margin-right: auto;margin-top:30px;width:100%;\"><\/div><div class=\"fusion-sep-clear\"><\/div><div class=\"fusion-text fusion-text-4\"><p>Les implants dentaires peuvent remplacer une seule dent manquante ou servir de base pour une restauration proth\u00e9tique complexe.<\/p>\n<p>Ils permettent :<\/p>\n<ul>\n<li>d\u2019obtenir un sourire naturel, sain et fonctionnel;<\/li>\n<li>de r\u00e9tablir une mastication \u00e9quilibr\u00e9e;<\/li>\n<li>de soutenir des proth\u00e8ses fixes et amovibles;<\/li>\n<li>de stabiliser les articulations et les muscles mandibulaires.<\/li>\n<\/ul>\n<\/div><div class=\"fusion-sep-clear\"><\/div><div class=\"fusion-separator fusion-full-width-sep\" style=\"margin-left: auto;margin-right: auto;margin-top:20px;width:100%;\"><\/div><div class=\"fusion-sep-clear\"><\/div><\/div><\/div><div class=\"fusion-clearfix\"><\/div><\/div><\/div><\/div><\/div><div class=\"fusion-fullwidth fullwidth-box fusion-builder-row-3 nonhundred-percent-fullwidth non-hundred-percent-height-scrolling\" style=\"--awb-border-radius-top-left:0px;--awb-border-radius-top-right:0px;--awb-border-radius-bottom-right:0px;--awb-border-radius-bottom-left:0px;--awb-flex-wrap:wrap;\" ><div class=\"fusion-builder-row fusion-row\"><div class=\"fusion-layout-column fusion_builder_column fusion-builder-column-3 fusion_builder_column_1_1 1_1 fusion-one-full fusion-column-first fusion-column-last\" style=\"--awb-bg-size:cover;\"><div class=\"fusion-column-wrapper fusion-column-has-shadow fusion-flex-column-wrapper-legacy\"><div class=\"fusion-text fusion-text-5\"><h3>Implants simples ou multiples<\/h3>\n<p>Les implants dentaires offrent une solution polyvalente. Si vous manquez une dent, un seul implant suffira pour combler l\u2019espace et soutenir une couronne. Cependant, si plusieurs dents adjacentes sont manquantes, la pose de plusieurs implants \u00e0 des endroits strat\u00e9giques permet de supporter une restauration permanente. Pour les personnes compl\u00e8tement \u00e9dent\u00e9es, les implants peuvent \u00eatre pos\u00e9s de fa\u00e7on strat\u00e9gique dans l\u2019ensemble de la bouche pour supporter une proth\u00e8se compl\u00e8te (protocole All-on-4).<\/p>\n<\/div><div class=\"fusion-clearfix\"><\/div><\/div><\/div><\/div><\/div><\/p>\n","protected":false},"excerpt":{"rendered":"","protected":false},"author":2,"featured_media":0,"parent":8001,"menu_order":5,"comment_status":"closed","ping_status":"closed","template":"","meta":{"footnotes":""},"class_list":["post-7980","page","type-page","status-publish","hentry"],"yoast_head":"<!-- This site is optimized with the Yoast SEO plugin v27.3 - https:\/\/yoast.com\/product\/yoast-seo-wordpress\/ -->\n<title>Implants dentaires - Moncton Dentists | New Patients Welcome<\/title>\n<meta name=\"description\" content=\"Les implants dentaires ont r\u00e9volutionn\u00e9 le monde de la dentisterie. Si vous manquez une ou plusieurs dents en raison d\u2019une blessure, d\u2019une maladie (carie) ou d\u2019absence cong\u00e9nitale, les implants dentaires pourraient offrir une solution tr\u00e8s viable.\" \/>\n<meta name=\"robots\" content=\"index, follow, max-snippet:-1, max-image-preview:large, max-video-preview:-1\" \/>\n<link rel=\"canonical\" href=\"https:\/\/www.harrisvilledental.ca\/fr\/retrouvez-votre-sourire\/implants-dentaires\/\" \/>\n<meta property=\"og:locale\" content=\"fr_FR\" \/>\n<meta property=\"og:type\" content=\"article\" \/>\n<meta property=\"og:title\" content=\"Implants dentaires - Moncton Dentists | New Patients Welcome\" \/>\n<meta property=\"og:description\" content=\"Les implants dentaires ont r\u00e9volutionn\u00e9 le monde de la dentisterie. Si vous manquez une ou plusieurs dents en raison d\u2019une blessure, d\u2019une maladie (carie) ou d\u2019absence cong\u00e9nitale, les implants dentaires pourraient offrir une solution tr\u00e8s viable.\" \/>\n<meta property=\"og:url\" content=\"https:\/\/www.harrisvilledental.ca\/fr\/retrouvez-votre-sourire\/implants-dentaires\/\" \/>\n<meta property=\"og:site_name\" content=\"Moncton Dentists | New Patients Welcome\" \/>\n<meta property=\"article:publisher\" content=\"https:\/\/www.facebook.com\/harrisvilledental\/\" \/>\n<meta property=\"article:modified_time\" content=\"2019-09-19T00:55:00+00:00\" \/>\n<meta property=\"og:image\" content=\"https:\/\/www.harrisvilledental.ca\/wp-content\/uploads\/2019\/06\/Dental-Implants.jpg\" \/>\n<meta name=\"twitter:card\" content=\"summary_large_image\" \/>\n<meta name=\"twitter:label1\" content=\"Dur\u00e9e de lecture estim\u00e9e\" \/>\n\t<meta name=\"twitter:data1\" content=\"6 minutes\" \/>\n<script type=\"application\/ld+json\" class=\"yoast-schema-graph\">{\"@context\":\"https:\\\/\\\/schema.org\",\"@graph\":[{\"@type\":\"WebPage\",\"@id\":\"https:\\\/\\\/www.harrisvilledental.ca\\\/fr\\\/retrouvez-votre-sourire\\\/implants-dentaires\\\/\",\"url\":\"https:\\\/\\\/www.harrisvilledental.ca\\\/fr\\\/retrouvez-votre-sourire\\\/implants-dentaires\\\/\",\"name\":\"Implants dentaires - Moncton Dentists | New Patients Welcome\",\"isPartOf\":{\"@id\":\"https:\\\/\\\/www.harrisvilledental.ca\\\/#website\"},\"primaryImageOfPage\":{\"@id\":\"https:\\\/\\\/www.harrisvilledental.ca\\\/fr\\\/retrouvez-votre-sourire\\\/implants-dentaires\\\/#primaryimage\"},\"image\":{\"@id\":\"https:\\\/\\\/www.harrisvilledental.ca\\\/fr\\\/retrouvez-votre-sourire\\\/implants-dentaires\\\/#primaryimage\"},\"thumbnailUrl\":\"https:\\\/\\\/www.harrisvilledental.ca\\\/wp-content\\\/uploads\\\/2019\\\/06\\\/Dental-Implants.jpg\",\"datePublished\":\"2019-05-25T02:38:42+00:00\",\"dateModified\":\"2019-09-19T00:55:00+00:00\",\"description\":\"Les implants dentaires ont r\u00e9volutionn\u00e9 le monde de la dentisterie. Si vous manquez une ou plusieurs dents en raison d\u2019une blessure, d\u2019une maladie (carie) ou d\u2019absence cong\u00e9nitale, les implants dentaires pourraient offrir une solution tr\u00e8s viable.\",\"breadcrumb\":{\"@id\":\"https:\\\/\\\/www.harrisvilledental.ca\\\/fr\\\/retrouvez-votre-sourire\\\/implants-dentaires\\\/#breadcrumb\"},\"inLanguage\":\"fr-FR\",\"potentialAction\":[{\"@type\":\"ReadAction\",\"target\":[\"https:\\\/\\\/www.harrisvilledental.ca\\\/fr\\\/retrouvez-votre-sourire\\\/implants-dentaires\\\/\"]}]},{\"@type\":\"ImageObject\",\"inLanguage\":\"fr-FR\",\"@id\":\"https:\\\/\\\/www.harrisvilledental.ca\\\/fr\\\/retrouvez-votre-sourire\\\/implants-dentaires\\\/#primaryimage\",\"url\":\"https:\\\/\\\/www.harrisvilledental.ca\\\/wp-content\\\/uploads\\\/2019\\\/06\\\/Dental-Implants.jpg\",\"contentUrl\":\"https:\\\/\\\/www.harrisvilledental.ca\\\/wp-content\\\/uploads\\\/2019\\\/06\\\/Dental-Implants.jpg\"},{\"@type\":\"BreadcrumbList\",\"@id\":\"https:\\\/\\\/www.harrisvilledental.ca\\\/fr\\\/retrouvez-votre-sourire\\\/implants-dentaires\\\/#breadcrumb\",\"itemListElement\":[{\"@type\":\"ListItem\",\"position\":1,\"name\":\"Home\",\"item\":\"https:\\\/\\\/www.harrisvilledental.ca\\\/fr\\\/\"},{\"@type\":\"ListItem\",\"position\":2,\"name\":\"Retrouvez votre sourire\",\"item\":\"https:\\\/\\\/www.harrisvilledental.ca\\\/fr\\\/retrouvez-votre-sourire\\\/\"},{\"@type\":\"ListItem\",\"position\":3,\"name\":\"Implants dentaires\"}]},{\"@type\":\"WebSite\",\"@id\":\"https:\\\/\\\/www.harrisvilledental.ca\\\/#website\",\"url\":\"https:\\\/\\\/www.harrisvilledental.ca\\\/\",\"name\":\"Moncton Dentists | New Patients Welcome\",\"description\":\"\",\"publisher\":{\"@id\":\"https:\\\/\\\/www.harrisvilledental.ca\\\/#organization\"},\"potentialAction\":[{\"@type\":\"SearchAction\",\"target\":{\"@type\":\"EntryPoint\",\"urlTemplate\":\"https:\\\/\\\/www.harrisvilledental.ca\\\/?s={search_term_string}\"},\"query-input\":{\"@type\":\"PropertyValueSpecification\",\"valueRequired\":true,\"valueName\":\"search_term_string\"}}],\"inLanguage\":\"fr-FR\"},{\"@type\":\"Organization\",\"@id\":\"https:\\\/\\\/www.harrisvilledental.ca\\\/#organization\",\"name\":\"Moncton Dentists\",\"url\":\"https:\\\/\\\/www.harrisvilledental.ca\\\/\",\"logo\":{\"@type\":\"ImageObject\",\"inLanguage\":\"fr-FR\",\"@id\":\"https:\\\/\\\/www.harrisvilledental.ca\\\/#\\\/schema\\\/logo\\\/image\\\/\",\"url\":\"https:\\\/\\\/www.harrisvilledental.ca\\\/wp-content\\\/uploads\\\/2019\\\/05\\\/harrisville-dental-logo_brush.png\",\"contentUrl\":\"https:\\\/\\\/www.harrisvilledental.ca\\\/wp-content\\\/uploads\\\/2019\\\/05\\\/harrisville-dental-logo_brush.png\",\"width\":159,\"height\":50,\"caption\":\"Moncton Dentists\"},\"image\":{\"@id\":\"https:\\\/\\\/www.harrisvilledental.ca\\\/#\\\/schema\\\/logo\\\/image\\\/\"},\"sameAs\":[\"https:\\\/\\\/www.facebook.com\\\/harrisvilledental\\\/\"]}]}<\/script>\n<!-- \/ Yoast SEO plugin. -->","yoast_head_json":{"title":"Implants dentaires - Moncton Dentists | New Patients Welcome","description":"Les implants dentaires ont r\u00e9volutionn\u00e9 le monde de la dentisterie. Si vous manquez une ou plusieurs dents en raison d\u2019une blessure, d\u2019une maladie (carie) ou d\u2019absence cong\u00e9nitale, les implants dentaires pourraient offrir une solution tr\u00e8s viable.","robots":{"index":"index","follow":"follow","max-snippet":"max-snippet:-1","max-image-preview":"max-image-preview:large","max-video-preview":"max-video-preview:-1"},"canonical":"https:\/\/www.harrisvilledental.ca\/fr\/retrouvez-votre-sourire\/implants-dentaires\/","og_locale":"fr_FR","og_type":"article","og_title":"Implants dentaires - Moncton Dentists | New Patients Welcome","og_description":"Les implants dentaires ont r\u00e9volutionn\u00e9 le monde de la dentisterie. Si vous manquez une ou plusieurs dents en raison d\u2019une blessure, d\u2019une maladie (carie) ou d\u2019absence cong\u00e9nitale, les implants dentaires pourraient offrir une solution tr\u00e8s viable.","og_url":"https:\/\/www.harrisvilledental.ca\/fr\/retrouvez-votre-sourire\/implants-dentaires\/","og_site_name":"Moncton Dentists | New Patients Welcome","article_publisher":"https:\/\/www.facebook.com\/harrisvilledental\/","article_modified_time":"2019-09-19T00:55:00+00:00","og_image":[{"url":"https:\/\/www.harrisvilledental.ca\/wp-content\/uploads\/2019\/06\/Dental-Implants.jpg","type":"","width":"","height":""}],"twitter_card":"summary_large_image","twitter_misc":{"Dur\u00e9e de lecture estim\u00e9e":"6 minutes"},"schema":{"@context":"https:\/\/schema.org","@graph":[{"@type":"WebPage","@id":"https:\/\/www.harrisvilledental.ca\/fr\/retrouvez-votre-sourire\/implants-dentaires\/","url":"https:\/\/www.harrisvilledental.ca\/fr\/retrouvez-votre-sourire\/implants-dentaires\/","name":"Implants dentaires - Moncton Dentists | New Patients Welcome","isPartOf":{"@id":"https:\/\/www.harrisvilledental.ca\/#website"},"primaryImageOfPage":{"@id":"https:\/\/www.harrisvilledental.ca\/fr\/retrouvez-votre-sourire\/implants-dentaires\/#primaryimage"},"image":{"@id":"https:\/\/www.harrisvilledental.ca\/fr\/retrouvez-votre-sourire\/implants-dentaires\/#primaryimage"},"thumbnailUrl":"https:\/\/www.harrisvilledental.ca\/wp-content\/uploads\/2019\/06\/Dental-Implants.jpg","datePublished":"2019-05-25T02:38:42+00:00","dateModified":"2019-09-19T00:55:00+00:00","description":"Les implants dentaires ont r\u00e9volutionn\u00e9 le monde de la dentisterie. Si vous manquez une ou plusieurs dents en raison d\u2019une blessure, d\u2019une maladie (carie) ou d\u2019absence cong\u00e9nitale, les implants dentaires pourraient offrir une solution tr\u00e8s viable.","breadcrumb":{"@id":"https:\/\/www.harrisvilledental.ca\/fr\/retrouvez-votre-sourire\/implants-dentaires\/#breadcrumb"},"inLanguage":"fr-FR","potentialAction":[{"@type":"ReadAction","target":["https:\/\/www.harrisvilledental.ca\/fr\/retrouvez-votre-sourire\/implants-dentaires\/"]}]},{"@type":"ImageObject","inLanguage":"fr-FR","@id":"https:\/\/www.harrisvilledental.ca\/fr\/retrouvez-votre-sourire\/implants-dentaires\/#primaryimage","url":"https:\/\/www.harrisvilledental.ca\/wp-content\/uploads\/2019\/06\/Dental-Implants.jpg","contentUrl":"https:\/\/www.harrisvilledental.ca\/wp-content\/uploads\/2019\/06\/Dental-Implants.jpg"},{"@type":"BreadcrumbList","@id":"https:\/\/www.harrisvilledental.ca\/fr\/retrouvez-votre-sourire\/implants-dentaires\/#breadcrumb","itemListElement":[{"@type":"ListItem","position":1,"name":"Home","item":"https:\/\/www.harrisvilledental.ca\/fr\/"},{"@type":"ListItem","position":2,"name":"Retrouvez votre sourire","item":"https:\/\/www.harrisvilledental.ca\/fr\/retrouvez-votre-sourire\/"},{"@type":"ListItem","position":3,"name":"Implants dentaires"}]},{"@type":"WebSite","@id":"https:\/\/www.harrisvilledental.ca\/#website","url":"https:\/\/www.harrisvilledental.ca\/","name":"Moncton Dentists | New Patients Welcome","description":"","publisher":{"@id":"https:\/\/www.harrisvilledental.ca\/#organization"},"potentialAction":[{"@type":"SearchAction","target":{"@type":"EntryPoint","urlTemplate":"https:\/\/www.harrisvilledental.ca\/?s={search_term_string}"},"query-input":{"@type":"PropertyValueSpecification","valueRequired":true,"valueName":"search_term_string"}}],"inLanguage":"fr-FR"},{"@type":"Organization","@id":"https:\/\/www.harrisvilledental.ca\/#organization","name":"Moncton Dentists","url":"https:\/\/www.harrisvilledental.ca\/","logo":{"@type":"ImageObject","inLanguage":"fr-FR","@id":"https:\/\/www.harrisvilledental.ca\/#\/schema\/logo\/image\/","url":"https:\/\/www.harrisvilledental.ca\/wp-content\/uploads\/2019\/05\/harrisville-dental-logo_brush.png","contentUrl":"https:\/\/www.harrisvilledental.ca\/wp-content\/uploads\/2019\/05\/harrisville-dental-logo_brush.png","width":159,"height":50,"caption":"Moncton Dentists"},"image":{"@id":"https:\/\/www.harrisvilledental.ca\/#\/schema\/logo\/image\/"},"sameAs":["https:\/\/www.facebook.com\/harrisvilledental\/"]}]}},"_links":{"self":[{"href":"https:\/\/www.harrisvilledental.ca\/fr\/wp-json\/wp\/v2\/pages\/7980","targetHints":{"allow":["GET"]}}],"collection":[{"href":"https:\/\/www.harrisvilledental.ca\/fr\/wp-json\/wp\/v2\/pages"}],"about":[{"href":"https:\/\/www.harrisvilledental.ca\/fr\/wp-json\/wp\/v2\/types\/page"}],"author":[{"embeddable":true,"href":"https:\/\/www.harrisvilledental.ca\/fr\/wp-json\/wp\/v2\/users\/2"}],"replies":[{"embeddable":true,"href":"https:\/\/www.harrisvilledental.ca\/fr\/wp-json\/wp\/v2\/comments?post=7980"}],"version-history":[{"count":0,"href":"https:\/\/www.harrisvilledental.ca\/fr\/wp-json\/wp\/v2\/pages\/7980\/revisions"}],"up":[{"embeddable":true,"href":"https:\/\/www.harrisvilledental.ca\/fr\/wp-json\/wp\/v2\/pages\/8001"}],"wp:attachment":[{"href":"https:\/\/www.harrisvilledental.ca\/fr\/wp-json\/wp\/v2\/media?parent=7980"}],"curies":[{"name":"wp","href":"https:\/\/api.w.org\/{rel}","templated":true}]}}