{"id":7979,"date":"2019-05-24T23:39:36","date_gmt":"2019-05-25T02:39:36","guid":{"rendered":"https:\/\/www.harrisvilledental.ca\/sedation-dentistry\/"},"modified":"2019-08-01T21:24:02","modified_gmt":"2019-08-02T00:24:02","slug":"soins-dentaires-sous-sedation","status":"publish","type":"page","link":"https:\/\/www.harrisvilledental.ca\/fr\/services\/chirurgie-buccale-et-maxillo-faciale\/soins-dentaires-sous-sedation\/","title":{"rendered":"Soins dentaires sous s\u00e9dation"},"content":{"rendered":"<div class=\"fusion-fullwidth fullwidth-box fusion-builder-row-1 nonhundred-percent-fullwidth non-hundred-percent-height-scrolling\" style=\"--awb-border-radius-top-left:0px;--awb-border-radius-top-right:0px;--awb-border-radius-bottom-right:0px;--awb-border-radius-bottom-left:0px;--awb-flex-wrap:wrap;\" ><div class=\"fusion-builder-row fusion-row\"><div class=\"fusion-layout-column fusion_builder_column fusion-builder-column-0 fusion_builder_column_1_1 1_1 fusion-one-full fusion-column-first fusion-column-last\" style=\"--awb-bg-size:cover;\"><div class=\"fusion-column-wrapper fusion-column-has-shadow fusion-flex-column-wrapper-legacy\"><div class=\"fusion-text fusion-text-1\"><h1>Soins dentaires sous s\u00e9dation (s\u00e9dation consciente et oxyde nitreux)<\/h1>\n<\/div><div class=\"fusion-text fusion-text-2\"><p>Notre dentiste peut apaiser vos craintes et votre anxi\u00e9t\u00e9 par la s\u00e9dation. Au Centre dentaire Harrisville, nous veillons \u00e0 cr\u00e9er un environnement tr\u00e8s confortable pour nos patients. Dr LeBlanc d\u00e9tient une certification en s\u00e9dation consciente et en administration de l\u2019oxyde nitreux.<\/p>\n<p>L\u2019oxyde nitreux est m\u00e9lang\u00e9 \u00e0 l\u2019oxyg\u00e8ne et administr\u00e9 au patient \u00e0 l\u2019aide d\u2019un masque nasal. Le patient respire normalement et la concentration en oxyde nitreux se r\u00e8gle au niveau appropri\u00e9. Le patient demeure \u00e9veill\u00e9 et il r\u00e9agit aux stimuli, mais son niveau d\u2019anxi\u00e9t\u00e9 est typiquement r\u00e9duit.<\/p>\n<p><strong><u>Pourquoi la s\u00e9dation?<\/u><\/strong><\/p>\n<p>Il y a plusieurs raisons pour choisir la s\u00e9dation. Les exp\u00e9riences d\u00e9sagr\u00e9ables, les phobies, l\u2019anxi\u00e9t\u00e9 et le stress sont des motifs communs qui incitent les gens \u00e0 envisager une forme quelconque de s\u00e9dation. Nos dentistes tiendront compte de ces modalit\u00e9s lorsqu\u2019ils d\u00e9terminent vos traitements. N\u2019h\u00e9sitez pas \u00e0 leur demander de vous expliquer les options possibles si vous pensez avoir besoin d\u2019aide pour poursuivre vos traitements dentaires.<\/p>\n<\/div><div class=\"fusion-clearfix\"><\/div><\/div><\/div><\/div><\/div>\n","protected":false},"excerpt":{"rendered":"","protected":false},"author":2,"featured_media":0,"parent":7982,"menu_order":2,"comment_status":"closed","ping_status":"closed","template":"","meta":{"footnotes":""},"class_list":["post-7979","page","type-page","status-publish","hentry"],"yoast_head":"<!-- This site is optimized with the Yoast SEO plugin v27.3 - https:\/\/yoast.com\/product\/yoast-seo-wordpress\/ -->\n<title>Soins dentaires sous s\u00e9dation - Moncton Dentists | New Patients Welcome<\/title>\n<meta name=\"description\" content=\"Au Centre dentaire Harrisville, nous veillons \u00e0 cr\u00e9er un environnement tr\u00e8s confortable pour nos patients. Dr LeBlanc d\u00e9tient une certification en s\u00e9dation consciente et en administration de l\u2019oxyde nitreux.\" \/>\n<meta name=\"robots\" content=\"index, follow, max-snippet:-1, max-image-preview:large, max-video-preview:-1\" \/>\n<link rel=\"canonical\" href=\"https:\/\/www.harrisvilledental.ca\/fr\/services\/chirurgie-buccale-et-maxillo-faciale\/soins-dentaires-sous-sedation\/\" \/>\n<meta property=\"og:locale\" content=\"fr_FR\" \/>\n<meta property=\"og:type\" content=\"article\" \/>\n<meta property=\"og:title\" content=\"Soins dentaires sous s\u00e9dation - Moncton Dentists | New Patients Welcome\" \/>\n<meta property=\"og:description\" content=\"Au Centre dentaire Harrisville, nous veillons \u00e0 cr\u00e9er un environnement tr\u00e8s confortable pour nos patients. Dr LeBlanc d\u00e9tient une certification en s\u00e9dation consciente et en administration de l\u2019oxyde nitreux.\" \/>\n<meta property=\"og:url\" content=\"https:\/\/www.harrisvilledental.ca\/fr\/services\/chirurgie-buccale-et-maxillo-faciale\/soins-dentaires-sous-sedation\/\" \/>\n<meta property=\"og:site_name\" content=\"Moncton Dentists | New Patients Welcome\" \/>\n<meta property=\"article:publisher\" content=\"https:\/\/www.facebook.com\/harrisvilledental\/\" \/>\n<meta property=\"article:modified_time\" content=\"2019-08-02T00:24:02+00:00\" \/>\n<meta name=\"twitter:card\" content=\"summary_large_image\" \/>\n<meta name=\"twitter:label1\" content=\"Dur\u00e9e de lecture estim\u00e9e\" \/>\n\t<meta name=\"twitter:data1\" content=\"2 minutes\" \/>\n<script type=\"application\/ld+json\" class=\"yoast-schema-graph\">{\"@context\":\"https:\\\/\\\/schema.org\",\"@graph\":[{\"@type\":\"WebPage\",\"@id\":\"https:\\\/\\\/www.harrisvilledental.ca\\\/fr\\\/services\\\/chirurgie-buccale-et-maxillo-faciale\\\/soins-dentaires-sous-sedation\\\/\",\"url\":\"https:\\\/\\\/www.harrisvilledental.ca\\\/fr\\\/services\\\/chirurgie-buccale-et-maxillo-faciale\\\/soins-dentaires-sous-sedation\\\/\",\"name\":\"Soins dentaires sous s\u00e9dation - Moncton Dentists | New Patients Welcome\",\"isPartOf\":{\"@id\":\"https:\\\/\\\/www.harrisvilledental.ca\\\/#website\"},\"datePublished\":\"2019-05-25T02:39:36+00:00\",\"dateModified\":\"2019-08-02T00:24:02+00:00\",\"description\":\"Au Centre dentaire Harrisville, nous veillons \u00e0 cr\u00e9er un environnement tr\u00e8s confortable pour nos patients. Dr LeBlanc d\u00e9tient une certification en s\u00e9dation consciente et en administration de l\u2019oxyde nitreux.\",\"breadcrumb\":{\"@id\":\"https:\\\/\\\/www.harrisvilledental.ca\\\/fr\\\/services\\\/chirurgie-buccale-et-maxillo-faciale\\\/soins-dentaires-sous-sedation\\\/#breadcrumb\"},\"inLanguage\":\"fr-FR\",\"potentialAction\":[{\"@type\":\"ReadAction\",\"target\":[\"https:\\\/\\\/www.harrisvilledental.ca\\\/fr\\\/services\\\/chirurgie-buccale-et-maxillo-faciale\\\/soins-dentaires-sous-sedation\\\/\"]}]},{\"@type\":\"BreadcrumbList\",\"@id\":\"https:\\\/\\\/www.harrisvilledental.ca\\\/fr\\\/services\\\/chirurgie-buccale-et-maxillo-faciale\\\/soins-dentaires-sous-sedation\\\/#breadcrumb\",\"itemListElement\":[{\"@type\":\"ListItem\",\"position\":1,\"name\":\"Home\",\"item\":\"https:\\\/\\\/www.harrisvilledental.ca\\\/fr\\\/\"},{\"@type\":\"ListItem\",\"position\":2,\"name\":\"Services\",\"item\":\"https:\\\/\\\/www.harrisvilledental.ca\\\/fr\\\/services\\\/\"},{\"@type\":\"ListItem\",\"position\":3,\"name\":\"Chirurgie buccale et maxillo-faciale\",\"item\":\"https:\\\/\\\/www.harrisvilledental.ca\\\/fr\\\/services\\\/chirurgie-buccale-et-maxillo-faciale\\\/\"},{\"@type\":\"ListItem\",\"position\":4,\"name\":\"Soins dentaires sous s\u00e9dation\"}]},{\"@type\":\"WebSite\",\"@id\":\"https:\\\/\\\/www.harrisvilledental.ca\\\/#website\",\"url\":\"https:\\\/\\\/www.harrisvilledental.ca\\\/\",\"name\":\"Moncton Dentists | New Patients Welcome\",\"description\":\"\",\"publisher\":{\"@id\":\"https:\\\/\\\/www.harrisvilledental.ca\\\/#organization\"},\"potentialAction\":[{\"@type\":\"SearchAction\",\"target\":{\"@type\":\"EntryPoint\",\"urlTemplate\":\"https:\\\/\\\/www.harrisvilledental.ca\\\/?s={search_term_string}\"},\"query-input\":{\"@type\":\"PropertyValueSpecification\",\"valueRequired\":true,\"valueName\":\"search_term_string\"}}],\"inLanguage\":\"fr-FR\"},{\"@type\":\"Organization\",\"@id\":\"https:\\\/\\\/www.harrisvilledental.ca\\\/#organization\",\"name\":\"Moncton Dentists\",\"url\":\"https:\\\/\\\/www.harrisvilledental.ca\\\/\",\"logo\":{\"@type\":\"ImageObject\",\"inLanguage\":\"fr-FR\",\"@id\":\"https:\\\/\\\/www.harrisvilledental.ca\\\/#\\\/schema\\\/logo\\\/image\\\/\",\"url\":\"https:\\\/\\\/www.harrisvilledental.ca\\\/wp-content\\\/uploads\\\/2019\\\/05\\\/harrisville-dental-logo_brush.png\",\"contentUrl\":\"https:\\\/\\\/www.harrisvilledental.ca\\\/wp-content\\\/uploads\\\/2019\\\/05\\\/harrisville-dental-logo_brush.png\",\"width\":159,\"height\":50,\"caption\":\"Moncton Dentists\"},\"image\":{\"@id\":\"https:\\\/\\\/www.harrisvilledental.ca\\\/#\\\/schema\\\/logo\\\/image\\\/\"},\"sameAs\":[\"https:\\\/\\\/www.facebook.com\\\/harrisvilledental\\\/\"]}]}<\/script>\n<!-- \/ Yoast SEO plugin. -->","yoast_head_json":{"title":"Soins dentaires sous s\u00e9dation - Moncton Dentists | New Patients Welcome","description":"Au Centre dentaire Harrisville, nous veillons \u00e0 cr\u00e9er un environnement tr\u00e8s confortable pour nos patients. Dr LeBlanc d\u00e9tient une certification en s\u00e9dation consciente et en administration de l\u2019oxyde nitreux.","robots":{"index":"index","follow":"follow","max-snippet":"max-snippet:-1","max-image-preview":"max-image-preview:large","max-video-preview":"max-video-preview:-1"},"canonical":"https:\/\/www.harrisvilledental.ca\/fr\/services\/chirurgie-buccale-et-maxillo-faciale\/soins-dentaires-sous-sedation\/","og_locale":"fr_FR","og_type":"article","og_title":"Soins dentaires sous s\u00e9dation - Moncton Dentists | New Patients Welcome","og_description":"Au Centre dentaire Harrisville, nous veillons \u00e0 cr\u00e9er un environnement tr\u00e8s confortable pour nos patients. Dr LeBlanc d\u00e9tient une certification en s\u00e9dation consciente et en administration de l\u2019oxyde nitreux.","og_url":"https:\/\/www.harrisvilledental.ca\/fr\/services\/chirurgie-buccale-et-maxillo-faciale\/soins-dentaires-sous-sedation\/","og_site_name":"Moncton Dentists | New Patients Welcome","article_publisher":"https:\/\/www.facebook.com\/harrisvilledental\/","article_modified_time":"2019-08-02T00:24:02+00:00","twitter_card":"summary_large_image","twitter_misc":{"Dur\u00e9e de lecture estim\u00e9e":"2 minutes"},"schema":{"@context":"https:\/\/schema.org","@graph":[{"@type":"WebPage","@id":"https:\/\/www.harrisvilledental.ca\/fr\/services\/chirurgie-buccale-et-maxillo-faciale\/soins-dentaires-sous-sedation\/","url":"https:\/\/www.harrisvilledental.ca\/fr\/services\/chirurgie-buccale-et-maxillo-faciale\/soins-dentaires-sous-sedation\/","name":"Soins dentaires sous s\u00e9dation - Moncton Dentists | New Patients Welcome","isPartOf":{"@id":"https:\/\/www.harrisvilledental.ca\/#website"},"datePublished":"2019-05-25T02:39:36+00:00","dateModified":"2019-08-02T00:24:02+00:00","description":"Au Centre dentaire Harrisville, nous veillons \u00e0 cr\u00e9er un environnement tr\u00e8s confortable pour nos patients. Dr LeBlanc d\u00e9tient une certification en s\u00e9dation consciente et en administration de l\u2019oxyde nitreux.","breadcrumb":{"@id":"https:\/\/www.harrisvilledental.ca\/fr\/services\/chirurgie-buccale-et-maxillo-faciale\/soins-dentaires-sous-sedation\/#breadcrumb"},"inLanguage":"fr-FR","potentialAction":[{"@type":"ReadAction","target":["https:\/\/www.harrisvilledental.ca\/fr\/services\/chirurgie-buccale-et-maxillo-faciale\/soins-dentaires-sous-sedation\/"]}]},{"@type":"BreadcrumbList","@id":"https:\/\/www.harrisvilledental.ca\/fr\/services\/chirurgie-buccale-et-maxillo-faciale\/soins-dentaires-sous-sedation\/#breadcrumb","itemListElement":[{"@type":"ListItem","position":1,"name":"Home","item":"https:\/\/www.harrisvilledental.ca\/fr\/"},{"@type":"ListItem","position":2,"name":"Services","item":"https:\/\/www.harrisvilledental.ca\/fr\/services\/"},{"@type":"ListItem","position":3,"name":"Chirurgie buccale et maxillo-faciale","item":"https:\/\/www.harrisvilledental.ca\/fr\/services\/chirurgie-buccale-et-maxillo-faciale\/"},{"@type":"ListItem","position":4,"name":"Soins dentaires sous s\u00e9dation"}]},{"@type":"WebSite","@id":"https:\/\/www.harrisvilledental.ca\/#website","url":"https:\/\/www.harrisvilledental.ca\/","name":"Moncton Dentists | New Patients Welcome","description":"","publisher":{"@id":"https:\/\/www.harrisvilledental.ca\/#organization"},"potentialAction":[{"@type":"SearchAction","target":{"@type":"EntryPoint","urlTemplate":"https:\/\/www.harrisvilledental.ca\/?s={search_term_string}"},"query-input":{"@type":"PropertyValueSpecification","valueRequired":true,"valueName":"search_term_string"}}],"inLanguage":"fr-FR"},{"@type":"Organization","@id":"https:\/\/www.harrisvilledental.ca\/#organization","name":"Moncton Dentists","url":"https:\/\/www.harrisvilledental.ca\/","logo":{"@type":"ImageObject","inLanguage":"fr-FR","@id":"https:\/\/www.harrisvilledental.ca\/#\/schema\/logo\/image\/","url":"https:\/\/www.harrisvilledental.ca\/wp-content\/uploads\/2019\/05\/harrisville-dental-logo_brush.png","contentUrl":"https:\/\/www.harrisvilledental.ca\/wp-content\/uploads\/2019\/05\/harrisville-dental-logo_brush.png","width":159,"height":50,"caption":"Moncton Dentists"},"image":{"@id":"https:\/\/www.harrisvilledental.ca\/#\/schema\/logo\/image\/"},"sameAs":["https:\/\/www.facebook.com\/harrisvilledental\/"]}]}},"_links":{"self":[{"href":"https:\/\/www.harrisvilledental.ca\/fr\/wp-json\/wp\/v2\/pages\/7979","targetHints":{"allow":["GET"]}}],"collection":[{"href":"https:\/\/www.harrisvilledental.ca\/fr\/wp-json\/wp\/v2\/pages"}],"about":[{"href":"https:\/\/www.harrisvilledental.ca\/fr\/wp-json\/wp\/v2\/types\/page"}],"author":[{"embeddable":true,"href":"https:\/\/www.harrisvilledental.ca\/fr\/wp-json\/wp\/v2\/users\/2"}],"replies":[{"embeddable":true,"href":"https:\/\/www.harrisvilledental.ca\/fr\/wp-json\/wp\/v2\/comments?post=7979"}],"version-history":[{"count":0,"href":"https:\/\/www.harrisvilledental.ca\/fr\/wp-json\/wp\/v2\/pages\/7979\/revisions"}],"up":[{"embeddable":true,"href":"https:\/\/www.harrisvilledental.ca\/fr\/wp-json\/wp\/v2\/pages\/7982"}],"wp:attachment":[{"href":"https:\/\/www.harrisvilledental.ca\/fr\/wp-json\/wp\/v2\/media?parent=7979"}],"curies":[{"name":"wp","href":"https:\/\/api.w.org\/{rel}","templated":true}]}}