{"id":7972,"date":"2019-05-25T08:38:24","date_gmt":"2019-05-25T11:38:24","guid":{"rendered":"https:\/\/www.harrisvilledental.ca\/dental-fillings\/"},"modified":"2019-08-01T21:27:11","modified_gmt":"2019-08-02T00:27:11","slug":"obturations-dentaires","status":"publish","type":"page","link":"https:\/\/www.harrisvilledental.ca\/fr\/services\/dentisterie-cosmetique\/obturations-dentaires\/","title":{"rendered":"Obturations dentaires"},"content":{"rendered":"<div class=\"fusion-fullwidth fullwidth-box fusion-builder-row-1 nonhundred-percent-fullwidth non-hundred-percent-height-scrolling\" style=\"--awb-border-radius-top-left:0px;--awb-border-radius-top-right:0px;--awb-border-radius-bottom-right:0px;--awb-border-radius-bottom-left:0px;--awb-flex-wrap:wrap;\" ><div class=\"fusion-builder-row fusion-row\"><div class=\"fusion-layout-column fusion_builder_column fusion-builder-column-0 fusion_builder_column_1_1 1_1 fusion-one-full fusion-column-first fusion-column-last\" style=\"--awb-bg-size:cover;\"><div class=\"fusion-column-wrapper fusion-column-has-shadow fusion-flex-column-wrapper-legacy\"><div class=\"fusion-text fusion-text-1\"><h1>Obturations dentaires<\/h1>\n<\/div><div class=\"fusion-text fusion-text-2\"><p>La d\u00e9gradation des dents ou les caries affaiblissent la structure dentaire et doivent \u00eatre consolid\u00e9es pour assurer la forme et la fonction. Les patients peuvent choisir diff\u00e9rents mat\u00e9riaux de restauration, dont l\u2019or, la porcelaine et les r\u00e9sines composites. Plusieurs facteurs peuvent influencer le choix du mat\u00e9riau utilis\u00e9 pour r\u00e9parer une dent. Nos dentistes vous conseilleront sur les avantages et les inconv\u00e9nients de chacun et recommanderont un plan de traitement personnalis\u00e9 adapt\u00e9 \u00e0 vos objectifs.<\/p>\n<p><img decoding=\"async\" class=\"primary alignnone wp-image-7332 size-800\" src=\"https:\/\/www.harrisvilledental.ca\/wp-content\/uploads\/2019\/06\/Dental-Filling-800x300.jpg\" alt=\"Dental Filling\" width=\"800\" height=\"300\" srcset=\"https:\/\/www.harrisvilledental.ca\/wp-content\/uploads\/2019\/06\/Dental-Filling-200x75.jpg 200w, https:\/\/www.harrisvilledental.ca\/wp-content\/uploads\/2019\/06\/Dental-Filling-400x150.jpg 400w, https:\/\/www.harrisvilledental.ca\/wp-content\/uploads\/2019\/06\/Dental-Filling-600x225.jpg 600w, https:\/\/www.harrisvilledental.ca\/wp-content\/uploads\/2019\/06\/Dental-Filling-768x288.jpg 768w, https:\/\/www.harrisvilledental.ca\/wp-content\/uploads\/2019\/06\/Dental-Filling-800x300.jpg 800w, https:\/\/www.harrisvilledental.ca\/wp-content\/uploads\/2019\/06\/Dental-Filling-1024x384.jpg 1024w, https:\/\/www.harrisvilledental.ca\/wp-content\/uploads\/2019\/06\/Dental-Filling-1200x450.jpg 1200w, https:\/\/www.harrisvilledental.ca\/wp-content\/uploads\/2019\/06\/Dental-Filling.jpg 1600w\" sizes=\"(max-width: 800px) 100vw, 800px\" \/><\/p>\n<\/div><div class=\"fusion-clearfix\"><\/div><\/div><\/div><\/div><\/div>\n","protected":false},"excerpt":{"rendered":"","protected":false},"author":2,"featured_media":0,"parent":7975,"menu_order":2,"comment_status":"closed","ping_status":"closed","template":"","meta":{"footnotes":""},"class_list":["post-7972","page","type-page","status-publish","hentry"],"yoast_head":"<!-- This site is optimized with the Yoast SEO plugin v27.3 - https:\/\/yoast.com\/product\/yoast-seo-wordpress\/ -->\n<title>Obturations dentaires - Moncton Dentists | New Patients Welcome<\/title>\n<meta name=\"description\" content=\"La d\u00e9gradation des dents ou les caries affaiblissent la structure dentaire et doivent \u00eatre consolid\u00e9es pour assurer la forme et la fonction. Les patients peuvent choisir diff\u00e9rents mat\u00e9riaux de restauration, dont l\u2019or, la porcelaine et les r\u00e9sines composites.\" \/>\n<meta name=\"robots\" content=\"index, follow, max-snippet:-1, max-image-preview:large, max-video-preview:-1\" \/>\n<link rel=\"canonical\" href=\"https:\/\/www.harrisvilledental.ca\/fr\/services\/dentisterie-cosmetique\/obturations-dentaires\/\" \/>\n<meta property=\"og:locale\" content=\"fr_FR\" \/>\n<meta property=\"og:type\" content=\"article\" \/>\n<meta property=\"og:title\" content=\"Obturations dentaires - Moncton Dentists | New Patients Welcome\" \/>\n<meta property=\"og:description\" content=\"La d\u00e9gradation des dents ou les caries affaiblissent la structure dentaire et doivent \u00eatre consolid\u00e9es pour assurer la forme et la fonction. Les patients peuvent choisir diff\u00e9rents mat\u00e9riaux de restauration, dont l\u2019or, la porcelaine et les r\u00e9sines composites.\" \/>\n<meta property=\"og:url\" content=\"https:\/\/www.harrisvilledental.ca\/fr\/services\/dentisterie-cosmetique\/obturations-dentaires\/\" \/>\n<meta property=\"og:site_name\" content=\"Moncton Dentists | New Patients Welcome\" \/>\n<meta property=\"article:publisher\" content=\"https:\/\/www.facebook.com\/harrisvilledental\/\" \/>\n<meta property=\"article:modified_time\" content=\"2019-08-02T00:27:11+00:00\" \/>\n<meta property=\"og:image\" content=\"https:\/\/www.harrisvilledental.ca\/wp-content\/uploads\/2019\/06\/Dental-Filling-800x300.jpg\" \/>\n<meta name=\"twitter:card\" content=\"summary_large_image\" \/>\n<meta name=\"twitter:label1\" content=\"Dur\u00e9e de lecture estim\u00e9e\" \/>\n\t<meta name=\"twitter:data1\" content=\"2 minutes\" \/>\n<script type=\"application\/ld+json\" class=\"yoast-schema-graph\">{\"@context\":\"https:\\\/\\\/schema.org\",\"@graph\":[{\"@type\":\"WebPage\",\"@id\":\"https:\\\/\\\/www.harrisvilledental.ca\\\/fr\\\/services\\\/dentisterie-cosmetique\\\/obturations-dentaires\\\/\",\"url\":\"https:\\\/\\\/www.harrisvilledental.ca\\\/fr\\\/services\\\/dentisterie-cosmetique\\\/obturations-dentaires\\\/\",\"name\":\"Obturations dentaires - Moncton Dentists | New Patients Welcome\",\"isPartOf\":{\"@id\":\"https:\\\/\\\/www.harrisvilledental.ca\\\/#website\"},\"primaryImageOfPage\":{\"@id\":\"https:\\\/\\\/www.harrisvilledental.ca\\\/fr\\\/services\\\/dentisterie-cosmetique\\\/obturations-dentaires\\\/#primaryimage\"},\"image\":{\"@id\":\"https:\\\/\\\/www.harrisvilledental.ca\\\/fr\\\/services\\\/dentisterie-cosmetique\\\/obturations-dentaires\\\/#primaryimage\"},\"thumbnailUrl\":\"https:\\\/\\\/www.harrisvilledental.ca\\\/wp-content\\\/uploads\\\/2019\\\/06\\\/Dental-Filling-800x300.jpg\",\"datePublished\":\"2019-05-25T11:38:24+00:00\",\"dateModified\":\"2019-08-02T00:27:11+00:00\",\"description\":\"La d\u00e9gradation des dents ou les caries affaiblissent la structure dentaire et doivent \u00eatre consolid\u00e9es pour assurer la forme et la fonction. Les patients peuvent choisir diff\u00e9rents mat\u00e9riaux de restauration, dont l\u2019or, la porcelaine et les r\u00e9sines composites.\",\"breadcrumb\":{\"@id\":\"https:\\\/\\\/www.harrisvilledental.ca\\\/fr\\\/services\\\/dentisterie-cosmetique\\\/obturations-dentaires\\\/#breadcrumb\"},\"inLanguage\":\"fr-FR\",\"potentialAction\":[{\"@type\":\"ReadAction\",\"target\":[\"https:\\\/\\\/www.harrisvilledental.ca\\\/fr\\\/services\\\/dentisterie-cosmetique\\\/obturations-dentaires\\\/\"]}]},{\"@type\":\"ImageObject\",\"inLanguage\":\"fr-FR\",\"@id\":\"https:\\\/\\\/www.harrisvilledental.ca\\\/fr\\\/services\\\/dentisterie-cosmetique\\\/obturations-dentaires\\\/#primaryimage\",\"url\":\"https:\\\/\\\/www.harrisvilledental.ca\\\/wp-content\\\/uploads\\\/2019\\\/06\\\/Dental-Filling-800x300.jpg\",\"contentUrl\":\"https:\\\/\\\/www.harrisvilledental.ca\\\/wp-content\\\/uploads\\\/2019\\\/06\\\/Dental-Filling-800x300.jpg\"},{\"@type\":\"BreadcrumbList\",\"@id\":\"https:\\\/\\\/www.harrisvilledental.ca\\\/fr\\\/services\\\/dentisterie-cosmetique\\\/obturations-dentaires\\\/#breadcrumb\",\"itemListElement\":[{\"@type\":\"ListItem\",\"position\":1,\"name\":\"Home\",\"item\":\"https:\\\/\\\/www.harrisvilledental.ca\\\/fr\\\/\"},{\"@type\":\"ListItem\",\"position\":2,\"name\":\"Services\",\"item\":\"https:\\\/\\\/www.harrisvilledental.ca\\\/fr\\\/services\\\/\"},{\"@type\":\"ListItem\",\"position\":3,\"name\":\"Dentisterie cosm\u00e9tique\",\"item\":\"https:\\\/\\\/www.harrisvilledental.ca\\\/fr\\\/services\\\/dentisterie-cosmetique\\\/\"},{\"@type\":\"ListItem\",\"position\":4,\"name\":\"Obturations dentaires\"}]},{\"@type\":\"WebSite\",\"@id\":\"https:\\\/\\\/www.harrisvilledental.ca\\\/#website\",\"url\":\"https:\\\/\\\/www.harrisvilledental.ca\\\/\",\"name\":\"Moncton Dentists | New Patients Welcome\",\"description\":\"\",\"publisher\":{\"@id\":\"https:\\\/\\\/www.harrisvilledental.ca\\\/#organization\"},\"potentialAction\":[{\"@type\":\"SearchAction\",\"target\":{\"@type\":\"EntryPoint\",\"urlTemplate\":\"https:\\\/\\\/www.harrisvilledental.ca\\\/?s={search_term_string}\"},\"query-input\":{\"@type\":\"PropertyValueSpecification\",\"valueRequired\":true,\"valueName\":\"search_term_string\"}}],\"inLanguage\":\"fr-FR\"},{\"@type\":\"Organization\",\"@id\":\"https:\\\/\\\/www.harrisvilledental.ca\\\/#organization\",\"name\":\"Moncton Dentists\",\"url\":\"https:\\\/\\\/www.harrisvilledental.ca\\\/\",\"logo\":{\"@type\":\"ImageObject\",\"inLanguage\":\"fr-FR\",\"@id\":\"https:\\\/\\\/www.harrisvilledental.ca\\\/#\\\/schema\\\/logo\\\/image\\\/\",\"url\":\"https:\\\/\\\/www.harrisvilledental.ca\\\/wp-content\\\/uploads\\\/2019\\\/05\\\/harrisville-dental-logo_brush.png\",\"contentUrl\":\"https:\\\/\\\/www.harrisvilledental.ca\\\/wp-content\\\/uploads\\\/2019\\\/05\\\/harrisville-dental-logo_brush.png\",\"width\":159,\"height\":50,\"caption\":\"Moncton Dentists\"},\"image\":{\"@id\":\"https:\\\/\\\/www.harrisvilledental.ca\\\/#\\\/schema\\\/logo\\\/image\\\/\"},\"sameAs\":[\"https:\\\/\\\/www.facebook.com\\\/harrisvilledental\\\/\"]}]}<\/script>\n<!-- \/ Yoast SEO plugin. -->","yoast_head_json":{"title":"Obturations dentaires - Moncton Dentists | New Patients Welcome","description":"La d\u00e9gradation des dents ou les caries affaiblissent la structure dentaire et doivent \u00eatre consolid\u00e9es pour assurer la forme et la fonction. Les patients peuvent choisir diff\u00e9rents mat\u00e9riaux de restauration, dont l\u2019or, la porcelaine et les r\u00e9sines composites.","robots":{"index":"index","follow":"follow","max-snippet":"max-snippet:-1","max-image-preview":"max-image-preview:large","max-video-preview":"max-video-preview:-1"},"canonical":"https:\/\/www.harrisvilledental.ca\/fr\/services\/dentisterie-cosmetique\/obturations-dentaires\/","og_locale":"fr_FR","og_type":"article","og_title":"Obturations dentaires - Moncton Dentists | New Patients Welcome","og_description":"La d\u00e9gradation des dents ou les caries affaiblissent la structure dentaire et doivent \u00eatre consolid\u00e9es pour assurer la forme et la fonction. Les patients peuvent choisir diff\u00e9rents mat\u00e9riaux de restauration, dont l\u2019or, la porcelaine et les r\u00e9sines composites.","og_url":"https:\/\/www.harrisvilledental.ca\/fr\/services\/dentisterie-cosmetique\/obturations-dentaires\/","og_site_name":"Moncton Dentists | New Patients Welcome","article_publisher":"https:\/\/www.facebook.com\/harrisvilledental\/","article_modified_time":"2019-08-02T00:27:11+00:00","og_image":[{"url":"https:\/\/www.harrisvilledental.ca\/wp-content\/uploads\/2019\/06\/Dental-Filling-800x300.jpg","type":"","width":"","height":""}],"twitter_card":"summary_large_image","twitter_misc":{"Dur\u00e9e de lecture estim\u00e9e":"2 minutes"},"schema":{"@context":"https:\/\/schema.org","@graph":[{"@type":"WebPage","@id":"https:\/\/www.harrisvilledental.ca\/fr\/services\/dentisterie-cosmetique\/obturations-dentaires\/","url":"https:\/\/www.harrisvilledental.ca\/fr\/services\/dentisterie-cosmetique\/obturations-dentaires\/","name":"Obturations dentaires - Moncton Dentists | New Patients Welcome","isPartOf":{"@id":"https:\/\/www.harrisvilledental.ca\/#website"},"primaryImageOfPage":{"@id":"https:\/\/www.harrisvilledental.ca\/fr\/services\/dentisterie-cosmetique\/obturations-dentaires\/#primaryimage"},"image":{"@id":"https:\/\/www.harrisvilledental.ca\/fr\/services\/dentisterie-cosmetique\/obturations-dentaires\/#primaryimage"},"thumbnailUrl":"https:\/\/www.harrisvilledental.ca\/wp-content\/uploads\/2019\/06\/Dental-Filling-800x300.jpg","datePublished":"2019-05-25T11:38:24+00:00","dateModified":"2019-08-02T00:27:11+00:00","description":"La d\u00e9gradation des dents ou les caries affaiblissent la structure dentaire et doivent \u00eatre consolid\u00e9es pour assurer la forme et la fonction. Les patients peuvent choisir diff\u00e9rents mat\u00e9riaux de restauration, dont l\u2019or, la porcelaine et les r\u00e9sines composites.","breadcrumb":{"@id":"https:\/\/www.harrisvilledental.ca\/fr\/services\/dentisterie-cosmetique\/obturations-dentaires\/#breadcrumb"},"inLanguage":"fr-FR","potentialAction":[{"@type":"ReadAction","target":["https:\/\/www.harrisvilledental.ca\/fr\/services\/dentisterie-cosmetique\/obturations-dentaires\/"]}]},{"@type":"ImageObject","inLanguage":"fr-FR","@id":"https:\/\/www.harrisvilledental.ca\/fr\/services\/dentisterie-cosmetique\/obturations-dentaires\/#primaryimage","url":"https:\/\/www.harrisvilledental.ca\/wp-content\/uploads\/2019\/06\/Dental-Filling-800x300.jpg","contentUrl":"https:\/\/www.harrisvilledental.ca\/wp-content\/uploads\/2019\/06\/Dental-Filling-800x300.jpg"},{"@type":"BreadcrumbList","@id":"https:\/\/www.harrisvilledental.ca\/fr\/services\/dentisterie-cosmetique\/obturations-dentaires\/#breadcrumb","itemListElement":[{"@type":"ListItem","position":1,"name":"Home","item":"https:\/\/www.harrisvilledental.ca\/fr\/"},{"@type":"ListItem","position":2,"name":"Services","item":"https:\/\/www.harrisvilledental.ca\/fr\/services\/"},{"@type":"ListItem","position":3,"name":"Dentisterie cosm\u00e9tique","item":"https:\/\/www.harrisvilledental.ca\/fr\/services\/dentisterie-cosmetique\/"},{"@type":"ListItem","position":4,"name":"Obturations dentaires"}]},{"@type":"WebSite","@id":"https:\/\/www.harrisvilledental.ca\/#website","url":"https:\/\/www.harrisvilledental.ca\/","name":"Moncton Dentists | New Patients Welcome","description":"","publisher":{"@id":"https:\/\/www.harrisvilledental.ca\/#organization"},"potentialAction":[{"@type":"SearchAction","target":{"@type":"EntryPoint","urlTemplate":"https:\/\/www.harrisvilledental.ca\/?s={search_term_string}"},"query-input":{"@type":"PropertyValueSpecification","valueRequired":true,"valueName":"search_term_string"}}],"inLanguage":"fr-FR"},{"@type":"Organization","@id":"https:\/\/www.harrisvilledental.ca\/#organization","name":"Moncton Dentists","url":"https:\/\/www.harrisvilledental.ca\/","logo":{"@type":"ImageObject","inLanguage":"fr-FR","@id":"https:\/\/www.harrisvilledental.ca\/#\/schema\/logo\/image\/","url":"https:\/\/www.harrisvilledental.ca\/wp-content\/uploads\/2019\/05\/harrisville-dental-logo_brush.png","contentUrl":"https:\/\/www.harrisvilledental.ca\/wp-content\/uploads\/2019\/05\/harrisville-dental-logo_brush.png","width":159,"height":50,"caption":"Moncton Dentists"},"image":{"@id":"https:\/\/www.harrisvilledental.ca\/#\/schema\/logo\/image\/"},"sameAs":["https:\/\/www.facebook.com\/harrisvilledental\/"]}]}},"_links":{"self":[{"href":"https:\/\/www.harrisvilledental.ca\/fr\/wp-json\/wp\/v2\/pages\/7972","targetHints":{"allow":["GET"]}}],"collection":[{"href":"https:\/\/www.harrisvilledental.ca\/fr\/wp-json\/wp\/v2\/pages"}],"about":[{"href":"https:\/\/www.harrisvilledental.ca\/fr\/wp-json\/wp\/v2\/types\/page"}],"author":[{"embeddable":true,"href":"https:\/\/www.harrisvilledental.ca\/fr\/wp-json\/wp\/v2\/users\/2"}],"replies":[{"embeddable":true,"href":"https:\/\/www.harrisvilledental.ca\/fr\/wp-json\/wp\/v2\/comments?post=7972"}],"version-history":[{"count":0,"href":"https:\/\/www.harrisvilledental.ca\/fr\/wp-json\/wp\/v2\/pages\/7972\/revisions"}],"up":[{"embeddable":true,"href":"https:\/\/www.harrisvilledental.ca\/fr\/wp-json\/wp\/v2\/pages\/7975"}],"wp:attachment":[{"href":"https:\/\/www.harrisvilledental.ca\/fr\/wp-json\/wp\/v2\/media?parent=7972"}],"curies":[{"name":"wp","href":"https:\/\/api.w.org\/{rel}","templated":true}]}}