{"id":7971,"date":"2019-05-25T08:40:00","date_gmt":"2019-05-25T11:40:00","guid":{"rendered":"https:\/\/www.harrisvilledental.ca\/inlays-onlays\/"},"modified":"2019-08-01T21:27:44","modified_gmt":"2019-08-02T00:27:44","slug":"incrustations","status":"publish","type":"page","link":"https:\/\/www.harrisvilledental.ca\/fr\/services\/dentisterie-cosmetique\/incrustations\/","title":{"rendered":"Incrustations"},"content":{"rendered":"<div class=\"fusion-fullwidth fullwidth-box fusion-builder-row-1 nonhundred-percent-fullwidth non-hundred-percent-height-scrolling\" style=\"--awb-border-radius-top-left:0px;--awb-border-radius-top-right:0px;--awb-border-radius-bottom-right:0px;--awb-border-radius-bottom-left:0px;--awb-flex-wrap:wrap;\" ><div class=\"fusion-builder-row fusion-row\"><div class=\"fusion-layout-column fusion_builder_column fusion-builder-column-0 fusion_builder_column_1_1 1_1 fusion-one-full fusion-column-first fusion-column-last\" style=\"--awb-bg-size:cover;\"><div class=\"fusion-column-wrapper fusion-column-has-shadow fusion-flex-column-wrapper-legacy\"><div class=\"fusion-text fusion-text-1\"><h1>Incrustations<\/h1>\n<\/div><div class=\"fusion-text fusion-text-2\"><p><strong><u>Que sont les incrustations?<\/u><\/strong><\/p>\n<p>Les incrustations servent \u00e0 restaurer les dents partiellement endommag\u00e9es ou fractur\u00e9es. Elles sont ciment\u00e9es dans (inlay) ou sur (onlay) la dent plut\u00f4t qu\u2019utilis\u00e9es pour remplir la cavit\u00e9 laiss\u00e9e par l\u2019extraction de la mati\u00e8re cari\u00e9e. Les incrustations sont fabriqu\u00e9es sur mesure en laboratoire.<\/p>\n<p><img decoding=\"async\" class=\"primary alignnone wp-image-7337 size-800\" src=\"https:\/\/www.harrisvilledental.ca\/wp-content\/uploads\/2019\/06\/Inlays-Onlays-1-800x300.jpg\" alt=\"Inlays-Onlays\" width=\"800\" height=\"300\" srcset=\"https:\/\/www.harrisvilledental.ca\/wp-content\/uploads\/2019\/06\/Inlays-Onlays-1-200x75.jpg 200w, https:\/\/www.harrisvilledental.ca\/wp-content\/uploads\/2019\/06\/Inlays-Onlays-1-400x150.jpg 400w, https:\/\/www.harrisvilledental.ca\/wp-content\/uploads\/2019\/06\/Inlays-Onlays-1-600x225.jpg 600w, https:\/\/www.harrisvilledental.ca\/wp-content\/uploads\/2019\/06\/Inlays-Onlays-1-768x288.jpg 768w, https:\/\/www.harrisvilledental.ca\/wp-content\/uploads\/2019\/06\/Inlays-Onlays-1-800x300.jpg 800w, https:\/\/www.harrisvilledental.ca\/wp-content\/uploads\/2019\/06\/Inlays-Onlays-1-1024x384.jpg 1024w, https:\/\/www.harrisvilledental.ca\/wp-content\/uploads\/2019\/06\/Inlays-Onlays-1-1200x450.jpg 1200w, https:\/\/www.harrisvilledental.ca\/wp-content\/uploads\/2019\/06\/Inlays-Onlays-1.jpg 1600w\" sizes=\"(max-width: 800px) 100vw, 800px\" \/><\/p>\n<p><strong><u>Quelle est la diff\u00e9rence entre l\u2019inlay et l\u2019onlay?<\/u><\/strong><\/p>\n<p>Voici deux fa\u00e7ons dont les inlays se distinguent des onlays : d\u2019abord, les inlays sont faites pour \u00eatre pos\u00e9es \u00e0 l\u2019int\u00e9rieure de la dent touch\u00e9e, tandis que les onlays recouvrent la surface de la dent. Ensuite, pour restaurer une m\u00eame dent, l\u2019inlay serait plus petite que l\u2019onlay. Nos dentistes examineront votre dent pour d\u00e9cider quel type d\u2019incrustation il faudra utiliser pour la r\u00e9parer.<\/p>\n<p><img decoding=\"async\" class=\"alignnone wp-image-7335 size-medium\" src=\"https:\/\/www.harrisvilledental.ca\/wp-content\/uploads\/2019\/06\/Inlays-Onlays-373x280.jpg\" alt=\"Inlays-Onlays\" width=\"373\" height=\"280\" srcset=\"https:\/\/www.harrisvilledental.ca\/wp-content\/uploads\/2019\/06\/Inlays-Onlays-200x150.jpg 200w, https:\/\/www.harrisvilledental.ca\/wp-content\/uploads\/2019\/06\/Inlays-Onlays-373x280.jpg 373w, https:\/\/www.harrisvilledental.ca\/wp-content\/uploads\/2019\/06\/Inlays-Onlays-400x300.jpg 400w, https:\/\/www.harrisvilledental.ca\/wp-content\/uploads\/2019\/06\/Inlays-Onlays-600x450.jpg 600w, https:\/\/www.harrisvilledental.ca\/wp-content\/uploads\/2019\/06\/Inlays-Onlays-768x576.jpg 768w, https:\/\/www.harrisvilledental.ca\/wp-content\/uploads\/2019\/06\/Inlays-Onlays.jpg 800w\" sizes=\"(max-width: 373px) 100vw, 373px\" \/><\/p>\n<p><strong><u>Les avantages des incrustations<\/u><\/strong><\/p>\n<ul>\n<li>Elles conservent une structure dentaire saine.<\/li>\n<li>Elles renforcent la dent endommag\u00e9e.<\/li>\n<li>Elles prot\u00e8gent les r\u00e9gions affaiblies de la dent.<\/li>\n<li>Elles scellent la dent pour la prot\u00e9ger des bact\u00e9ries.<\/li>\n<li>Elles ne changent pas de couleur au fil du temps (r\u00e9sistent aux taches).<\/li>\n<li>Elles sont durables.<\/li>\n<\/ul>\n<\/div><div class=\"fusion-clearfix\"><\/div><\/div><\/div><\/div><\/div>\n","protected":false},"excerpt":{"rendered":"","protected":false},"author":2,"featured_media":0,"parent":7975,"menu_order":3,"comment_status":"closed","ping_status":"closed","template":"","meta":{"footnotes":""},"class_list":["post-7971","page","type-page","status-publish","hentry"],"yoast_head":"<!-- This site is optimized with the Yoast SEO plugin v27.5 - https:\/\/yoast.com\/product\/yoast-seo-wordpress\/ -->\n<title>Incrustations - Moncton Dentists | New Patients Welcome<\/title>\n<meta name=\"description\" content=\"Les incrustations servent \u00e0 restaurer les dents partiellement endommag\u00e9es ou fractur\u00e9es. Elles sont ciment\u00e9es dans (inlay) ou sur (onlay) la dent plut\u00f4t qu\u2019utilis\u00e9es pour remplir la cavit\u00e9 laiss\u00e9e par l\u2019extraction de la mati\u00e8re cari\u00e9e.\" \/>\n<meta name=\"robots\" content=\"index, follow, max-snippet:-1, max-image-preview:large, max-video-preview:-1\" \/>\n<link rel=\"canonical\" href=\"https:\/\/www.harrisvilledental.ca\/fr\/services\/dentisterie-cosmetique\/incrustations\/\" \/>\n<meta property=\"og:locale\" content=\"fr_FR\" \/>\n<meta property=\"og:type\" content=\"article\" \/>\n<meta property=\"og:title\" content=\"Incrustations - Moncton Dentists | New Patients Welcome\" \/>\n<meta property=\"og:description\" content=\"Les incrustations servent \u00e0 restaurer les dents partiellement endommag\u00e9es ou fractur\u00e9es. Elles sont ciment\u00e9es dans (inlay) ou sur (onlay) la dent plut\u00f4t qu\u2019utilis\u00e9es pour remplir la cavit\u00e9 laiss\u00e9e par l\u2019extraction de la mati\u00e8re cari\u00e9e.\" \/>\n<meta property=\"og:url\" content=\"https:\/\/www.harrisvilledental.ca\/fr\/services\/dentisterie-cosmetique\/incrustations\/\" \/>\n<meta property=\"og:site_name\" content=\"Moncton Dentists | New Patients Welcome\" \/>\n<meta property=\"article:publisher\" content=\"https:\/\/www.facebook.com\/harrisvilledental\/\" \/>\n<meta property=\"article:modified_time\" content=\"2019-08-02T00:27:44+00:00\" \/>\n<meta property=\"og:image\" content=\"https:\/\/www.harrisvilledental.ca\/wp-content\/uploads\/2019\/06\/Inlays-Onlays-1-800x300.jpg\" \/>\n<meta name=\"twitter:card\" content=\"summary_large_image\" \/>\n<meta name=\"twitter:label1\" content=\"Dur\u00e9e de lecture estim\u00e9e\" \/>\n\t<meta name=\"twitter:data1\" content=\"2 minutes\" \/>\n<script type=\"application\/ld+json\" class=\"yoast-schema-graph\">{\"@context\":\"https:\\\/\\\/schema.org\",\"@graph\":[{\"@type\":\"WebPage\",\"@id\":\"https:\\\/\\\/www.harrisvilledental.ca\\\/fr\\\/services\\\/dentisterie-cosmetique\\\/incrustations\\\/\",\"url\":\"https:\\\/\\\/www.harrisvilledental.ca\\\/fr\\\/services\\\/dentisterie-cosmetique\\\/incrustations\\\/\",\"name\":\"Incrustations - Moncton Dentists | New Patients Welcome\",\"isPartOf\":{\"@id\":\"https:\\\/\\\/www.harrisvilledental.ca\\\/#website\"},\"primaryImageOfPage\":{\"@id\":\"https:\\\/\\\/www.harrisvilledental.ca\\\/fr\\\/services\\\/dentisterie-cosmetique\\\/incrustations\\\/#primaryimage\"},\"image\":{\"@id\":\"https:\\\/\\\/www.harrisvilledental.ca\\\/fr\\\/services\\\/dentisterie-cosmetique\\\/incrustations\\\/#primaryimage\"},\"thumbnailUrl\":\"https:\\\/\\\/www.harrisvilledental.ca\\\/wp-content\\\/uploads\\\/2019\\\/06\\\/Inlays-Onlays-1-800x300.jpg\",\"datePublished\":\"2019-05-25T11:40:00+00:00\",\"dateModified\":\"2019-08-02T00:27:44+00:00\",\"description\":\"Les incrustations servent \u00e0 restaurer les dents partiellement endommag\u00e9es ou fractur\u00e9es. Elles sont ciment\u00e9es dans (inlay) ou sur (onlay) la dent plut\u00f4t qu\u2019utilis\u00e9es pour remplir la cavit\u00e9 laiss\u00e9e par l\u2019extraction de la mati\u00e8re cari\u00e9e.\",\"breadcrumb\":{\"@id\":\"https:\\\/\\\/www.harrisvilledental.ca\\\/fr\\\/services\\\/dentisterie-cosmetique\\\/incrustations\\\/#breadcrumb\"},\"inLanguage\":\"fr-FR\",\"potentialAction\":[{\"@type\":\"ReadAction\",\"target\":[\"https:\\\/\\\/www.harrisvilledental.ca\\\/fr\\\/services\\\/dentisterie-cosmetique\\\/incrustations\\\/\"]}]},{\"@type\":\"ImageObject\",\"inLanguage\":\"fr-FR\",\"@id\":\"https:\\\/\\\/www.harrisvilledental.ca\\\/fr\\\/services\\\/dentisterie-cosmetique\\\/incrustations\\\/#primaryimage\",\"url\":\"https:\\\/\\\/www.harrisvilledental.ca\\\/wp-content\\\/uploads\\\/2019\\\/06\\\/Inlays-Onlays-1-800x300.jpg\",\"contentUrl\":\"https:\\\/\\\/www.harrisvilledental.ca\\\/wp-content\\\/uploads\\\/2019\\\/06\\\/Inlays-Onlays-1-800x300.jpg\"},{\"@type\":\"BreadcrumbList\",\"@id\":\"https:\\\/\\\/www.harrisvilledental.ca\\\/fr\\\/services\\\/dentisterie-cosmetique\\\/incrustations\\\/#breadcrumb\",\"itemListElement\":[{\"@type\":\"ListItem\",\"position\":1,\"name\":\"Home\",\"item\":\"https:\\\/\\\/www.harrisvilledental.ca\\\/fr\\\/\"},{\"@type\":\"ListItem\",\"position\":2,\"name\":\"Services\",\"item\":\"https:\\\/\\\/www.harrisvilledental.ca\\\/fr\\\/services\\\/\"},{\"@type\":\"ListItem\",\"position\":3,\"name\":\"Dentisterie cosm\u00e9tique\",\"item\":\"https:\\\/\\\/www.harrisvilledental.ca\\\/fr\\\/services\\\/dentisterie-cosmetique\\\/\"},{\"@type\":\"ListItem\",\"position\":4,\"name\":\"Incrustations\"}]},{\"@type\":\"WebSite\",\"@id\":\"https:\\\/\\\/www.harrisvilledental.ca\\\/#website\",\"url\":\"https:\\\/\\\/www.harrisvilledental.ca\\\/\",\"name\":\"Moncton Dentists | New Patients Welcome\",\"description\":\"\",\"publisher\":{\"@id\":\"https:\\\/\\\/www.harrisvilledental.ca\\\/#organization\"},\"potentialAction\":[{\"@type\":\"SearchAction\",\"target\":{\"@type\":\"EntryPoint\",\"urlTemplate\":\"https:\\\/\\\/www.harrisvilledental.ca\\\/?s={search_term_string}\"},\"query-input\":{\"@type\":\"PropertyValueSpecification\",\"valueRequired\":true,\"valueName\":\"search_term_string\"}}],\"inLanguage\":\"fr-FR\"},{\"@type\":\"Organization\",\"@id\":\"https:\\\/\\\/www.harrisvilledental.ca\\\/#organization\",\"name\":\"Moncton Dentists\",\"url\":\"https:\\\/\\\/www.harrisvilledental.ca\\\/\",\"logo\":{\"@type\":\"ImageObject\",\"inLanguage\":\"fr-FR\",\"@id\":\"https:\\\/\\\/www.harrisvilledental.ca\\\/#\\\/schema\\\/logo\\\/image\\\/\",\"url\":\"https:\\\/\\\/www.harrisvilledental.ca\\\/wp-content\\\/uploads\\\/2019\\\/05\\\/harrisville-dental-logo_brush.png\",\"contentUrl\":\"https:\\\/\\\/www.harrisvilledental.ca\\\/wp-content\\\/uploads\\\/2019\\\/05\\\/harrisville-dental-logo_brush.png\",\"width\":159,\"height\":50,\"caption\":\"Moncton Dentists\"},\"image\":{\"@id\":\"https:\\\/\\\/www.harrisvilledental.ca\\\/#\\\/schema\\\/logo\\\/image\\\/\"},\"sameAs\":[\"https:\\\/\\\/www.facebook.com\\\/harrisvilledental\\\/\"]}]}<\/script>\n<!-- \/ Yoast SEO plugin. -->","yoast_head_json":{"title":"Incrustations - Moncton Dentists | New Patients Welcome","description":"Les incrustations servent \u00e0 restaurer les dents partiellement endommag\u00e9es ou fractur\u00e9es. Elles sont ciment\u00e9es dans (inlay) ou sur (onlay) la dent plut\u00f4t qu\u2019utilis\u00e9es pour remplir la cavit\u00e9 laiss\u00e9e par l\u2019extraction de la mati\u00e8re cari\u00e9e.","robots":{"index":"index","follow":"follow","max-snippet":"max-snippet:-1","max-image-preview":"max-image-preview:large","max-video-preview":"max-video-preview:-1"},"canonical":"https:\/\/www.harrisvilledental.ca\/fr\/services\/dentisterie-cosmetique\/incrustations\/","og_locale":"fr_FR","og_type":"article","og_title":"Incrustations - Moncton Dentists | New Patients Welcome","og_description":"Les incrustations servent \u00e0 restaurer les dents partiellement endommag\u00e9es ou fractur\u00e9es. Elles sont ciment\u00e9es dans (inlay) ou sur (onlay) la dent plut\u00f4t qu\u2019utilis\u00e9es pour remplir la cavit\u00e9 laiss\u00e9e par l\u2019extraction de la mati\u00e8re cari\u00e9e.","og_url":"https:\/\/www.harrisvilledental.ca\/fr\/services\/dentisterie-cosmetique\/incrustations\/","og_site_name":"Moncton Dentists | New Patients Welcome","article_publisher":"https:\/\/www.facebook.com\/harrisvilledental\/","article_modified_time":"2019-08-02T00:27:44+00:00","og_image":[{"url":"https:\/\/www.harrisvilledental.ca\/wp-content\/uploads\/2019\/06\/Inlays-Onlays-1-800x300.jpg","type":"","width":"","height":""}],"twitter_card":"summary_large_image","twitter_misc":{"Dur\u00e9e de lecture estim\u00e9e":"2 minutes"},"schema":{"@context":"https:\/\/schema.org","@graph":[{"@type":"WebPage","@id":"https:\/\/www.harrisvilledental.ca\/fr\/services\/dentisterie-cosmetique\/incrustations\/","url":"https:\/\/www.harrisvilledental.ca\/fr\/services\/dentisterie-cosmetique\/incrustations\/","name":"Incrustations - Moncton Dentists | New Patients Welcome","isPartOf":{"@id":"https:\/\/www.harrisvilledental.ca\/#website"},"primaryImageOfPage":{"@id":"https:\/\/www.harrisvilledental.ca\/fr\/services\/dentisterie-cosmetique\/incrustations\/#primaryimage"},"image":{"@id":"https:\/\/www.harrisvilledental.ca\/fr\/services\/dentisterie-cosmetique\/incrustations\/#primaryimage"},"thumbnailUrl":"https:\/\/www.harrisvilledental.ca\/wp-content\/uploads\/2019\/06\/Inlays-Onlays-1-800x300.jpg","datePublished":"2019-05-25T11:40:00+00:00","dateModified":"2019-08-02T00:27:44+00:00","description":"Les incrustations servent \u00e0 restaurer les dents partiellement endommag\u00e9es ou fractur\u00e9es. Elles sont ciment\u00e9es dans (inlay) ou sur (onlay) la dent plut\u00f4t qu\u2019utilis\u00e9es pour remplir la cavit\u00e9 laiss\u00e9e par l\u2019extraction de la mati\u00e8re cari\u00e9e.","breadcrumb":{"@id":"https:\/\/www.harrisvilledental.ca\/fr\/services\/dentisterie-cosmetique\/incrustations\/#breadcrumb"},"inLanguage":"fr-FR","potentialAction":[{"@type":"ReadAction","target":["https:\/\/www.harrisvilledental.ca\/fr\/services\/dentisterie-cosmetique\/incrustations\/"]}]},{"@type":"ImageObject","inLanguage":"fr-FR","@id":"https:\/\/www.harrisvilledental.ca\/fr\/services\/dentisterie-cosmetique\/incrustations\/#primaryimage","url":"https:\/\/www.harrisvilledental.ca\/wp-content\/uploads\/2019\/06\/Inlays-Onlays-1-800x300.jpg","contentUrl":"https:\/\/www.harrisvilledental.ca\/wp-content\/uploads\/2019\/06\/Inlays-Onlays-1-800x300.jpg"},{"@type":"BreadcrumbList","@id":"https:\/\/www.harrisvilledental.ca\/fr\/services\/dentisterie-cosmetique\/incrustations\/#breadcrumb","itemListElement":[{"@type":"ListItem","position":1,"name":"Home","item":"https:\/\/www.harrisvilledental.ca\/fr\/"},{"@type":"ListItem","position":2,"name":"Services","item":"https:\/\/www.harrisvilledental.ca\/fr\/services\/"},{"@type":"ListItem","position":3,"name":"Dentisterie cosm\u00e9tique","item":"https:\/\/www.harrisvilledental.ca\/fr\/services\/dentisterie-cosmetique\/"},{"@type":"ListItem","position":4,"name":"Incrustations"}]},{"@type":"WebSite","@id":"https:\/\/www.harrisvilledental.ca\/#website","url":"https:\/\/www.harrisvilledental.ca\/","name":"Moncton Dentists | New Patients Welcome","description":"","publisher":{"@id":"https:\/\/www.harrisvilledental.ca\/#organization"},"potentialAction":[{"@type":"SearchAction","target":{"@type":"EntryPoint","urlTemplate":"https:\/\/www.harrisvilledental.ca\/?s={search_term_string}"},"query-input":{"@type":"PropertyValueSpecification","valueRequired":true,"valueName":"search_term_string"}}],"inLanguage":"fr-FR"},{"@type":"Organization","@id":"https:\/\/www.harrisvilledental.ca\/#organization","name":"Moncton Dentists","url":"https:\/\/www.harrisvilledental.ca\/","logo":{"@type":"ImageObject","inLanguage":"fr-FR","@id":"https:\/\/www.harrisvilledental.ca\/#\/schema\/logo\/image\/","url":"https:\/\/www.harrisvilledental.ca\/wp-content\/uploads\/2019\/05\/harrisville-dental-logo_brush.png","contentUrl":"https:\/\/www.harrisvilledental.ca\/wp-content\/uploads\/2019\/05\/harrisville-dental-logo_brush.png","width":159,"height":50,"caption":"Moncton Dentists"},"image":{"@id":"https:\/\/www.harrisvilledental.ca\/#\/schema\/logo\/image\/"},"sameAs":["https:\/\/www.facebook.com\/harrisvilledental\/"]}]}},"_links":{"self":[{"href":"https:\/\/www.harrisvilledental.ca\/fr\/wp-json\/wp\/v2\/pages\/7971","targetHints":{"allow":["GET"]}}],"collection":[{"href":"https:\/\/www.harrisvilledental.ca\/fr\/wp-json\/wp\/v2\/pages"}],"about":[{"href":"https:\/\/www.harrisvilledental.ca\/fr\/wp-json\/wp\/v2\/types\/page"}],"author":[{"embeddable":true,"href":"https:\/\/www.harrisvilledental.ca\/fr\/wp-json\/wp\/v2\/users\/2"}],"replies":[{"embeddable":true,"href":"https:\/\/www.harrisvilledental.ca\/fr\/wp-json\/wp\/v2\/comments?post=7971"}],"version-history":[{"count":0,"href":"https:\/\/www.harrisvilledental.ca\/fr\/wp-json\/wp\/v2\/pages\/7971\/revisions"}],"up":[{"embeddable":true,"href":"https:\/\/www.harrisvilledental.ca\/fr\/wp-json\/wp\/v2\/pages\/7975"}],"wp:attachment":[{"href":"https:\/\/www.harrisvilledental.ca\/fr\/wp-json\/wp\/v2\/media?parent=7971"}],"curies":[{"name":"wp","href":"https:\/\/api.w.org\/{rel}","templated":true}]}}