{"id":7969,"date":"2019-05-25T08:43:50","date_gmt":"2019-05-25T11:43:50","guid":{"rendered":"https:\/\/www.harrisvilledental.ca\/gingival-grafting\/"},"modified":"2019-08-01T21:28:13","modified_gmt":"2019-08-02T00:28:13","slug":"greffe-gingivale","status":"publish","type":"page","link":"https:\/\/www.harrisvilledental.ca\/fr\/services\/parodontie\/greffe-gingivale\/","title":{"rendered":"Greffe gingivale"},"content":{"rendered":"<div class=\"fusion-fullwidth fullwidth-box fusion-builder-row-1 nonhundred-percent-fullwidth non-hundred-percent-height-scrolling\" style=\"--awb-border-radius-top-left:0px;--awb-border-radius-top-right:0px;--awb-border-radius-bottom-right:0px;--awb-border-radius-bottom-left:0px;--awb-flex-wrap:wrap;\" ><div class=\"fusion-builder-row fusion-row\"><div class=\"fusion-layout-column fusion_builder_column fusion-builder-column-0 fusion_builder_column_1_1 1_1 fusion-one-full fusion-column-first fusion-column-last\" style=\"--awb-bg-size:cover;\"><div class=\"fusion-column-wrapper fusion-column-has-shadow fusion-flex-column-wrapper-legacy\"><div class=\"fusion-text fusion-text-1\"><h1>Greffe gingivale<\/h1>\n<\/div><div class=\"fusion-text fusion-text-2\"><p>La greffe gingivale (aussi appel\u00e9e greffe de gencive ou chirurgie plastique parodontale) est un nom collectif qui d\u00e9signe les interventions chirurgicales parodontales visant \u00e0 recouvrir la surface expos\u00e9e d\u2019une racine dentaire avec un tissu buccal greff\u00e9. L\u2019exposition des racines est habituellement attribuable \u00e0 la r\u00e9cession gingivale caus\u00e9e par une maladie parodontale. Il y a aussi d\u2019autres causes communes, dont le brossage trop rigoureux et les blessures.<\/p>\n<p><img decoding=\"async\" class=\"primary alignnone wp-image-7452 size-800\" src=\"https:\/\/www.harrisvilledental.ca\/wp-content\/uploads\/2019\/06\/Gingival-Graft-800x300.jpg\" alt=\"Gingival Graft\" width=\"800\" height=\"300\" srcset=\"https:\/\/www.harrisvilledental.ca\/wp-content\/uploads\/2019\/06\/Gingival-Graft-200x75.jpg 200w, https:\/\/www.harrisvilledental.ca\/wp-content\/uploads\/2019\/06\/Gingival-Graft-400x150.jpg 400w, https:\/\/www.harrisvilledental.ca\/wp-content\/uploads\/2019\/06\/Gingival-Graft-600x225.jpg 600w, https:\/\/www.harrisvilledental.ca\/wp-content\/uploads\/2019\/06\/Gingival-Graft-768x288.jpg 768w, https:\/\/www.harrisvilledental.ca\/wp-content\/uploads\/2019\/06\/Gingival-Graft-800x300.jpg 800w, https:\/\/www.harrisvilledental.ca\/wp-content\/uploads\/2019\/06\/Gingival-Graft-1024x384.jpg 1024w, https:\/\/www.harrisvilledental.ca\/wp-content\/uploads\/2019\/06\/Gingival-Graft-1200x450.jpg 1200w, https:\/\/www.harrisvilledental.ca\/wp-content\/uploads\/2019\/06\/Gingival-Graft.jpg 1600w\" sizes=\"(max-width: 800px) 100vw, 800px\" \/><\/p>\n<p><strong><u>Quels sont les motifs communs de la greffe gingivale?<\/u><\/strong><\/p>\n<p>La greffe gingivale est une proc\u00e9dure assez courante qui produit d\u2019excellents r\u00e9sultats. Voici quelques-uns de ses avantages:<\/p>\n<ul>\n<li>diminution de l\u2019hypersensibilit\u00e9 dentinaire;<\/li>\n<li>am\u00e9lioration de l\u2019apparence;<\/li>\n<li>enforcement des tissus et pr\u00e9vention de la r\u00e9cession additionnelle et de la perte osseuse.<\/li>\n<\/ul>\n<p>La proc\u00e9dure de greffe gingivale est r\u00e9alis\u00e9e sous anesth\u00e9sie locale. Nos dentistes expliquent la proc\u00e9dure au complet aux patients. Ils leur disent aussi \u00e0 quoi s\u2019attendre apr\u00e8s l\u2019intervention et prescrivent les m\u00e9dicaments appropri\u00e9s au besoin. Ils font aussi des examens de suivi.<\/p>\n<\/div><div class=\"fusion-clearfix\"><\/div><\/div><\/div><\/div><\/div>\n","protected":false},"excerpt":{"rendered":"","protected":false},"author":2,"featured_media":0,"parent":7970,"menu_order":1,"comment_status":"closed","ping_status":"closed","template":"","meta":{"footnotes":""},"class_list":["post-7969","page","type-page","status-publish","hentry"],"yoast_head":"<!-- This site is optimized with the Yoast SEO plugin v27.3 - https:\/\/yoast.com\/product\/yoast-seo-wordpress\/ -->\n<title>Greffe gingivale - Moncton Dentists | New Patients Welcome<\/title>\n<meta name=\"description\" content=\"La greffe gingivale (aussi appel\u00e9e greffe de gencive ou chirurgie plastique parodontale) est un nom collectif qui d\u00e9signe les interventions chirurgicales parodontales visant \u00e0 recouvrir la surface expos\u00e9e d\u2019une racine dentaire avec un tissu buccal greff\u00e9.\" \/>\n<meta name=\"robots\" content=\"index, follow, max-snippet:-1, max-image-preview:large, max-video-preview:-1\" \/>\n<link rel=\"canonical\" href=\"https:\/\/www.harrisvilledental.ca\/fr\/services\/parodontie\/greffe-gingivale\/\" \/>\n<meta property=\"og:locale\" content=\"fr_FR\" \/>\n<meta property=\"og:type\" content=\"article\" \/>\n<meta property=\"og:title\" content=\"Greffe gingivale - Moncton Dentists | New Patients Welcome\" \/>\n<meta property=\"og:description\" content=\"La greffe gingivale (aussi appel\u00e9e greffe de gencive ou chirurgie plastique parodontale) est un nom collectif qui d\u00e9signe les interventions chirurgicales parodontales visant \u00e0 recouvrir la surface expos\u00e9e d\u2019une racine dentaire avec un tissu buccal greff\u00e9.\" \/>\n<meta property=\"og:url\" content=\"https:\/\/www.harrisvilledental.ca\/fr\/services\/parodontie\/greffe-gingivale\/\" \/>\n<meta property=\"og:site_name\" content=\"Moncton Dentists | New Patients Welcome\" \/>\n<meta property=\"article:publisher\" content=\"https:\/\/www.facebook.com\/harrisvilledental\/\" \/>\n<meta property=\"article:modified_time\" content=\"2019-08-02T00:28:13+00:00\" \/>\n<meta property=\"og:image\" content=\"https:\/\/www.harrisvilledental.ca\/wp-content\/uploads\/2019\/06\/Gingival-Graft-800x300.jpg\" \/>\n<meta name=\"twitter:card\" content=\"summary_large_image\" \/>\n<meta name=\"twitter:label1\" content=\"Dur\u00e9e de lecture estim\u00e9e\" \/>\n\t<meta name=\"twitter:data1\" content=\"2 minutes\" \/>\n<script type=\"application\/ld+json\" class=\"yoast-schema-graph\">{\"@context\":\"https:\\\/\\\/schema.org\",\"@graph\":[{\"@type\":\"WebPage\",\"@id\":\"https:\\\/\\\/www.harrisvilledental.ca\\\/fr\\\/services\\\/parodontie\\\/greffe-gingivale\\\/\",\"url\":\"https:\\\/\\\/www.harrisvilledental.ca\\\/fr\\\/services\\\/parodontie\\\/greffe-gingivale\\\/\",\"name\":\"Greffe gingivale - Moncton Dentists | New Patients Welcome\",\"isPartOf\":{\"@id\":\"https:\\\/\\\/www.harrisvilledental.ca\\\/#website\"},\"primaryImageOfPage\":{\"@id\":\"https:\\\/\\\/www.harrisvilledental.ca\\\/fr\\\/services\\\/parodontie\\\/greffe-gingivale\\\/#primaryimage\"},\"image\":{\"@id\":\"https:\\\/\\\/www.harrisvilledental.ca\\\/fr\\\/services\\\/parodontie\\\/greffe-gingivale\\\/#primaryimage\"},\"thumbnailUrl\":\"https:\\\/\\\/www.harrisvilledental.ca\\\/wp-content\\\/uploads\\\/2019\\\/06\\\/Gingival-Graft-800x300.jpg\",\"datePublished\":\"2019-05-25T11:43:50+00:00\",\"dateModified\":\"2019-08-02T00:28:13+00:00\",\"description\":\"La greffe gingivale (aussi appel\u00e9e greffe de gencive ou chirurgie plastique parodontale) est un nom collectif qui d\u00e9signe les interventions chirurgicales parodontales visant \u00e0 recouvrir la surface expos\u00e9e d\u2019une racine dentaire avec un tissu buccal greff\u00e9.\",\"breadcrumb\":{\"@id\":\"https:\\\/\\\/www.harrisvilledental.ca\\\/fr\\\/services\\\/parodontie\\\/greffe-gingivale\\\/#breadcrumb\"},\"inLanguage\":\"fr-FR\",\"potentialAction\":[{\"@type\":\"ReadAction\",\"target\":[\"https:\\\/\\\/www.harrisvilledental.ca\\\/fr\\\/services\\\/parodontie\\\/greffe-gingivale\\\/\"]}]},{\"@type\":\"ImageObject\",\"inLanguage\":\"fr-FR\",\"@id\":\"https:\\\/\\\/www.harrisvilledental.ca\\\/fr\\\/services\\\/parodontie\\\/greffe-gingivale\\\/#primaryimage\",\"url\":\"https:\\\/\\\/www.harrisvilledental.ca\\\/wp-content\\\/uploads\\\/2019\\\/06\\\/Gingival-Graft-800x300.jpg\",\"contentUrl\":\"https:\\\/\\\/www.harrisvilledental.ca\\\/wp-content\\\/uploads\\\/2019\\\/06\\\/Gingival-Graft-800x300.jpg\"},{\"@type\":\"BreadcrumbList\",\"@id\":\"https:\\\/\\\/www.harrisvilledental.ca\\\/fr\\\/services\\\/parodontie\\\/greffe-gingivale\\\/#breadcrumb\",\"itemListElement\":[{\"@type\":\"ListItem\",\"position\":1,\"name\":\"Home\",\"item\":\"https:\\\/\\\/www.harrisvilledental.ca\\\/fr\\\/\"},{\"@type\":\"ListItem\",\"position\":2,\"name\":\"Services\",\"item\":\"https:\\\/\\\/www.harrisvilledental.ca\\\/fr\\\/services\\\/\"},{\"@type\":\"ListItem\",\"position\":3,\"name\":\"Parodontie\",\"item\":\"https:\\\/\\\/www.harrisvilledental.ca\\\/fr\\\/services\\\/parodontie\\\/\"},{\"@type\":\"ListItem\",\"position\":4,\"name\":\"Greffe gingivale\"}]},{\"@type\":\"WebSite\",\"@id\":\"https:\\\/\\\/www.harrisvilledental.ca\\\/#website\",\"url\":\"https:\\\/\\\/www.harrisvilledental.ca\\\/\",\"name\":\"Moncton Dentists | New Patients Welcome\",\"description\":\"\",\"publisher\":{\"@id\":\"https:\\\/\\\/www.harrisvilledental.ca\\\/#organization\"},\"potentialAction\":[{\"@type\":\"SearchAction\",\"target\":{\"@type\":\"EntryPoint\",\"urlTemplate\":\"https:\\\/\\\/www.harrisvilledental.ca\\\/?s={search_term_string}\"},\"query-input\":{\"@type\":\"PropertyValueSpecification\",\"valueRequired\":true,\"valueName\":\"search_term_string\"}}],\"inLanguage\":\"fr-FR\"},{\"@type\":\"Organization\",\"@id\":\"https:\\\/\\\/www.harrisvilledental.ca\\\/#organization\",\"name\":\"Moncton Dentists\",\"url\":\"https:\\\/\\\/www.harrisvilledental.ca\\\/\",\"logo\":{\"@type\":\"ImageObject\",\"inLanguage\":\"fr-FR\",\"@id\":\"https:\\\/\\\/www.harrisvilledental.ca\\\/#\\\/schema\\\/logo\\\/image\\\/\",\"url\":\"https:\\\/\\\/www.harrisvilledental.ca\\\/wp-content\\\/uploads\\\/2019\\\/05\\\/harrisville-dental-logo_brush.png\",\"contentUrl\":\"https:\\\/\\\/www.harrisvilledental.ca\\\/wp-content\\\/uploads\\\/2019\\\/05\\\/harrisville-dental-logo_brush.png\",\"width\":159,\"height\":50,\"caption\":\"Moncton Dentists\"},\"image\":{\"@id\":\"https:\\\/\\\/www.harrisvilledental.ca\\\/#\\\/schema\\\/logo\\\/image\\\/\"},\"sameAs\":[\"https:\\\/\\\/www.facebook.com\\\/harrisvilledental\\\/\"]}]}<\/script>\n<!-- \/ Yoast SEO plugin. -->","yoast_head_json":{"title":"Greffe gingivale - Moncton Dentists | New Patients Welcome","description":"La greffe gingivale (aussi appel\u00e9e greffe de gencive ou chirurgie plastique parodontale) est un nom collectif qui d\u00e9signe les interventions chirurgicales parodontales visant \u00e0 recouvrir la surface expos\u00e9e d\u2019une racine dentaire avec un tissu buccal greff\u00e9.","robots":{"index":"index","follow":"follow","max-snippet":"max-snippet:-1","max-image-preview":"max-image-preview:large","max-video-preview":"max-video-preview:-1"},"canonical":"https:\/\/www.harrisvilledental.ca\/fr\/services\/parodontie\/greffe-gingivale\/","og_locale":"fr_FR","og_type":"article","og_title":"Greffe gingivale - Moncton Dentists | New Patients Welcome","og_description":"La greffe gingivale (aussi appel\u00e9e greffe de gencive ou chirurgie plastique parodontale) est un nom collectif qui d\u00e9signe les interventions chirurgicales parodontales visant \u00e0 recouvrir la surface expos\u00e9e d\u2019une racine dentaire avec un tissu buccal greff\u00e9.","og_url":"https:\/\/www.harrisvilledental.ca\/fr\/services\/parodontie\/greffe-gingivale\/","og_site_name":"Moncton Dentists | New Patients Welcome","article_publisher":"https:\/\/www.facebook.com\/harrisvilledental\/","article_modified_time":"2019-08-02T00:28:13+00:00","og_image":[{"url":"https:\/\/www.harrisvilledental.ca\/wp-content\/uploads\/2019\/06\/Gingival-Graft-800x300.jpg","type":"","width":"","height":""}],"twitter_card":"summary_large_image","twitter_misc":{"Dur\u00e9e de lecture estim\u00e9e":"2 minutes"},"schema":{"@context":"https:\/\/schema.org","@graph":[{"@type":"WebPage","@id":"https:\/\/www.harrisvilledental.ca\/fr\/services\/parodontie\/greffe-gingivale\/","url":"https:\/\/www.harrisvilledental.ca\/fr\/services\/parodontie\/greffe-gingivale\/","name":"Greffe gingivale - Moncton Dentists | New Patients Welcome","isPartOf":{"@id":"https:\/\/www.harrisvilledental.ca\/#website"},"primaryImageOfPage":{"@id":"https:\/\/www.harrisvilledental.ca\/fr\/services\/parodontie\/greffe-gingivale\/#primaryimage"},"image":{"@id":"https:\/\/www.harrisvilledental.ca\/fr\/services\/parodontie\/greffe-gingivale\/#primaryimage"},"thumbnailUrl":"https:\/\/www.harrisvilledental.ca\/wp-content\/uploads\/2019\/06\/Gingival-Graft-800x300.jpg","datePublished":"2019-05-25T11:43:50+00:00","dateModified":"2019-08-02T00:28:13+00:00","description":"La greffe gingivale (aussi appel\u00e9e greffe de gencive ou chirurgie plastique parodontale) est un nom collectif qui d\u00e9signe les interventions chirurgicales parodontales visant \u00e0 recouvrir la surface expos\u00e9e d\u2019une racine dentaire avec un tissu buccal greff\u00e9.","breadcrumb":{"@id":"https:\/\/www.harrisvilledental.ca\/fr\/services\/parodontie\/greffe-gingivale\/#breadcrumb"},"inLanguage":"fr-FR","potentialAction":[{"@type":"ReadAction","target":["https:\/\/www.harrisvilledental.ca\/fr\/services\/parodontie\/greffe-gingivale\/"]}]},{"@type":"ImageObject","inLanguage":"fr-FR","@id":"https:\/\/www.harrisvilledental.ca\/fr\/services\/parodontie\/greffe-gingivale\/#primaryimage","url":"https:\/\/www.harrisvilledental.ca\/wp-content\/uploads\/2019\/06\/Gingival-Graft-800x300.jpg","contentUrl":"https:\/\/www.harrisvilledental.ca\/wp-content\/uploads\/2019\/06\/Gingival-Graft-800x300.jpg"},{"@type":"BreadcrumbList","@id":"https:\/\/www.harrisvilledental.ca\/fr\/services\/parodontie\/greffe-gingivale\/#breadcrumb","itemListElement":[{"@type":"ListItem","position":1,"name":"Home","item":"https:\/\/www.harrisvilledental.ca\/fr\/"},{"@type":"ListItem","position":2,"name":"Services","item":"https:\/\/www.harrisvilledental.ca\/fr\/services\/"},{"@type":"ListItem","position":3,"name":"Parodontie","item":"https:\/\/www.harrisvilledental.ca\/fr\/services\/parodontie\/"},{"@type":"ListItem","position":4,"name":"Greffe gingivale"}]},{"@type":"WebSite","@id":"https:\/\/www.harrisvilledental.ca\/#website","url":"https:\/\/www.harrisvilledental.ca\/","name":"Moncton Dentists | New Patients Welcome","description":"","publisher":{"@id":"https:\/\/www.harrisvilledental.ca\/#organization"},"potentialAction":[{"@type":"SearchAction","target":{"@type":"EntryPoint","urlTemplate":"https:\/\/www.harrisvilledental.ca\/?s={search_term_string}"},"query-input":{"@type":"PropertyValueSpecification","valueRequired":true,"valueName":"search_term_string"}}],"inLanguage":"fr-FR"},{"@type":"Organization","@id":"https:\/\/www.harrisvilledental.ca\/#organization","name":"Moncton Dentists","url":"https:\/\/www.harrisvilledental.ca\/","logo":{"@type":"ImageObject","inLanguage":"fr-FR","@id":"https:\/\/www.harrisvilledental.ca\/#\/schema\/logo\/image\/","url":"https:\/\/www.harrisvilledental.ca\/wp-content\/uploads\/2019\/05\/harrisville-dental-logo_brush.png","contentUrl":"https:\/\/www.harrisvilledental.ca\/wp-content\/uploads\/2019\/05\/harrisville-dental-logo_brush.png","width":159,"height":50,"caption":"Moncton Dentists"},"image":{"@id":"https:\/\/www.harrisvilledental.ca\/#\/schema\/logo\/image\/"},"sameAs":["https:\/\/www.facebook.com\/harrisvilledental\/"]}]}},"_links":{"self":[{"href":"https:\/\/www.harrisvilledental.ca\/fr\/wp-json\/wp\/v2\/pages\/7969","targetHints":{"allow":["GET"]}}],"collection":[{"href":"https:\/\/www.harrisvilledental.ca\/fr\/wp-json\/wp\/v2\/pages"}],"about":[{"href":"https:\/\/www.harrisvilledental.ca\/fr\/wp-json\/wp\/v2\/types\/page"}],"author":[{"embeddable":true,"href":"https:\/\/www.harrisvilledental.ca\/fr\/wp-json\/wp\/v2\/users\/2"}],"replies":[{"embeddable":true,"href":"https:\/\/www.harrisvilledental.ca\/fr\/wp-json\/wp\/v2\/comments?post=7969"}],"version-history":[{"count":0,"href":"https:\/\/www.harrisvilledental.ca\/fr\/wp-json\/wp\/v2\/pages\/7969\/revisions"}],"up":[{"embeddable":true,"href":"https:\/\/www.harrisvilledental.ca\/fr\/wp-json\/wp\/v2\/pages\/7970"}],"wp:attachment":[{"href":"https:\/\/www.harrisvilledental.ca\/fr\/wp-json\/wp\/v2\/media?parent=7969"}],"curies":[{"name":"wp","href":"https:\/\/api.w.org\/{rel}","templated":true}]}}