{"id":7967,"date":"2019-05-25T08:45:29","date_gmt":"2019-05-25T11:45:29","guid":{"rendered":"https:\/\/www.harrisvilledental.ca\/open-flap-curettage\/"},"modified":"2019-08-01T21:29:04","modified_gmt":"2019-08-02T00:29:04","slug":"curetage-ouvert","status":"publish","type":"page","link":"https:\/\/www.harrisvilledental.ca\/fr\/services\/parodontie\/curetage-ouvert\/","title":{"rendered":"Curetage ouvert"},"content":{"rendered":"<div class=\"fusion-fullwidth fullwidth-box fusion-builder-row-1 nonhundred-percent-fullwidth non-hundred-percent-height-scrolling\" style=\"--awb-border-radius-top-left:0px;--awb-border-radius-top-right:0px;--awb-border-radius-bottom-right:0px;--awb-border-radius-bottom-left:0px;--awb-flex-wrap:wrap;\" ><div class=\"fusion-builder-row fusion-row\"><div class=\"fusion-layout-column fusion_builder_column fusion-builder-column-0 fusion_builder_column_1_1 1_1 fusion-one-full fusion-column-first fusion-column-last\" style=\"--awb-bg-size:cover;\"><div class=\"fusion-column-wrapper fusion-column-has-shadow fusion-flex-column-wrapper-legacy\"><div class=\"fusion-text fusion-text-1\"><h1>Curetage ouvert<\/h1>\n<\/div><div class=\"fusion-text fusion-text-2\"><p>La plastie par lambeaux, aussi appel\u00e9e curetage ouvert, est une proc\u00e9dure r\u00e9alis\u00e9e pour donner acc\u00e8s aux racines dentaires et aux os qui se trouvent sous les tissus gingivaux. Cette intervention \u00e0 effraction minimale permet au dentiste de d\u00e9tartrer les dents en profondeur et d\u2019aplanir les racines o\u00f9 les hygi\u00e9nistes n\u2019ont pas acc\u00e8s.<\/p>\n<p><strong><u>Pourquoi r\u00e9aliser une telle intervention? <\/u><\/strong><\/p>\n<ul>\n<li>Les racines et l\u2019os n\u00e9cessitent un nettoyage en profondeur.<\/li>\n<li>L\u2019os a besoin d\u2019\u00eatre doucement remodel\u00e9 \u00e0 certains endroits o\u00f9 il est devenu irr\u00e9gulier ou in\u00e9gal en raison d\u2019une perte osseuse caus\u00e9e par une maladie parodontale (d\u00e9ficit osseux).<\/li>\n<li>L\u2019os a besoin d\u2019\u00eatre remodel\u00e9 pour exposer une surface dentaire fractur\u00e9e.<\/li>\n<li>Des mat\u00e9riaux sont pos\u00e9s pour essayer de r\u00e9g\u00e9n\u00e9rer le tissu et l\u2019os dans cette r\u00e9gion.<\/li>\n<\/ul>\n<\/div><div class=\"fusion-clearfix\"><\/div><\/div><\/div><\/div><\/div>\n","protected":false},"excerpt":{"rendered":"","protected":false},"author":2,"featured_media":0,"parent":7970,"menu_order":3,"comment_status":"closed","ping_status":"closed","template":"","meta":{"footnotes":""},"class_list":["post-7967","page","type-page","status-publish","hentry"],"yoast_head":"<!-- This site is optimized with the Yoast SEO plugin v27.5 - https:\/\/yoast.com\/product\/yoast-seo-wordpress\/ -->\n<title>Curetage ouvert - Moncton Dentists | New Patients Welcome<\/title>\n<meta name=\"description\" content=\"La plastie par lambeaux, aussi appel\u00e9e curetage ouvert, est une proc\u00e9dure r\u00e9alis\u00e9e pour donner acc\u00e8s aux racines dentaires et aux os qui se trouvent sous les tissus gingivaux.\" \/>\n<meta name=\"robots\" content=\"index, follow, max-snippet:-1, max-image-preview:large, max-video-preview:-1\" \/>\n<link rel=\"canonical\" href=\"https:\/\/www.harrisvilledental.ca\/fr\/services\/parodontie\/curetage-ouvert\/\" \/>\n<meta property=\"og:locale\" content=\"fr_FR\" \/>\n<meta property=\"og:type\" content=\"article\" \/>\n<meta property=\"og:title\" content=\"Curetage ouvert - Moncton Dentists | New Patients Welcome\" \/>\n<meta property=\"og:description\" content=\"La plastie par lambeaux, aussi appel\u00e9e curetage ouvert, est une proc\u00e9dure r\u00e9alis\u00e9e pour donner acc\u00e8s aux racines dentaires et aux os qui se trouvent sous les tissus gingivaux.\" \/>\n<meta property=\"og:url\" content=\"https:\/\/www.harrisvilledental.ca\/fr\/services\/parodontie\/curetage-ouvert\/\" \/>\n<meta property=\"og:site_name\" content=\"Moncton Dentists | New Patients Welcome\" \/>\n<meta property=\"article:publisher\" content=\"https:\/\/www.facebook.com\/harrisvilledental\/\" \/>\n<meta property=\"article:modified_time\" content=\"2019-08-02T00:29:04+00:00\" \/>\n<meta name=\"twitter:card\" content=\"summary_large_image\" \/>\n<meta name=\"twitter:label1\" content=\"Dur\u00e9e de lecture estim\u00e9e\" \/>\n\t<meta name=\"twitter:data1\" content=\"2 minutes\" \/>\n<script type=\"application\/ld+json\" class=\"yoast-schema-graph\">{\"@context\":\"https:\\\/\\\/schema.org\",\"@graph\":[{\"@type\":\"WebPage\",\"@id\":\"https:\\\/\\\/www.harrisvilledental.ca\\\/fr\\\/services\\\/parodontie\\\/curetage-ouvert\\\/\",\"url\":\"https:\\\/\\\/www.harrisvilledental.ca\\\/fr\\\/services\\\/parodontie\\\/curetage-ouvert\\\/\",\"name\":\"Curetage ouvert - Moncton Dentists | New Patients Welcome\",\"isPartOf\":{\"@id\":\"https:\\\/\\\/www.harrisvilledental.ca\\\/#website\"},\"datePublished\":\"2019-05-25T11:45:29+00:00\",\"dateModified\":\"2019-08-02T00:29:04+00:00\",\"description\":\"La plastie par lambeaux, aussi appel\u00e9e curetage ouvert, est une proc\u00e9dure r\u00e9alis\u00e9e pour donner acc\u00e8s aux racines dentaires et aux os qui se trouvent sous les tissus gingivaux.\",\"breadcrumb\":{\"@id\":\"https:\\\/\\\/www.harrisvilledental.ca\\\/fr\\\/services\\\/parodontie\\\/curetage-ouvert\\\/#breadcrumb\"},\"inLanguage\":\"fr-FR\",\"potentialAction\":[{\"@type\":\"ReadAction\",\"target\":[\"https:\\\/\\\/www.harrisvilledental.ca\\\/fr\\\/services\\\/parodontie\\\/curetage-ouvert\\\/\"]}]},{\"@type\":\"BreadcrumbList\",\"@id\":\"https:\\\/\\\/www.harrisvilledental.ca\\\/fr\\\/services\\\/parodontie\\\/curetage-ouvert\\\/#breadcrumb\",\"itemListElement\":[{\"@type\":\"ListItem\",\"position\":1,\"name\":\"Home\",\"item\":\"https:\\\/\\\/www.harrisvilledental.ca\\\/fr\\\/\"},{\"@type\":\"ListItem\",\"position\":2,\"name\":\"Services\",\"item\":\"https:\\\/\\\/www.harrisvilledental.ca\\\/fr\\\/services\\\/\"},{\"@type\":\"ListItem\",\"position\":3,\"name\":\"Parodontie\",\"item\":\"https:\\\/\\\/www.harrisvilledental.ca\\\/fr\\\/services\\\/parodontie\\\/\"},{\"@type\":\"ListItem\",\"position\":4,\"name\":\"Curetage ouvert\"}]},{\"@type\":\"WebSite\",\"@id\":\"https:\\\/\\\/www.harrisvilledental.ca\\\/#website\",\"url\":\"https:\\\/\\\/www.harrisvilledental.ca\\\/\",\"name\":\"Moncton Dentists | New Patients Welcome\",\"description\":\"\",\"publisher\":{\"@id\":\"https:\\\/\\\/www.harrisvilledental.ca\\\/#organization\"},\"potentialAction\":[{\"@type\":\"SearchAction\",\"target\":{\"@type\":\"EntryPoint\",\"urlTemplate\":\"https:\\\/\\\/www.harrisvilledental.ca\\\/?s={search_term_string}\"},\"query-input\":{\"@type\":\"PropertyValueSpecification\",\"valueRequired\":true,\"valueName\":\"search_term_string\"}}],\"inLanguage\":\"fr-FR\"},{\"@type\":\"Organization\",\"@id\":\"https:\\\/\\\/www.harrisvilledental.ca\\\/#organization\",\"name\":\"Moncton Dentists\",\"url\":\"https:\\\/\\\/www.harrisvilledental.ca\\\/\",\"logo\":{\"@type\":\"ImageObject\",\"inLanguage\":\"fr-FR\",\"@id\":\"https:\\\/\\\/www.harrisvilledental.ca\\\/#\\\/schema\\\/logo\\\/image\\\/\",\"url\":\"https:\\\/\\\/www.harrisvilledental.ca\\\/wp-content\\\/uploads\\\/2019\\\/05\\\/harrisville-dental-logo_brush.png\",\"contentUrl\":\"https:\\\/\\\/www.harrisvilledental.ca\\\/wp-content\\\/uploads\\\/2019\\\/05\\\/harrisville-dental-logo_brush.png\",\"width\":159,\"height\":50,\"caption\":\"Moncton Dentists\"},\"image\":{\"@id\":\"https:\\\/\\\/www.harrisvilledental.ca\\\/#\\\/schema\\\/logo\\\/image\\\/\"},\"sameAs\":[\"https:\\\/\\\/www.facebook.com\\\/harrisvilledental\\\/\"]}]}<\/script>\n<!-- \/ Yoast SEO plugin. -->","yoast_head_json":{"title":"Curetage ouvert - Moncton Dentists | New Patients Welcome","description":"La plastie par lambeaux, aussi appel\u00e9e curetage ouvert, est une proc\u00e9dure r\u00e9alis\u00e9e pour donner acc\u00e8s aux racines dentaires et aux os qui se trouvent sous les tissus gingivaux.","robots":{"index":"index","follow":"follow","max-snippet":"max-snippet:-1","max-image-preview":"max-image-preview:large","max-video-preview":"max-video-preview:-1"},"canonical":"https:\/\/www.harrisvilledental.ca\/fr\/services\/parodontie\/curetage-ouvert\/","og_locale":"fr_FR","og_type":"article","og_title":"Curetage ouvert - Moncton Dentists | New Patients Welcome","og_description":"La plastie par lambeaux, aussi appel\u00e9e curetage ouvert, est une proc\u00e9dure r\u00e9alis\u00e9e pour donner acc\u00e8s aux racines dentaires et aux os qui se trouvent sous les tissus gingivaux.","og_url":"https:\/\/www.harrisvilledental.ca\/fr\/services\/parodontie\/curetage-ouvert\/","og_site_name":"Moncton Dentists | New Patients Welcome","article_publisher":"https:\/\/www.facebook.com\/harrisvilledental\/","article_modified_time":"2019-08-02T00:29:04+00:00","twitter_card":"summary_large_image","twitter_misc":{"Dur\u00e9e de lecture estim\u00e9e":"2 minutes"},"schema":{"@context":"https:\/\/schema.org","@graph":[{"@type":"WebPage","@id":"https:\/\/www.harrisvilledental.ca\/fr\/services\/parodontie\/curetage-ouvert\/","url":"https:\/\/www.harrisvilledental.ca\/fr\/services\/parodontie\/curetage-ouvert\/","name":"Curetage ouvert - Moncton Dentists | New Patients Welcome","isPartOf":{"@id":"https:\/\/www.harrisvilledental.ca\/#website"},"datePublished":"2019-05-25T11:45:29+00:00","dateModified":"2019-08-02T00:29:04+00:00","description":"La plastie par lambeaux, aussi appel\u00e9e curetage ouvert, est une proc\u00e9dure r\u00e9alis\u00e9e pour donner acc\u00e8s aux racines dentaires et aux os qui se trouvent sous les tissus gingivaux.","breadcrumb":{"@id":"https:\/\/www.harrisvilledental.ca\/fr\/services\/parodontie\/curetage-ouvert\/#breadcrumb"},"inLanguage":"fr-FR","potentialAction":[{"@type":"ReadAction","target":["https:\/\/www.harrisvilledental.ca\/fr\/services\/parodontie\/curetage-ouvert\/"]}]},{"@type":"BreadcrumbList","@id":"https:\/\/www.harrisvilledental.ca\/fr\/services\/parodontie\/curetage-ouvert\/#breadcrumb","itemListElement":[{"@type":"ListItem","position":1,"name":"Home","item":"https:\/\/www.harrisvilledental.ca\/fr\/"},{"@type":"ListItem","position":2,"name":"Services","item":"https:\/\/www.harrisvilledental.ca\/fr\/services\/"},{"@type":"ListItem","position":3,"name":"Parodontie","item":"https:\/\/www.harrisvilledental.ca\/fr\/services\/parodontie\/"},{"@type":"ListItem","position":4,"name":"Curetage ouvert"}]},{"@type":"WebSite","@id":"https:\/\/www.harrisvilledental.ca\/#website","url":"https:\/\/www.harrisvilledental.ca\/","name":"Moncton Dentists | New Patients Welcome","description":"","publisher":{"@id":"https:\/\/www.harrisvilledental.ca\/#organization"},"potentialAction":[{"@type":"SearchAction","target":{"@type":"EntryPoint","urlTemplate":"https:\/\/www.harrisvilledental.ca\/?s={search_term_string}"},"query-input":{"@type":"PropertyValueSpecification","valueRequired":true,"valueName":"search_term_string"}}],"inLanguage":"fr-FR"},{"@type":"Organization","@id":"https:\/\/www.harrisvilledental.ca\/#organization","name":"Moncton Dentists","url":"https:\/\/www.harrisvilledental.ca\/","logo":{"@type":"ImageObject","inLanguage":"fr-FR","@id":"https:\/\/www.harrisvilledental.ca\/#\/schema\/logo\/image\/","url":"https:\/\/www.harrisvilledental.ca\/wp-content\/uploads\/2019\/05\/harrisville-dental-logo_brush.png","contentUrl":"https:\/\/www.harrisvilledental.ca\/wp-content\/uploads\/2019\/05\/harrisville-dental-logo_brush.png","width":159,"height":50,"caption":"Moncton Dentists"},"image":{"@id":"https:\/\/www.harrisvilledental.ca\/#\/schema\/logo\/image\/"},"sameAs":["https:\/\/www.facebook.com\/harrisvilledental\/"]}]}},"_links":{"self":[{"href":"https:\/\/www.harrisvilledental.ca\/fr\/wp-json\/wp\/v2\/pages\/7967","targetHints":{"allow":["GET"]}}],"collection":[{"href":"https:\/\/www.harrisvilledental.ca\/fr\/wp-json\/wp\/v2\/pages"}],"about":[{"href":"https:\/\/www.harrisvilledental.ca\/fr\/wp-json\/wp\/v2\/types\/page"}],"author":[{"embeddable":true,"href":"https:\/\/www.harrisvilledental.ca\/fr\/wp-json\/wp\/v2\/users\/2"}],"replies":[{"embeddable":true,"href":"https:\/\/www.harrisvilledental.ca\/fr\/wp-json\/wp\/v2\/comments?post=7967"}],"version-history":[{"count":0,"href":"https:\/\/www.harrisvilledental.ca\/fr\/wp-json\/wp\/v2\/pages\/7967\/revisions"}],"up":[{"embeddable":true,"href":"https:\/\/www.harrisvilledental.ca\/fr\/wp-json\/wp\/v2\/pages\/7970"}],"wp:attachment":[{"href":"https:\/\/www.harrisvilledental.ca\/fr\/wp-json\/wp\/v2\/media?parent=7967"}],"curies":[{"name":"wp","href":"https:\/\/api.w.org\/{rel}","templated":true}]}}